{"id":159131,"date":"2025-12-19T00:26:23","date_gmt":"2025-12-18T21:26:23","guid":{"rendered":"https:\/\/baldumarket.lt\/product\/szafka-kuchenna-dolna-2d-sorento-d60t-p-l-ax-puccini-bezowy-mat\/"},"modified":"2026-02-18T11:14:36","modified_gmt":"2026-02-18T08:14:36","slug":"szafka-kuchenna-dolna-2d-sorento-d60t-p-l-ax-puccini-bezowy-mat","status":"publish","type":"product","link":"https:\/\/baldumarket.lt\/lt\/product\/szafka-kuchenna-dolna-2d-sorento-d60t-p-l-ax-puccini-bezowy-mat\/","title":{"rendered":"Apatin\u0117 virtuv\u0117s spintel\u0117 2D Sorento D60T P\/L AX Puccini matin\u0117s sm\u0117lio spalvos"},"content":{"rendered":"<p>Atraskite modernumo \u017eaves\u012f, slypint\u012f \u201eSorento D60T Puccini Matte Beige\u201c virtuv\u0117s spintel\u0117je \u2013 tobulame stiliaus ir funkcionalumo derinyje. \u0160is unikalus baldas traukia d\u0117mes\u012f subtiliais, matin\u0117s sm\u0117lio spalvos fasadais, kurie puikiai dera su \u201ePuccini\u201c korpusu. Juodos metalin\u0117s ranken\u0117l\u0117s suteikia i\u0161skirtinumo, pabr\u0117\u017eiant modern\u0173 j\u016bs\u0173 virtuv\u0117s charakter\u012f. \u201eSorento\u201c apatin\u0117 spintel\u0117 yra ne tik ry\u0161kus j\u016bs\u0173 interjero papildymas, bet ir prakti\u0161kas sprendimas kasdieniams poreikiams. Viduje rasite erdv\u0119, suprojektuot\u0105 atsi\u017evelgiant \u012f j\u016bs\u0173 patogum\u0105. Penki vidiniai pilno i\u0161traukimo stal\u010diai leid\u017eia lengvai pasiekti laikomus daiktus, o j\u0173 keliamoji galia iki 40 kg daro kiekvien\u0105 stal\u010di\u0173 patvar\u0173 ir funkcional\u0173. D\u0117l \u0161velniai u\u017esidaran\u010di\u0173 \u201eClip-On\u201c vyri\u0173 ir vyri\u0173, kuri\u0173 atidarymo kampas yra 155\u00b0, naudotis spintele yra ne\u012ftik\u0117tinai patogu. Reguliuojamos kojel\u0117s leid\u017eia reguliuoti auk\u0161t\u012f pagal savo poreikius, u\u017etikrinant stabilum\u0105 ir estetik\u0105 kiekvienoje detal\u0117je. Net ir ma\u017eiausios detal\u0117s buvo apgalvotos, kad b\u016bt\u0173 u\u017etikrintas pasitenkinimas ir komfortas kasdienio naudojimo metu.<\/p>","protected":false},"excerpt":{"rendered":"<p>Plotis (cm): 60<br \/>\n\u016agis (cm): 247<br \/>\nGylis (cm): 58<\/p>","protected":false},"featured_media":159132,"comment_status":"open","ping_status":"open","template":"","meta":[],"product_brand":[],"product_cat":[9436,4106],"product_tag":[],"class_list":{"0":"post-159131","1":"product","2":"type-product","3":"status-publish","4":"has-post-thumbnail","6":"product_cat-kitchen-system-sorento","7":"product_cat-gala-meble","9":"first","10":"instock","11":"purchasable","12":"product-type-simple"},"_links":{"self":[{"href":"https:\/\/baldumarket.lt\/lt\/wp-json\/wp\/v2\/product\/159131","targetHints":{"allow":["GET"]}}],"collection":[{"href":"https:\/\/baldumarket.lt\/lt\/wp-json\/wp\/v2\/product"}],"about":[{"href":"https:\/\/baldumarket.lt\/lt\/wp-json\/wp\/v2\/types\/product"}],"replies":[{"embeddable":true,"href":"https:\/\/baldumarket.lt\/lt\/wp-json\/wp\/v2\/comments?post=159131"}],"wp:featuredmedia":[{"embeddable":true,"href":"https:\/\/baldumarket.lt\/lt\/wp-json\/wp\/v2\/media\/159132"}],"wp:attachment":[{"href":"https:\/\/baldumarket.lt\/lt\/wp-json\/wp\/v2\/media?parent=159131"}],"wp:term":[{"taxonomy":"product_brand","embeddable":true,"href":"https:\/\/baldumarket.lt\/lt\/wp-json\/wp\/v2\/product_brand?post=159131"},{"taxonomy":"product_cat","embeddable":true,"href":"https:\/\/baldumarket.lt\/lt\/wp-json\/wp\/v2\/product_cat?post=159131"},{"taxonomy":"product_tag","embeddable":true,"href":"https:\/\/baldumarket.lt\/lt\/wp-json\/wp\/v2\/product_tag?post=159131"}],"curies":[{"name":"wp","href":"https:\/\/api.w.org\/{rel}","templated":true}]}}