{"id":159126,"date":"2025-12-19T00:26:14","date_gmt":"2025-12-18T21:26:14","guid":{"rendered":"https:\/\/baldumarket.lt\/product\/szafka-kuchenna-dolna-2d-sorento-d60t-p-l-ax-puccini-bialy-mat-ramka\/"},"modified":"2026-02-18T11:14:36","modified_gmt":"2026-02-18T08:14:36","slug":"szafka-kuchenna-dolna-2d-sorento-d60t-p-l-ax-puccini-bialy-mat-ramka","status":"publish","type":"product","link":"https:\/\/baldumarket.lt\/lt\/product\/szafka-kuchenna-dolna-2d-sorento-d60t-p-l-ax-puccini-bialy-mat-ramka\/","title":{"rendered":"Apatin\u0117 virtuv\u0117s spintel\u0117 2D Sorento D60T P\/L AX Puccini matin\u0117s baltos spalvos r\u0117meliu"},"content":{"rendered":"<p>\u201eSorento 2-D\u201c apatin\u0117 virtuv\u0117s spintel\u0117 yra tikras perlas bet kurioje modernioje virtuv\u0117je, kurioje dera eleganti\u0161kas dizainas ir i\u0161skirtinis funkcionalumas. Blizgus, matin\u0117s baltos spalvos priekis, pagamintas i\u0161 auk\u0161\u010diausios kokyb\u0117s MDF, suteikia interjerui lengvumo ir modernumo. Kartu su kontrastingos Puccini spalvos korpusu \u0161i spintel\u0117 tampa unikalia j\u016bs\u0173 nam\u0173 puo\u0161mena, pritraukian\u010dia d\u0117mes\u012f ir papildan\u010dia bet kurio kambario interjer\u0105. D\u0117l tvirt\u0173 aukso spalvos metalini\u0173 ranken\u0117li\u0173 \u201eSorento\u201c spintel\u0117 spinduliuoja prabanga ir elegancija, deran\u010dia su \u0161iuolaikin\u0117mis interjero dizaino tendencijomis. Kiekvienas dureli\u0173 atidarymas yra grynas malonumas d\u0117l \u0161velniai u\u017esidaran\u010di\u0173 vyri\u0173, kurie u\u017etikrina tyl\u0173 veikim\u0105 ir apsaugo j\u016bs\u0173 baldus nuo pa\u017eeidim\u0173. \u0160is sprendimas atitinka \u0161iuolaikinius standartus, derindamas gro\u017e\u012f ir prakti\u0161kum\u0105. Po pavir\u0161iumi, u\u017e tobulai apdailint\u0173 fasad\u0173, pasl\u0117pta novatori\u0161ka daikt\u0173 laikymo sistema. Komplekte yra penki prakti\u0161ki, pilno i\u0161traukimo stal\u010diai, leid\u017eiantys lengvai pasiekti visus laikomus daiktus. Tai daugiau nei tik daikt\u0173 laikymo vieta \u2013 tai vieta, kuri padeda i\u0161likti organizuotam ir tvarkingam. Be to, trys papildomos lentynos suteikia dar daugiau galimybi\u0173.<\/p>","protected":false},"excerpt":{"rendered":"<p>Plotis (cm): 60<br \/>\n\u016agis (cm): 247<br \/>\nGylis (cm): 58<\/p>","protected":false},"featured_media":159127,"comment_status":"open","ping_status":"open","template":"","meta":[],"product_brand":[],"product_cat":[9436,4106],"product_tag":[],"class_list":{"0":"post-159126","1":"product","2":"type-product","3":"status-publish","4":"has-post-thumbnail","6":"product_cat-kitchen-system-sorento","7":"product_cat-gala-meble","9":"first","10":"instock","11":"purchasable","12":"product-type-simple"},"_links":{"self":[{"href":"https:\/\/baldumarket.lt\/lt\/wp-json\/wp\/v2\/product\/159126","targetHints":{"allow":["GET"]}}],"collection":[{"href":"https:\/\/baldumarket.lt\/lt\/wp-json\/wp\/v2\/product"}],"about":[{"href":"https:\/\/baldumarket.lt\/lt\/wp-json\/wp\/v2\/types\/product"}],"replies":[{"embeddable":true,"href":"https:\/\/baldumarket.lt\/lt\/wp-json\/wp\/v2\/comments?post=159126"}],"wp:featuredmedia":[{"embeddable":true,"href":"https:\/\/baldumarket.lt\/lt\/wp-json\/wp\/v2\/media\/159127"}],"wp:attachment":[{"href":"https:\/\/baldumarket.lt\/lt\/wp-json\/wp\/v2\/media?parent=159126"}],"wp:term":[{"taxonomy":"product_brand","embeddable":true,"href":"https:\/\/baldumarket.lt\/lt\/wp-json\/wp\/v2\/product_brand?post=159126"},{"taxonomy":"product_cat","embeddable":true,"href":"https:\/\/baldumarket.lt\/lt\/wp-json\/wp\/v2\/product_cat?post=159126"},{"taxonomy":"product_tag","embeddable":true,"href":"https:\/\/baldumarket.lt\/lt\/wp-json\/wp\/v2\/product_tag?post=159126"}],"curies":[{"name":"wp","href":"https:\/\/api.w.org\/{rel}","templated":true}]}}