{"id":159121,"date":"2025-12-19T00:26:04","date_gmt":"2025-12-18T21:26:04","guid":{"rendered":"https:\/\/baldumarket.lt\/product\/szafka-kuchenna-dolna-2d-sorento-d60t-p-l-ax-puccini-green\/"},"modified":"2026-02-18T11:14:36","modified_gmt":"2026-02-18T08:14:36","slug":"szafka-kuchenna-dolna-2d-sorento-d60t-p-l-ax-puccini-green","status":"publish","type":"product","link":"https:\/\/baldumarket.lt\/lt\/product\/szafka-kuchenna-dolna-2d-sorento-d60t-p-l-ax-puccini-green\/","title":{"rendered":"Apatin\u0117 virtuv\u0117s spintel\u0117 2D Sorento D60T P\/L AX Puccini \u017ealia"},"content":{"rendered":"<p>Atraskite eleganti\u0161ko stiliaus magij\u0105 su m\u016bs\u0173 \u201eSorento D60T\u201c apatine virtuv\u0117s spintele \u201ePuccini Green\u201c spalvos \u2013 tikra j\u016bs\u0173 virtuv\u0117s puo\u0161mena. \u017dalias priekis kartu su stilingu \u201ePuccini\u201c korpusu suteikia j\u016bs\u0173 interjerui unikal\u0173, modern\u0173 charakter\u012f, \u012fne\u0161a gaivumo ir dizaino dvelksm\u0105. \u0160i spintel\u0117 pritrauks kiekvieno sve\u010dio ak\u012f, sukurdama harmoning\u0105 visum\u0105 su kitais baldais. U\u017etikrinkite prakti\u0161kum\u0105 ir patogum\u0105 savo virtuv\u0117je su \u0161iais sprendimais. Pilno i\u0161traukimo stal\u010diai, kuri\u0173 keliamoji galia siekia iki 40 kg, ne tik suteikia daugiau vietos svarbiausiems virtuv\u0117s priedams, bet ir palengvina erdv\u0117s organizavim\u0105. Visa tai d\u0117ka tyli\u0173 \u201eClip-On\u201c vyri\u0173, kurie leid\u017eia \u0161velniai atidaryti ir u\u017edaryti, pa\u0161alinant nereikaling\u0105 triuk\u0161m\u0105. Tvirta laminuotos plok\u0161t\u0117s konstrukcija garantuoja atsparum\u0105 pa\u017eeidimams ir ilgaam\u017ei\u0161kum\u0105. Spintel\u0117 turi reguliuojamas kojeles, kurios leid\u017eia j\u0105 pritaikyti prie nelygi\u0173 pavir\u0161i\u0173, u\u017etikrinant stabilum\u0105 ir tobul\u0105 pusiausvyr\u0105. Klasikin\u0117s juodos spalvos metalin\u0117 rankena suteikia elegancijos ir patogumo naudoti, derindama funkcionalum\u0105 ir estetik\u0105.<\/p>","protected":false},"excerpt":{"rendered":"<p>Plotis (cm): 60<br \/>\n\u016agis (cm): 247<br \/>\nGylis (cm): 58<\/p>","protected":false},"featured_media":159122,"comment_status":"open","ping_status":"open","template":"","meta":[],"product_brand":[],"product_cat":[9436,4106],"product_tag":[],"class_list":{"0":"post-159121","1":"product","2":"type-product","3":"status-publish","4":"has-post-thumbnail","6":"product_cat-kitchen-system-sorento","7":"product_cat-gala-meble","9":"first","10":"instock","11":"purchasable","12":"product-type-simple"},"_links":{"self":[{"href":"https:\/\/baldumarket.lt\/lt\/wp-json\/wp\/v2\/product\/159121","targetHints":{"allow":["GET"]}}],"collection":[{"href":"https:\/\/baldumarket.lt\/lt\/wp-json\/wp\/v2\/product"}],"about":[{"href":"https:\/\/baldumarket.lt\/lt\/wp-json\/wp\/v2\/types\/product"}],"replies":[{"embeddable":true,"href":"https:\/\/baldumarket.lt\/lt\/wp-json\/wp\/v2\/comments?post=159121"}],"wp:featuredmedia":[{"embeddable":true,"href":"https:\/\/baldumarket.lt\/lt\/wp-json\/wp\/v2\/media\/159122"}],"wp:attachment":[{"href":"https:\/\/baldumarket.lt\/lt\/wp-json\/wp\/v2\/media?parent=159121"}],"wp:term":[{"taxonomy":"product_brand","embeddable":true,"href":"https:\/\/baldumarket.lt\/lt\/wp-json\/wp\/v2\/product_brand?post=159121"},{"taxonomy":"product_cat","embeddable":true,"href":"https:\/\/baldumarket.lt\/lt\/wp-json\/wp\/v2\/product_cat?post=159121"},{"taxonomy":"product_tag","embeddable":true,"href":"https:\/\/baldumarket.lt\/lt\/wp-json\/wp\/v2\/product_tag?post=159121"}],"curies":[{"name":"wp","href":"https:\/\/api.w.org\/{rel}","templated":true}]}}