{"id":159116,"date":"2025-12-19T00:25:53","date_gmt":"2025-12-18T21:25:53","guid":{"rendered":"https:\/\/baldumarket.lt\/product\/szafka-kuchenna-dolna-2d-sorento-d60zln-p-l-baltic-storm-bezowy-mat\/"},"modified":"2026-02-18T11:14:36","modified_gmt":"2026-02-18T08:14:36","slug":"szafka-kuchenna-dolna-2d-sorento-d60zln-p-l-baltic-storm-bezowy-mat","status":"publish","type":"product","link":"https:\/\/baldumarket.lt\/lt\/product\/szafka-kuchenna-dolna-2d-sorento-d60zln-p-l-baltic-storm-bezowy-mat\/","title":{"rendered":"Apatin\u0117 virtuv\u0117s spintel\u0117 2D Sorento D60ZLN P\/L Baltic Storm Beige Matte"},"content":{"rendered":"<p>Dviej\u0173 dur\u0173 apatin\u0117 virtuv\u0117s spintel\u0117 \u201eSorento D60ZLN\u201c \u2013 tai unikalus modernaus dizaino ir funkcionalumo derinys, puikiai tinkantis moderni\u0173 virtuvi\u0173 poreikiams. Matin\u0117s sm\u0117lio spalvos fasadai suteikia interjerui \u0161ilt\u0105, sant\u016br\u0173 elegancij\u0105, o \u201eBaltic Storm\u201c korpusas suteikia erdvei unikal\u0173 charakter\u012f. \u0160is spalv\u0173 derinys paver\u010dia spintel\u0119 bet kurios virtuv\u0117s traukos centru, pritraukian\u010diu d\u0117mes\u012f ir suteikian\u010diu modernumo. Spintel\u0117s funkcionalumas sukurtas atsi\u017evelgiant \u012f kasdienius poreikius. Reguliuojamos 15 cm kojel\u0117s leid\u017eia reguliuoti jos auk\u0161t\u012f pagal savo poreikius, o tai itin prakti\u0161ka montuojant virtuv\u0117s baldus. \u0160velnaus u\u017edarymo sistema su \u201eClip-On\u201c vyriais u\u017etikrina komfort\u0105, nes neleid\u017eia garsiai trankytis durel\u0117ms, tod\u0117l ji idealiai tinka \u0161eimoms su vaikais arba tiems, kurie m\u0117gsta rami\u0105 virtuv\u0119. Kontrastingos juodos metalin\u0117s rankenos ne tik suteikia elegancijos, bet ir yra ergonomi\u0161kos, tod\u0117l dureles lengviau atidaryti ir u\u017edaryti. Tvirta konstrukcija, pagaminta i\u0161 laminuotos plok\u0161t\u0117s, garantuoja ilgaam\u017ei\u0161kum\u0105, o eleganti\u0161kas pavir\u0161ius yra atsparus \u012fbr\u0117\u017eimams ir lengvai valomas. \u0160is baldas savo patvarumu ir stiliumi prad\u017eiugins net ir i\u0161rankiausius estetus.<\/p>","protected":false},"excerpt":{"rendered":"<p>Plotis (cm): 60<br \/>\n\u016agis (cm): 247<br \/>\nGylis (cm): 58<\/p>","protected":false},"featured_media":159117,"comment_status":"open","ping_status":"open","template":"","meta":[],"product_brand":[],"product_cat":[9436,4106],"product_tag":[],"class_list":{"0":"post-159116","1":"product","2":"type-product","3":"status-publish","4":"has-post-thumbnail","6":"product_cat-kitchen-system-sorento","7":"product_cat-gala-meble","9":"first","10":"instock","11":"purchasable","12":"product-type-simple"},"_links":{"self":[{"href":"https:\/\/baldumarket.lt\/lt\/wp-json\/wp\/v2\/product\/159116","targetHints":{"allow":["GET"]}}],"collection":[{"href":"https:\/\/baldumarket.lt\/lt\/wp-json\/wp\/v2\/product"}],"about":[{"href":"https:\/\/baldumarket.lt\/lt\/wp-json\/wp\/v2\/types\/product"}],"replies":[{"embeddable":true,"href":"https:\/\/baldumarket.lt\/lt\/wp-json\/wp\/v2\/comments?post=159116"}],"wp:featuredmedia":[{"embeddable":true,"href":"https:\/\/baldumarket.lt\/lt\/wp-json\/wp\/v2\/media\/159117"}],"wp:attachment":[{"href":"https:\/\/baldumarket.lt\/lt\/wp-json\/wp\/v2\/media?parent=159116"}],"wp:term":[{"taxonomy":"product_brand","embeddable":true,"href":"https:\/\/baldumarket.lt\/lt\/wp-json\/wp\/v2\/product_brand?post=159116"},{"taxonomy":"product_cat","embeddable":true,"href":"https:\/\/baldumarket.lt\/lt\/wp-json\/wp\/v2\/product_cat?post=159116"},{"taxonomy":"product_tag","embeddable":true,"href":"https:\/\/baldumarket.lt\/lt\/wp-json\/wp\/v2\/product_tag?post=159116"}],"curies":[{"name":"wp","href":"https:\/\/api.w.org\/{rel}","templated":true}]}}