{"id":159111,"date":"2025-12-19T00:25:43","date_gmt":"2025-12-18T21:25:43","guid":{"rendered":"https:\/\/baldumarket.lt\/product\/szafka-kuchenna-dolna-2d-sorento-d60zln-p-l-bialy-mat-puccini\/"},"modified":"2026-02-18T11:14:36","modified_gmt":"2026-02-18T08:14:36","slug":"szafka-kuchenna-dolna-2d-sorento-d60zln-p-l-bialy-mat-puccini","status":"publish","type":"product","link":"https:\/\/baldumarket.lt\/lt\/product\/szafka-kuchenna-dolna-2d-sorento-d60zln-p-l-bialy-mat-puccini\/","title":{"rendered":"Apatin\u0117 virtuv\u0117s spintel\u0117 2D Sorento D60ZLN P\/L matin\u0117s baltos spalvos Puccini"},"content":{"rendered":"<p>Suteikite savo virtuvei elegancijos ir modernumo su garsaus \u201eGa\u0142a Meble\u201c prek\u0117s \u017eenklo \u201eSorento D60ZLN\u201c apatine spintele, kurios spalva \u2013 \u201ePuccini White Matte\u201c. \u0160is baldas yra ne tik prakti\u0161kas sprendimas bet kuriai virtuvei, bet ir i\u0161skirtinai esteti\u0161kas papildymas, pabr\u0117\u0161iantis j\u016bs\u0173 erdv\u0117s stili\u0173 ir charakter\u012f. Apgalvotas dizainas ir minimalistin\u0117s, juodos metalin\u0117s rankenos suteikia jam unikal\u0173 charakter\u012f. \u012esivaizduokite virtuv\u0119, kurioje organizuotumas ir funkcionalumas dera su elegancija. \u201eSorento\u201c spintel\u0117 buvo sukurta atsi\u017evelgiant \u012f maksimal\u0173 erdv\u0117s i\u0161naudojim\u0105, tod\u0117l tai puikus pasirinkimas moderniam interjerui. Laminuota plok\u0161t\u0117, naudojama fasadams ir korpusui, yra ne tik esteti\u0161kai patraukli, bet ir atspari pa\u017eeidimams, tod\u0117l spintel\u0117 daugel\u012f met\u0173 atrodys kaip nauja. D\u0117l tyli\u0173 vyri\u0173 ir reguliuojam\u0173 kojeli\u0173 \u201eSorento\u201c spintel\u0117 suteikia neprilygstam\u0105 naudojimo komfort\u0105. \u0160velnaus u\u017edarymo funkcija apsaugo nuo nepageidaujamo triuk\u0161mo, o reguliuojamos kojel\u0117s leid\u017eia reguliuoti auk\u0161t\u012f pagal individualius poreikius ir pageidavimus. Tai idealus sprendimas ne tik \u0161eimyniniams namams, bet ir tiems, kurie vertina savo nam\u0173 ramyb\u0119 ir tyl\u0105.<\/p>","protected":false},"excerpt":{"rendered":"<p>Plotis (cm): 60<br \/>\n\u016agis (cm): 247<br \/>\nGylis (cm): 58<\/p>","protected":false},"featured_media":159112,"comment_status":"open","ping_status":"open","template":"","meta":[],"product_brand":[],"product_cat":[9436,4106],"product_tag":[],"class_list":{"0":"post-159111","1":"product","2":"type-product","3":"status-publish","4":"has-post-thumbnail","6":"product_cat-kitchen-system-sorento","7":"product_cat-gala-meble","9":"first","10":"instock","11":"purchasable","12":"product-type-simple"},"_links":{"self":[{"href":"https:\/\/baldumarket.lt\/lt\/wp-json\/wp\/v2\/product\/159111","targetHints":{"allow":["GET"]}}],"collection":[{"href":"https:\/\/baldumarket.lt\/lt\/wp-json\/wp\/v2\/product"}],"about":[{"href":"https:\/\/baldumarket.lt\/lt\/wp-json\/wp\/v2\/types\/product"}],"replies":[{"embeddable":true,"href":"https:\/\/baldumarket.lt\/lt\/wp-json\/wp\/v2\/comments?post=159111"}],"wp:featuredmedia":[{"embeddable":true,"href":"https:\/\/baldumarket.lt\/lt\/wp-json\/wp\/v2\/media\/159112"}],"wp:attachment":[{"href":"https:\/\/baldumarket.lt\/lt\/wp-json\/wp\/v2\/media?parent=159111"}],"wp:term":[{"taxonomy":"product_brand","embeddable":true,"href":"https:\/\/baldumarket.lt\/lt\/wp-json\/wp\/v2\/product_brand?post=159111"},{"taxonomy":"product_cat","embeddable":true,"href":"https:\/\/baldumarket.lt\/lt\/wp-json\/wp\/v2\/product_cat?post=159111"},{"taxonomy":"product_tag","embeddable":true,"href":"https:\/\/baldumarket.lt\/lt\/wp-json\/wp\/v2\/product_tag?post=159111"}],"curies":[{"name":"wp","href":"https:\/\/api.w.org\/{rel}","templated":true}]}}