{"id":159106,"date":"2025-12-19T00:25:33","date_gmt":"2025-12-18T21:25:33","guid":{"rendered":"https:\/\/baldumarket.lt\/product\/szafka-kuchenna-dolna-2d-sorento-d80-baltic-storm\/"},"modified":"2026-02-18T11:14:20","modified_gmt":"2026-02-18T08:14:20","slug":"szafka-kuchenna-dolna-2d-sorento-d80-baltic-storm","status":"publish","type":"product","link":"https:\/\/baldumarket.lt\/lt\/product\/szafka-kuchenna-dolna-2d-sorento-d80-baltic-storm\/","title":{"rendered":"Apatin\u0117 virtuv\u0117s spintel\u0117 2D Sorento D80 Baltic Storm"},"content":{"rendered":"<p>Atraskite \u201eSorento D80\u201c apatin\u0117s 2-D virtuv\u0117s spintel\u0117s \u201eBaltic Storm\u201c elegancij\u0105 ir funkcionalum\u0105, kuri suteiks j\u016bs\u0173 virtuvei modernumo. Sukurta galvojant apie paprast\u0105 naudojim\u0105, \u0161i spintel\u0117 yra estetikos ir prakti\u0161kumo harmonija. Minimalistinis dizainas ir prislopintos spalvos puikiai papildo \u012fvairius interjerus, suteikdamos unikalumo. Pagaminta i\u0161 auk\u0161tos kokyb\u0117s laminuotos plok\u0161t\u0117s, \u0161i spintel\u0117 yra ne tik esteti\u0161kai patraukli, bet ir atspari pa\u017eeidimams. D\u0117l patvari\u0173 med\u017eiag\u0173 naudojimo galite b\u016bti tikri, kad ji daugel\u012f met\u0173 i\u0161laikys gra\u017ei\u0105 i\u0161vaizd\u0105. Auk\u0161tos, reguliuojamos 15 cm kojel\u0117s ne tik pakelia spintel\u0119, bet ir padeda palaikyti tvark\u0105 bei \u0161var\u0105 apa\u010dioje, tod\u0117l ji tampa funkcionaliu j\u016bs\u0173 virtuv\u0117s elementu. \u201eSorento D80\u201c apatin\u0117 spintel\u0117 suteikia patogi\u0105 prieig\u0105 prie m\u0117gstam\u0173 virtuv\u0117s reikmen\u0173 ir tuo pa\u010diu u\u017etikrina stiling\u0105 daikt\u0173 laikym\u0105. \u0160velniai u\u017esidarantys \u201eClip-On\u201c vyriai yra papildomas privalumas, u\u017etikrinantis, kad kasdienis spintel\u0117s naudojimas bus itin patogus ir be streso. Juodos metalin\u0117s rankenos suteikia modernumo, tod\u0117l \u0161i spintel\u0117 yra idealus pasirinkimas tiems, kurie ie\u0161ko funkcionalumo su eleganti\u0161ku akcentu.<\/p>","protected":false},"excerpt":{"rendered":"<p>Plotis (cm): 80<br \/>\n\u016agis (cm): 87<br \/>\nGylis (cm): 52<\/p>","protected":false},"featured_media":159107,"comment_status":"open","ping_status":"open","template":"","meta":[],"product_brand":[],"product_cat":[9436,4106],"product_tag":[],"class_list":{"0":"post-159106","1":"product","2":"type-product","3":"status-publish","4":"has-post-thumbnail","6":"product_cat-kitchen-system-sorento","7":"product_cat-gala-meble","9":"first","10":"instock","11":"purchasable","12":"product-type-simple"},"_links":{"self":[{"href":"https:\/\/baldumarket.lt\/lt\/wp-json\/wp\/v2\/product\/159106","targetHints":{"allow":["GET"]}}],"collection":[{"href":"https:\/\/baldumarket.lt\/lt\/wp-json\/wp\/v2\/product"}],"about":[{"href":"https:\/\/baldumarket.lt\/lt\/wp-json\/wp\/v2\/types\/product"}],"replies":[{"embeddable":true,"href":"https:\/\/baldumarket.lt\/lt\/wp-json\/wp\/v2\/comments?post=159106"}],"wp:featuredmedia":[{"embeddable":true,"href":"https:\/\/baldumarket.lt\/lt\/wp-json\/wp\/v2\/media\/159107"}],"wp:attachment":[{"href":"https:\/\/baldumarket.lt\/lt\/wp-json\/wp\/v2\/media?parent=159106"}],"wp:term":[{"taxonomy":"product_brand","embeddable":true,"href":"https:\/\/baldumarket.lt\/lt\/wp-json\/wp\/v2\/product_brand?post=159106"},{"taxonomy":"product_cat","embeddable":true,"href":"https:\/\/baldumarket.lt\/lt\/wp-json\/wp\/v2\/product_cat?post=159106"},{"taxonomy":"product_tag","embeddable":true,"href":"https:\/\/baldumarket.lt\/lt\/wp-json\/wp\/v2\/product_tag?post=159106"}],"curies":[{"name":"wp","href":"https:\/\/api.w.org\/{rel}","templated":true}]}}