{"id":159096,"date":"2025-12-19T00:25:13","date_gmt":"2025-12-18T21:25:13","guid":{"rendered":"https:\/\/baldumarket.lt\/product\/szafka-kuchenna-dolna-2d-sorento-d80-baltic-storm-green\/"},"modified":"2026-02-18T11:14:20","modified_gmt":"2026-02-18T08:14:20","slug":"szafka-kuchenna-dolna-2d-sorento-d80-baltic-storm-green","status":"publish","type":"product","link":"https:\/\/baldumarket.lt\/lt\/product\/szafka-kuchenna-dolna-2d-sorento-d80-baltic-storm-green\/","title":{"rendered":"Apatin\u0117 2D virtuv\u0117s spintel\u0117 Sorento D80, \u201eBaltic Storm Green\u201c"},"content":{"rendered":"<p>Pristatome \u201eSorento D80\u201c virtuv\u0117s spintel\u0119 \u2013 tikr\u0105 modernaus virtuv\u0117s dizaino perl\u0105. Eleganti\u0161ka spalv\u0173 gama, kurioje derinamas matinis \u017ealias fasadas su eleganti\u0161ku \u201eBaltic Storm\u201c atspalviu, traukia ak\u012f ir dera su daugeliu interjero stili\u0173. Tai ne tik baldas, bet ir dekoratyvinis elementas, suteiksiantis j\u016bs\u0173 virtuvei unikal\u0173 charakter\u012f. \u0160iame gaminyje funkcionalumas ir estetika dera tarpusavyje. D\u0117l prakti\u0161k\u0173 juodo metalo ranken\u0173 spintel\u0117s atidarymas yra tikras malonumas. Auk\u0161tos, reguliuojamo auk\u0161\u010dio kojel\u0117s u\u017etikrina ne tik stabilum\u0105, bet ir lengv\u0105 valym\u0105 po spintele. Reguliuojamos kojel\u0117s nuo 15 iki 17 cm leid\u017eia spintelei lengvai prisitaikyti prie j\u016bs\u0173 poreiki\u0173, sukuriant funkcionali\u0105 ir eleganti\u0161k\u0105 erdv\u0119. \u0160i virtuv\u0117s spintel\u0117 sukurta atsi\u017evelgiant \u012f komfort\u0105. U\u017esegami vyriai su \u0161velnaus u\u017edarymo mechanizmu u\u017etikrina skland\u0173 ir tyl\u0173 dureli\u0173 u\u017edarym\u0105, u\u017etikrindami komfort\u0105 kasdien naudojant. Tvirta konstrukcija, pagaminta i\u0161 laminuotos plok\u0161t\u0117s, daro \u0161\u012f bald\u0105 ne tik esteti\u0161kai patraukl\u0173, bet svarbiausia, patvar\u0173 ir atspar\u0173 pa\u017eeidimams, o tai labai svarbu intensyviai naudojamose virtuv\u0117s erdv\u0117se.<\/p>","protected":false},"excerpt":{"rendered":"<p>Plotis (cm): 80<br \/>\n\u016agis (cm): 87<br \/>\nGylis (cm): 52<\/p>","protected":false},"featured_media":159097,"comment_status":"open","ping_status":"open","template":"","meta":[],"product_brand":[],"product_cat":[9436,4106],"product_tag":[],"class_list":{"0":"post-159096","1":"product","2":"type-product","3":"status-publish","4":"has-post-thumbnail","6":"product_cat-kitchen-system-sorento","7":"product_cat-gala-meble","9":"first","10":"instock","11":"purchasable","12":"product-type-simple"},"_links":{"self":[{"href":"https:\/\/baldumarket.lt\/lt\/wp-json\/wp\/v2\/product\/159096","targetHints":{"allow":["GET"]}}],"collection":[{"href":"https:\/\/baldumarket.lt\/lt\/wp-json\/wp\/v2\/product"}],"about":[{"href":"https:\/\/baldumarket.lt\/lt\/wp-json\/wp\/v2\/types\/product"}],"replies":[{"embeddable":true,"href":"https:\/\/baldumarket.lt\/lt\/wp-json\/wp\/v2\/comments?post=159096"}],"wp:featuredmedia":[{"embeddable":true,"href":"https:\/\/baldumarket.lt\/lt\/wp-json\/wp\/v2\/media\/159097"}],"wp:attachment":[{"href":"https:\/\/baldumarket.lt\/lt\/wp-json\/wp\/v2\/media?parent=159096"}],"wp:term":[{"taxonomy":"product_brand","embeddable":true,"href":"https:\/\/baldumarket.lt\/lt\/wp-json\/wp\/v2\/product_brand?post=159096"},{"taxonomy":"product_cat","embeddable":true,"href":"https:\/\/baldumarket.lt\/lt\/wp-json\/wp\/v2\/product_cat?post=159096"},{"taxonomy":"product_tag","embeddable":true,"href":"https:\/\/baldumarket.lt\/lt\/wp-json\/wp\/v2\/product_tag?post=159096"}],"curies":[{"name":"wp","href":"https:\/\/api.w.org\/{rel}","templated":true}]}}