{"id":159091,"date":"2025-12-19T00:25:03","date_gmt":"2025-12-18T21:25:03","guid":{"rendered":"https:\/\/baldumarket.lt\/product\/szafka-kuchenna-dolna-2d-sorento-d80-bialy-green\/"},"modified":"2026-02-18T11:14:20","modified_gmt":"2026-02-18T08:14:20","slug":"szafka-kuchenna-dolna-2d-sorento-d80-bialy-green","status":"publish","type":"product","link":"https:\/\/baldumarket.lt\/lt\/product\/szafka-kuchenna-dolna-2d-sorento-d80-bialy-green\/","title":{"rendered":"Apatin\u0117 virtuv\u0117s spintel\u0117 2D Sorento D80 balta \u017ealia"},"content":{"rendered":"<p>Atraskite gro\u017e\u012f ir funkcionalum\u0105 savo virtuv\u0117je su \u201eSorento D80 2-D\u201c virtuv\u0117s spintele. Jos madingas matin\u0117s \u017ealios spalvos dizainas kartu su eleganti\u0161ku baltu korpusu suteiks gaivumo bet kokiam i\u0161d\u0117stymui. Spintel\u0117 suteikia stiliaus ir sukuria erdv\u0119, kuri skatina k\u016brybi\u0161k\u0105 maisto gaminim\u0105 ir atsipalaidavim\u0105 prie gard\u017ei\u0173 patiekal\u0173. 87 cm auk\u0161\u010dio ir 52 cm gylio spintel\u0117 puikiai dera su kitais virtuv\u0117s baldais ir suteikia patogi\u0105 prieig\u0105 prie vis\u0173 b\u016btiniausi\u0173 pried\u0173. Kruop\u0161\u010diai apgalvotas dizainas, pagr\u012fstas laminuota plok\u0161te, yra atsparus pa\u017eeidimams ir lengvai valomas. \u0160velnaus u\u017edarymo technologija leid\u017eia naudotis ja patogiai ir saugiai, pa\u0161alindama triuk\u0161m\u0105, da\u017enai susijus\u012f su stal\u010di\u0173 atidarymu ir u\u017edarymu. D\u0117l 15 cm reguliuojam\u0173 kojeli\u0173 galite pritaikyti spintel\u0119 pagal savo individualius poreikius. Auk\u0161tos kojel\u0117s ne tik pagerina spintel\u0117s i\u0161vaizd\u0105, bet ir u\u017etikrina tinkam\u0105 v\u0117dinim\u0105 bei lengv\u0105 prieig\u0105 valymui. Juoda kojeli\u0173 spalva suteikia modernumo, puikiai kontrastuodama su \u0161viesiomis priekin\u0117s dalies ir korpuso spalvomis.<\/p>","protected":false},"excerpt":{"rendered":"<p>Plotis (cm): 80<br \/>\n\u016agis (cm): 87<br \/>\nGylis (cm): 52<\/p>","protected":false},"featured_media":159092,"comment_status":"open","ping_status":"open","template":"","meta":[],"product_brand":[],"product_cat":[9436,4106],"product_tag":[],"class_list":{"0":"post-159091","1":"product","2":"type-product","3":"status-publish","4":"has-post-thumbnail","6":"product_cat-kitchen-system-sorento","7":"product_cat-gala-meble","9":"first","10":"instock","11":"purchasable","12":"product-type-simple"},"_links":{"self":[{"href":"https:\/\/baldumarket.lt\/lt\/wp-json\/wp\/v2\/product\/159091","targetHints":{"allow":["GET"]}}],"collection":[{"href":"https:\/\/baldumarket.lt\/lt\/wp-json\/wp\/v2\/product"}],"about":[{"href":"https:\/\/baldumarket.lt\/lt\/wp-json\/wp\/v2\/types\/product"}],"replies":[{"embeddable":true,"href":"https:\/\/baldumarket.lt\/lt\/wp-json\/wp\/v2\/comments?post=159091"}],"wp:featuredmedia":[{"embeddable":true,"href":"https:\/\/baldumarket.lt\/lt\/wp-json\/wp\/v2\/media\/159092"}],"wp:attachment":[{"href":"https:\/\/baldumarket.lt\/lt\/wp-json\/wp\/v2\/media?parent=159091"}],"wp:term":[{"taxonomy":"product_brand","embeddable":true,"href":"https:\/\/baldumarket.lt\/lt\/wp-json\/wp\/v2\/product_brand?post=159091"},{"taxonomy":"product_cat","embeddable":true,"href":"https:\/\/baldumarket.lt\/lt\/wp-json\/wp\/v2\/product_cat?post=159091"},{"taxonomy":"product_tag","embeddable":true,"href":"https:\/\/baldumarket.lt\/lt\/wp-json\/wp\/v2\/product_tag?post=159091"}],"curies":[{"name":"wp","href":"https:\/\/api.w.org\/{rel}","templated":true}]}}