{"id":159085,"date":"2025-12-19T00:24:50","date_gmt":"2025-12-18T21:24:50","guid":{"rendered":"https:\/\/baldumarket.lt\/product\/szafka-kuchenna-dolna-2d-sorento-d80-bialy-mat\/"},"modified":"2026-02-18T11:14:20","modified_gmt":"2026-02-18T08:14:20","slug":"szafka-kuchenna-dolna-2d-sorento-d80-bialy-mat","status":"publish","type":"product","link":"https:\/\/baldumarket.lt\/lt\/product\/szafka-kuchenna-dolna-2d-sorento-d80-bialy-mat\/","title":{"rendered":"Apatin\u0117 virtuv\u0117s spintel\u0117 2D Sorento D80 matin\u0117s baltos spalvos"},"content":{"rendered":"<p>Suteikite savo virtuvei i\u0161skirtinio stiliaus ir funkcionalumo su matin\u0117s baltos spalvos virtuv\u0117s spintele \u201eSorento D80\u201c. \u0160i eleganti\u0161ka spintel\u0117 \u2013 puikus pasirinkimas modernaus dizaino ir minimalizmo m\u0117g\u0117jams. Matin\u0117s baltos spalvos priekis traukia ak\u012f, suteikdamas bet kuriai virtuvei lengvumo ir gaivumo. Sukurta taip, kad skland\u017eiai der\u0117t\u0173 prie \u012fvairi\u0173 interjer\u0173, nepriklausomai nuo j\u016bs\u0173 dekoro, \u201eSorento D80\u201c si\u016blo daugiau nei vien estetik\u0105. Jos prakti\u0161kumas leid\u017eia puikiai sutvarkyti virtuv\u0117s erdv\u0119. D\u0117l savo dyd\u017eio spintel\u0117 si\u016blo daug vietos virtuv\u0117s priedams laikyti, tod\u0117l kasdien\u0117s u\u017eduotys tampa lengvesn\u0117s ir malonesn\u0117s. Reguliuojamos kojel\u0117s leid\u017eia reguliuoti jos auk\u0161t\u012f pagal individualius poreikius, u\u017etikrinant stabilum\u0105 ir prisitaikant prie nelygi\u0173 grind\u0173. Aukso spalvos metalin\u0117 rankena suteikia eleganti\u0161k\u0105 akcent\u0105, kuris pabr\u0117\u017eia rafinuot\u0105 spintel\u0117s stili\u0173. \u0160velniai u\u017esidarantys \u201eClip-On\u201c vyriai leid\u017eia beveik begarsiai atidaryti ir u\u017edaryti dureles, tod\u0117l jos patogios ir patvarios. B\u016btent \u0161ios detal\u0117s daro \u0161i\u0105 spintel\u0119 patikima modernios virtuv\u0117s \u012frangos dalimi.<\/p>","protected":false},"excerpt":{"rendered":"<p>Plotis (cm): 80<br \/>\n\u016agis (cm): 87<br \/>\nGylis (cm): 52<\/p>","protected":false},"featured_media":159086,"comment_status":"open","ping_status":"open","template":"","meta":[],"product_brand":[],"product_cat":[9436,4106],"product_tag":[],"class_list":{"0":"post-159085","1":"product","2":"type-product","3":"status-publish","4":"has-post-thumbnail","6":"product_cat-kitchen-system-sorento","7":"product_cat-gala-meble","9":"first","10":"instock","11":"purchasable","12":"product-type-simple"},"_links":{"self":[{"href":"https:\/\/baldumarket.lt\/lt\/wp-json\/wp\/v2\/product\/159085","targetHints":{"allow":["GET"]}}],"collection":[{"href":"https:\/\/baldumarket.lt\/lt\/wp-json\/wp\/v2\/product"}],"about":[{"href":"https:\/\/baldumarket.lt\/lt\/wp-json\/wp\/v2\/types\/product"}],"replies":[{"embeddable":true,"href":"https:\/\/baldumarket.lt\/lt\/wp-json\/wp\/v2\/comments?post=159085"}],"wp:featuredmedia":[{"embeddable":true,"href":"https:\/\/baldumarket.lt\/lt\/wp-json\/wp\/v2\/media\/159086"}],"wp:attachment":[{"href":"https:\/\/baldumarket.lt\/lt\/wp-json\/wp\/v2\/media?parent=159085"}],"wp:term":[{"taxonomy":"product_brand","embeddable":true,"href":"https:\/\/baldumarket.lt\/lt\/wp-json\/wp\/v2\/product_brand?post=159085"},{"taxonomy":"product_cat","embeddable":true,"href":"https:\/\/baldumarket.lt\/lt\/wp-json\/wp\/v2\/product_cat?post=159085"},{"taxonomy":"product_tag","embeddable":true,"href":"https:\/\/baldumarket.lt\/lt\/wp-json\/wp\/v2\/product_tag?post=159085"}],"curies":[{"name":"wp","href":"https:\/\/api.w.org\/{rel}","templated":true}]}}