{"id":159080,"date":"2025-12-19T00:24:40","date_gmt":"2025-12-18T21:24:40","guid":{"rendered":"https:\/\/baldumarket.lt\/product\/szafka-kuchenna-dolna-2d-sorento-d80-bialy-mat-bezowy-mat\/"},"modified":"2026-02-18T11:14:20","modified_gmt":"2026-02-18T08:14:20","slug":"szafka-kuchenna-dolna-2d-sorento-d80-bialy-mat-bezowy-mat","status":"publish","type":"product","link":"https:\/\/baldumarket.lt\/lt\/product\/szafka-kuchenna-dolna-2d-sorento-d80-bialy-mat-bezowy-mat\/","title":{"rendered":"Apatin\u0117 virtuv\u0117s spintel\u0117 2D Sorento D80 matin\u0117s baltos matin\u0117s sm\u0117lio spalvos"},"content":{"rendered":"<p>Atraskite elegancij\u0105 ir funkcionalum\u0105 viename balde \u2013 apatin\u0117je virtuv\u0117s spintel\u0117je \u201eSorento D80 2-D\u201c. \u0160is unikalus virtuv\u0117s \u012frenginys \u017eavi minimalistiniu dizainu, harmoningai derindamas matin\u0117s baltos spalvos korpus\u0105 su matin\u0117s sm\u0117lio spalvos priekiu. Subtilus spalv\u0173 derinys suteikia interjerui ramyb\u0117s ir modernumo, puikiai dera su \u012fvairiais interjero dizaino stiliais. \u201eSorento\u201c spintel\u0117 yra ne tik stulbinanti, bet ir prakti\u0161ka. \u012erengta \u0161velnaus u\u017edarymo sistema, u\u017etikrina patog\u0173 kasdien\u012f naudojim\u0105, pa\u0161alindama nepageidaujamus u\u017edarymo garsus. Kontrastingos juodos spalvos metalin\u0117s rankenos suteikia baldui ry\u0161k\u0173 charakter\u012f ir yra itin patvarios, tod\u0117l jis tarnaus ilgus metus. Be to, reguliuojamos 15 cm kojel\u0117s leid\u017eia spintelei prisitaikyti prie bet kokio pavir\u0161iaus, padidindamos stabilum\u0105 ir palengvindamos valym\u0105. Tai puikus sprendimas tiems, kurie vertina komfort\u0105 ir funkcionalum\u0105 kasdien\u0117je virtuv\u0117s rutinoje. Klausimus apie tai, kaip greitai ir lengvai galima surinkti baldus, patvirtina gerai apgalvotas savaranki\u0161ko surinkimo dizainas, kuris taupo laik\u0105 ir pinigus.<\/p>","protected":false},"excerpt":{"rendered":"<p>Plotis (cm): 80<br \/>\n\u016agis (cm): 87<br \/>\nGylis (cm): 52<\/p>","protected":false},"featured_media":159081,"comment_status":"open","ping_status":"open","template":"","meta":[],"product_brand":[],"product_cat":[9436,4106],"product_tag":[],"class_list":{"0":"post-159080","1":"product","2":"type-product","3":"status-publish","4":"has-post-thumbnail","6":"product_cat-kitchen-system-sorento","7":"product_cat-gala-meble","9":"first","10":"instock","11":"purchasable","12":"product-type-simple"},"_links":{"self":[{"href":"https:\/\/baldumarket.lt\/lt\/wp-json\/wp\/v2\/product\/159080","targetHints":{"allow":["GET"]}}],"collection":[{"href":"https:\/\/baldumarket.lt\/lt\/wp-json\/wp\/v2\/product"}],"about":[{"href":"https:\/\/baldumarket.lt\/lt\/wp-json\/wp\/v2\/types\/product"}],"replies":[{"embeddable":true,"href":"https:\/\/baldumarket.lt\/lt\/wp-json\/wp\/v2\/comments?post=159080"}],"wp:featuredmedia":[{"embeddable":true,"href":"https:\/\/baldumarket.lt\/lt\/wp-json\/wp\/v2\/media\/159081"}],"wp:attachment":[{"href":"https:\/\/baldumarket.lt\/lt\/wp-json\/wp\/v2\/media?parent=159080"}],"wp:term":[{"taxonomy":"product_brand","embeddable":true,"href":"https:\/\/baldumarket.lt\/lt\/wp-json\/wp\/v2\/product_brand?post=159080"},{"taxonomy":"product_cat","embeddable":true,"href":"https:\/\/baldumarket.lt\/lt\/wp-json\/wp\/v2\/product_cat?post=159080"},{"taxonomy":"product_tag","embeddable":true,"href":"https:\/\/baldumarket.lt\/lt\/wp-json\/wp\/v2\/product_tag?post=159080"}],"curies":[{"name":"wp","href":"https:\/\/api.w.org\/{rel}","templated":true}]}}