{"id":159075,"date":"2025-12-19T00:24:29","date_gmt":"2025-12-18T21:24:29","guid":{"rendered":"https:\/\/baldumarket.lt\/product\/szafka-kuchenna-dolna-2d-sorento-d80-bialy-mat-puccini\/"},"modified":"2026-02-18T11:14:20","modified_gmt":"2026-02-18T08:14:20","slug":"szafka-kuchenna-dolna-2d-sorento-d80-bialy-mat-puccini","status":"publish","type":"product","link":"https:\/\/baldumarket.lt\/lt\/product\/szafka-kuchenna-dolna-2d-sorento-d80-bialy-mat-puccini\/","title":{"rendered":"Apatin\u0117 2D virtuv\u0117s spintel\u0117 Sorento D80 matin\u0117s baltos spalvos Puccini"},"content":{"rendered":"<p>Atraskite eleganti\u0161k\u0105 ir funkcionali\u0105 savo virtuv\u0117s pus\u0119 su \u201eSorento D80\u201c apatine spintele su \u201ePuccini\u201c ir matin\u0117s baltos spalvos apdaila. \u0160i i\u0161skirtinai stilinga spintel\u0117, sukurta garsaus \u201eGa\u0142a Meble\u201c prek\u0117s \u017eenklo, derina modern\u0173 dizain\u0105 su nesenstan\u010dia elegancija. Unikali \u201ePuccini\u201c priekin\u0117s dalies spalva traukia d\u0117mes\u012f savo subtilumu, harmoningai der\u0117dama su matin\u0117s baltos spalvos korpusu. \u201eSorento D80\u201c \u2013 puikus sprendimas tiems, kurie vertina moderni\u0105 estetik\u0105 ir prakti\u0161kum\u0105. Rafinuota jos i\u0161vaizda skland\u017eiai dera su \u012fvairiais interjero dizainais, suteikdama \u017eavesio ir prabangos. Sukurta galvojant apie kasdien\u012f naudojim\u0105, \u0161i spintel\u0117 yra puikus pasirinkimas bet kuriai virtuvei, u\u017etikrinanti ir patvarum\u0105, ir stili\u0173. Vienas i\u0161 pagrindini\u0173 jos privalum\u0173 \u2013 funkcionalumas. Juoda metalin\u0117 rankena suteikia modernumo, o \u0161velniai u\u017esidarantys \u201eClip-On\u201c vyriai u\u017etikrina patog\u0173 naudojim\u0105, pa\u0161alindami kasdienio atidarymo ir u\u017edarymo triuk\u0161m\u0105. \u201eSorento D80\u201c spintel\u0117 turi reguliuojamas kojeles, kurios leid\u017eia lengvai reguliuoti jos auk\u0161t\u012f pagal individualius poreikius, sukuriant harmoning\u0105 erdv\u0119 virtuv\u0117je.<\/p>","protected":false},"excerpt":{"rendered":"<p>Plotis (cm): 80<br \/>\n\u016agis (cm): 87<br \/>\nGylis (cm): 52<\/p>","protected":false},"featured_media":159076,"comment_status":"open","ping_status":"open","template":"","meta":[],"product_brand":[],"product_cat":[9436,4106],"product_tag":[],"class_list":{"0":"post-159075","1":"product","2":"type-product","3":"status-publish","4":"has-post-thumbnail","6":"product_cat-kitchen-system-sorento","7":"product_cat-gala-meble","9":"first","10":"instock","11":"purchasable","12":"product-type-simple"},"_links":{"self":[{"href":"https:\/\/baldumarket.lt\/lt\/wp-json\/wp\/v2\/product\/159075","targetHints":{"allow":["GET"]}}],"collection":[{"href":"https:\/\/baldumarket.lt\/lt\/wp-json\/wp\/v2\/product"}],"about":[{"href":"https:\/\/baldumarket.lt\/lt\/wp-json\/wp\/v2\/types\/product"}],"replies":[{"embeddable":true,"href":"https:\/\/baldumarket.lt\/lt\/wp-json\/wp\/v2\/comments?post=159075"}],"wp:featuredmedia":[{"embeddable":true,"href":"https:\/\/baldumarket.lt\/lt\/wp-json\/wp\/v2\/media\/159076"}],"wp:attachment":[{"href":"https:\/\/baldumarket.lt\/lt\/wp-json\/wp\/v2\/media?parent=159075"}],"wp:term":[{"taxonomy":"product_brand","embeddable":true,"href":"https:\/\/baldumarket.lt\/lt\/wp-json\/wp\/v2\/product_brand?post=159075"},{"taxonomy":"product_cat","embeddable":true,"href":"https:\/\/baldumarket.lt\/lt\/wp-json\/wp\/v2\/product_cat?post=159075"},{"taxonomy":"product_tag","embeddable":true,"href":"https:\/\/baldumarket.lt\/lt\/wp-json\/wp\/v2\/product_tag?post=159075"}],"curies":[{"name":"wp","href":"https:\/\/api.w.org\/{rel}","templated":true}]}}