{"id":159070,"date":"2025-12-19T00:24:19","date_gmt":"2025-12-18T21:24:19","guid":{"rendered":"https:\/\/baldumarket.lt\/product\/szafka-kuchenna-dolna-2d-sorento-d80-puccini\/"},"modified":"2026-02-18T11:14:20","modified_gmt":"2026-02-18T08:14:20","slug":"szafka-kuchenna-dolna-2d-sorento-d80-puccini","status":"publish","type":"product","link":"https:\/\/baldumarket.lt\/lt\/product\/szafka-kuchenna-dolna-2d-sorento-d80-puccini\/","title":{"rendered":"Apatin\u0117 virtuv\u0117s spintel\u0117 2D Sorento D80 Puccini"},"content":{"rendered":"<p>Sveiki atvyk\u0119 \u012f elegancijos pasaul\u012f su \u201ePuccini Sorento D80 2-D\u201c apatine virtuv\u0117s spintele. Tai ne tik j\u016bs\u0173 virtuv\u0117s akcentas, bet ir tikras meno k\u016brinys, atspindintis j\u016bs\u0173 unikal\u0173 stili\u0173. Unikali \u201ePuccini\u201c spalva, kuria ji demonstruojama, pritrauks kiekvieno sve\u010dio d\u0117mes\u012f, sukurdama \u0161ilt\u0105 ir jauki\u0105 atmosfer\u0105. Puikus pasirinkimas tiems, kurie vertina klasikos ir modernumo derin\u012f. Paverskite savo kasdienes virtuv\u0117s akimirkas tikru malonumu d\u0117l \u0161ios spintel\u0117s funkcionalumo. \u0160velnaus u\u017edarymo funkcija u\u017etikrina subtilum\u0105 ir naudojimo patogum\u0105, o reguliuojamos kojel\u0117s leid\u017eia spintelei puikiai prisitaikyti prie j\u016bs\u0173 poreiki\u0173. Idealus sprendimas tiems, kurie vertina harmonij\u0105 ir tvark\u0105 virtuv\u0117je. Tokios detal\u0117s kaip juodos metalin\u0117s rankenos suteikia charakterio ir modernumo. Tai ne tik dizainerio priedas, bet ir patvarumas bei patogumas kasdien naudojant. Laminuota plok\u0161t\u0117, i\u0161 kurios pagaminta spintel\u0117, yra itin atspari, garantuojanti, kad ji tarnaus jums daugel\u012f met\u0173, i\u0161laikydama originali\u0105 i\u0161vaizd\u0105.<\/p>","protected":false},"excerpt":{"rendered":"<p>Plotis (cm): 80<br \/>\n\u016agis (cm): 87<br \/>\nGylis (cm): 52<\/p>","protected":false},"featured_media":159071,"comment_status":"open","ping_status":"open","template":"","meta":[],"product_brand":[],"product_cat":[9436,4106],"product_tag":[],"class_list":{"0":"post-159070","1":"product","2":"type-product","3":"status-publish","4":"has-post-thumbnail","6":"product_cat-kitchen-system-sorento","7":"product_cat-gala-meble","9":"first","10":"instock","11":"purchasable","12":"product-type-simple"},"_links":{"self":[{"href":"https:\/\/baldumarket.lt\/lt\/wp-json\/wp\/v2\/product\/159070","targetHints":{"allow":["GET"]}}],"collection":[{"href":"https:\/\/baldumarket.lt\/lt\/wp-json\/wp\/v2\/product"}],"about":[{"href":"https:\/\/baldumarket.lt\/lt\/wp-json\/wp\/v2\/types\/product"}],"replies":[{"embeddable":true,"href":"https:\/\/baldumarket.lt\/lt\/wp-json\/wp\/v2\/comments?post=159070"}],"wp:featuredmedia":[{"embeddable":true,"href":"https:\/\/baldumarket.lt\/lt\/wp-json\/wp\/v2\/media\/159071"}],"wp:attachment":[{"href":"https:\/\/baldumarket.lt\/lt\/wp-json\/wp\/v2\/media?parent=159070"}],"wp:term":[{"taxonomy":"product_brand","embeddable":true,"href":"https:\/\/baldumarket.lt\/lt\/wp-json\/wp\/v2\/product_brand?post=159070"},{"taxonomy":"product_cat","embeddable":true,"href":"https:\/\/baldumarket.lt\/lt\/wp-json\/wp\/v2\/product_cat?post=159070"},{"taxonomy":"product_tag","embeddable":true,"href":"https:\/\/baldumarket.lt\/lt\/wp-json\/wp\/v2\/product_tag?post=159070"}],"curies":[{"name":"wp","href":"https:\/\/api.w.org\/{rel}","templated":true}]}}