{"id":159065,"date":"2025-12-19T00:24:09","date_gmt":"2025-12-18T21:24:09","guid":{"rendered":"https:\/\/baldumarket.lt\/product\/szafka-kuchenna-dolna-2d-sorento-d80-puccini-bezowy-mat\/"},"modified":"2026-02-18T11:14:04","modified_gmt":"2026-02-18T08:14:04","slug":"szafka-kuchenna-dolna-2d-sorento-d80-puccini-bezowy-mat","status":"publish","type":"product","link":"https:\/\/baldumarket.lt\/lt\/product\/szafka-kuchenna-dolna-2d-sorento-d80-puccini-bezowy-mat\/","title":{"rendered":"Apatin\u0117 virtuv\u0117s spintel\u0117 2D Sorento D80 Puccini matin\u0117s sm\u0117lio spalvos"},"content":{"rendered":"<p>Pristatome \u201eSorento D80\u201c virtuv\u0117s spintel\u0119, kuri \u017eavi rafinuotu stiliumi ir eleganti\u0161ka apdaila. Subtilus matinis sm\u0117lio atspalvis puikiai dera prie bet kokio virtuv\u0117s stiliaus, sukurdamas \u0161ilt\u0105 ir modern\u0173 poj\u016bt\u012f. Kruop\u0161\u010diai parinktos spalvos ir med\u017eiagos paver\u010dia \u0161i\u0105 spintel\u0119 puikiu sprendimu visiems, m\u0117gstantiems klasikin\u012f dizain\u0105 ir funkcionalum\u0105. Laminuota priekin\u0117 plok\u0161t\u0117 kartu su Puccini spalvos korpusu yra harmonijos ir estetikos kvintesencija. Rafinuotos detal\u0117s, tokios kaip eleganti\u0161ka juodo metalo rankena, suteikia spintelei modernaus \u017eavesio. Rankenos ne tik malonios akiai, bet ir itin prakti\u0161kos, leid\u017eian\u010dios lengvai pasiekti spintel\u0117s vid\u0173, tod\u0117l ji idealiai tinka kasdieniam naudojimui. Gerai apgalvotas dizainas taip pat apima auk\u0161\u010diausio lygio funkcionalum\u0105. Auk\u0161tos, reguliuojamo auk\u0161\u010dio kojel\u0117s suteikia ne tik stabilumo, bet ir galimyb\u0119 reguliuoti auk\u0161t\u012f pagal individualius poreikius, o tai \u017eymiai pagerina komfort\u0105. D\u0117l \u201eClip-On\u201c vyri\u0173 su \u0161velnaus u\u017edarymo funkcija dureli\u0173 u\u017edarymas tampa tylus, o tai padidina bald\u0173 naudojimo komfort\u0105 ir u\u017etikrina tylesn\u0119 atmosfer\u0105 virtuv\u0117je.<\/p>","protected":false},"excerpt":{"rendered":"<p>Plotis (cm): 80<br \/>\n\u016agis (cm): 87<br \/>\nGylis (cm): 52<\/p>","protected":false},"featured_media":159066,"comment_status":"open","ping_status":"open","template":"","meta":[],"product_brand":[],"product_cat":[9436,4106],"product_tag":[],"class_list":{"0":"post-159065","1":"product","2":"type-product","3":"status-publish","4":"has-post-thumbnail","6":"product_cat-kitchen-system-sorento","7":"product_cat-gala-meble","9":"first","10":"instock","11":"purchasable","12":"product-type-simple"},"_links":{"self":[{"href":"https:\/\/baldumarket.lt\/lt\/wp-json\/wp\/v2\/product\/159065","targetHints":{"allow":["GET"]}}],"collection":[{"href":"https:\/\/baldumarket.lt\/lt\/wp-json\/wp\/v2\/product"}],"about":[{"href":"https:\/\/baldumarket.lt\/lt\/wp-json\/wp\/v2\/types\/product"}],"replies":[{"embeddable":true,"href":"https:\/\/baldumarket.lt\/lt\/wp-json\/wp\/v2\/comments?post=159065"}],"wp:featuredmedia":[{"embeddable":true,"href":"https:\/\/baldumarket.lt\/lt\/wp-json\/wp\/v2\/media\/159066"}],"wp:attachment":[{"href":"https:\/\/baldumarket.lt\/lt\/wp-json\/wp\/v2\/media?parent=159065"}],"wp:term":[{"taxonomy":"product_brand","embeddable":true,"href":"https:\/\/baldumarket.lt\/lt\/wp-json\/wp\/v2\/product_brand?post=159065"},{"taxonomy":"product_cat","embeddable":true,"href":"https:\/\/baldumarket.lt\/lt\/wp-json\/wp\/v2\/product_cat?post=159065"},{"taxonomy":"product_tag","embeddable":true,"href":"https:\/\/baldumarket.lt\/lt\/wp-json\/wp\/v2\/product_tag?post=159065"}],"curies":[{"name":"wp","href":"https:\/\/api.w.org\/{rel}","templated":true}]}}