{"id":159060,"date":"2025-12-19T00:23:57","date_gmt":"2025-12-18T21:23:57","guid":{"rendered":"https:\/\/baldumarket.lt\/product\/szafka-kuchenna-dolna-2d-sorento-d80-puccini-bialy-mat-ramka\/"},"modified":"2026-02-18T11:14:04","modified_gmt":"2026-02-18T08:14:04","slug":"szafka-kuchenna-dolna-2d-sorento-d80-puccini-bialy-mat-ramka","status":"publish","type":"product","link":"https:\/\/baldumarket.lt\/lt\/product\/szafka-kuchenna-dolna-2d-sorento-d80-puccini-bialy-mat-ramka\/","title":{"rendered":"Apatin\u0117 virtuv\u0117s spintel\u0117 2D Sorento D80 Puccini matin\u0117s baltos spalvos r\u0117meliu"},"content":{"rendered":"<p>\u201eSorento D80\u201c dviej\u0173 dur\u0173 apatin\u0117 virtuv\u0117s spintel\u0117 \u2013 puikus sprendimas tiems, kurie vertina elegancij\u0105 ir funkcionalum\u0105 virtuv\u0117je. Matin\u0117s baltos spalvos fasadas suteikia interjerui gaivumo ir modernumo, sukurdamas tobul\u0105 fon\u0105 kulinariniams eksperimentams. D\u0117l Puccini spalvos r\u0117mo spintel\u0117 \u012f virtuv\u0119 \u012fne\u0161a \u0161ilumos ir jaukumo, skatindama \u0161eimos susib\u016brimus. Kiekviena akimirka, praleista gaminant maist\u0105, tampa malonumu d\u0117l lengvai prieinam\u0173 erdvi\u0173, kurias si\u016blo \u0161i spintel\u0117. Atidarius dviej\u0173 dureli\u0173 duris, galite lengvai laikyti visus b\u016btiniausius priedus ir maist\u0105. Be to, d\u0117l tyli\u0173 \u201eClip-On\u201c vyri\u0173 kasdienis spintel\u0117s naudojimas yra ne\u012ftik\u0117tinai patogus, tod\u0117l rytai virtuv\u0117je gali b\u0117gti be nereikalingo triuk\u0161mo. Stilingos auksin\u0117s metalin\u0117s rankenos suteikia spintelei prabangos ir subtilaus rafinuotumo. Jos ne tik prakti\u0161kos, bet ir esteti\u0161kas akcentas, gra\u017eiai papildantis balt\u0105 fasad\u0173 apdail\u0105. Visas spintel\u0117 paremta reguliuojamomis kojel\u0117mis, leid\u017eian\u010diomis dar labiau reguliuoti auk\u0161t\u012f pagal individualius bet kurios virtuv\u0117s poreikius.<\/p>","protected":false},"excerpt":{"rendered":"<p>Plotis (cm): 80<br \/>\n\u016agis (cm): 87<br \/>\nGylis (cm): 52<\/p>","protected":false},"featured_media":159061,"comment_status":"open","ping_status":"open","template":"","meta":[],"product_brand":[],"product_cat":[9436,4106],"product_tag":[],"class_list":{"0":"post-159060","1":"product","2":"type-product","3":"status-publish","4":"has-post-thumbnail","6":"product_cat-kitchen-system-sorento","7":"product_cat-gala-meble","9":"first","10":"instock","11":"purchasable","12":"product-type-simple"},"_links":{"self":[{"href":"https:\/\/baldumarket.lt\/lt\/wp-json\/wp\/v2\/product\/159060","targetHints":{"allow":["GET"]}}],"collection":[{"href":"https:\/\/baldumarket.lt\/lt\/wp-json\/wp\/v2\/product"}],"about":[{"href":"https:\/\/baldumarket.lt\/lt\/wp-json\/wp\/v2\/types\/product"}],"replies":[{"embeddable":true,"href":"https:\/\/baldumarket.lt\/lt\/wp-json\/wp\/v2\/comments?post=159060"}],"wp:featuredmedia":[{"embeddable":true,"href":"https:\/\/baldumarket.lt\/lt\/wp-json\/wp\/v2\/media\/159061"}],"wp:attachment":[{"href":"https:\/\/baldumarket.lt\/lt\/wp-json\/wp\/v2\/media?parent=159060"}],"wp:term":[{"taxonomy":"product_brand","embeddable":true,"href":"https:\/\/baldumarket.lt\/lt\/wp-json\/wp\/v2\/product_brand?post=159060"},{"taxonomy":"product_cat","embeddable":true,"href":"https:\/\/baldumarket.lt\/lt\/wp-json\/wp\/v2\/product_cat?post=159060"},{"taxonomy":"product_tag","embeddable":true,"href":"https:\/\/baldumarket.lt\/lt\/wp-json\/wp\/v2\/product_tag?post=159060"}],"curies":[{"name":"wp","href":"https:\/\/api.w.org\/{rel}","templated":true}]}}