{"id":159055,"date":"2025-12-19T00:23:46","date_gmt":"2025-12-18T21:23:46","guid":{"rendered":"https:\/\/baldumarket.lt\/product\/szafka-kuchenna-dolna-2d-sorento-d80-puccini-green\/"},"modified":"2026-02-18T11:14:04","modified_gmt":"2026-02-18T08:14:04","slug":"szafka-kuchenna-dolna-2d-sorento-d80-puccini-green","status":"publish","type":"product","link":"https:\/\/baldumarket.lt\/lt\/product\/szafka-kuchenna-dolna-2d-sorento-d80-puccini-green\/","title":{"rendered":"Apatin\u0117 virtuv\u0117s spintel\u0117 2D Sorento D80 Puccini \u017ealia"},"content":{"rendered":"<p>Atgaivinkite savo virtuv\u0119 su \u201eSorento D80 Puccini Green\u201c apatine spintele, kuri spinduliuoja elegancija ir moderniu stiliumi. Gra\u017e\u016bs \u017eali fasadai kartu su unikaliu Puccini spalvos korpusu suteiks j\u016bs\u0173 virtuv\u0117s interjerui unikal\u0173 charakter\u012f ir lengvum\u0105. D\u0117l auk\u0161tos kokyb\u0117s laminuotos plok\u0161t\u0117s naudojimo spintel\u0117 yra ne tik maloni akiai, bet ir patvari, tod\u0117l idealiai tinka bet kokiam interjerui. Be estetinio patrauklumo, \u201eSorento\u201c spintel\u0117 suteikia funkcionalumo, kurio reikia kiekvieniems namams kasdien. Auk\u0161tis ir reguliuojamos kojel\u0117s leid\u017eia pritaikyti spintel\u0119 prie \u012fvairi\u0173 stalvir\u0161i\u0173 auk\u0161\u010di\u0173, u\u017etikrinant komfort\u0105 kiekviename \u017eingsnyje. Ne\u012ftik\u0117tinai prakti\u0161ka \u201eClip-On\u201c vyri\u0173 sistema su \u0161velnaus u\u017edarymo mechanizmu u\u017etikrina tyl\u0173 dureli\u0173 u\u017edarym\u0105, kur\u012f ypa\u010d \u012fvertinsite rytinio skub\u0117jimo metu. \u201eSorento D80 Puccini Green\u201c virtuv\u0117s spintel\u0117 taip pat idealiai tinka moderni\u0173 \u201epasidaryk pats\u201c sprendim\u0173 m\u0117g\u0117jams. Savaranki\u0161ko surinkimo galimyb\u0117 suteikia pasitenkinim\u0105 surinkus baldus patiems. Juodos metalin\u0117s rankenos ne tik suteikia elegancijos, bet ir yra prakti\u0161ka detal\u0117, u\u017etikrinanti saug\u0173 sukibim\u0105 ir patogum\u0105 atidarant spintel\u0119.<\/p>","protected":false},"excerpt":{"rendered":"<p>Plotis (cm): 80<br \/>\n\u016agis (cm): 87<br \/>\nGylis (cm): 52<\/p>","protected":false},"featured_media":159056,"comment_status":"open","ping_status":"open","template":"","meta":[],"product_brand":[],"product_cat":[9436,4106],"product_tag":[],"class_list":{"0":"post-159055","1":"product","2":"type-product","3":"status-publish","4":"has-post-thumbnail","6":"product_cat-kitchen-system-sorento","7":"product_cat-gala-meble","9":"first","10":"instock","11":"purchasable","12":"product-type-simple"},"_links":{"self":[{"href":"https:\/\/baldumarket.lt\/lt\/wp-json\/wp\/v2\/product\/159055","targetHints":{"allow":["GET"]}}],"collection":[{"href":"https:\/\/baldumarket.lt\/lt\/wp-json\/wp\/v2\/product"}],"about":[{"href":"https:\/\/baldumarket.lt\/lt\/wp-json\/wp\/v2\/types\/product"}],"replies":[{"embeddable":true,"href":"https:\/\/baldumarket.lt\/lt\/wp-json\/wp\/v2\/comments?post=159055"}],"wp:featuredmedia":[{"embeddable":true,"href":"https:\/\/baldumarket.lt\/lt\/wp-json\/wp\/v2\/media\/159056"}],"wp:attachment":[{"href":"https:\/\/baldumarket.lt\/lt\/wp-json\/wp\/v2\/media?parent=159055"}],"wp:term":[{"taxonomy":"product_brand","embeddable":true,"href":"https:\/\/baldumarket.lt\/lt\/wp-json\/wp\/v2\/product_brand?post=159055"},{"taxonomy":"product_cat","embeddable":true,"href":"https:\/\/baldumarket.lt\/lt\/wp-json\/wp\/v2\/product_cat?post=159055"},{"taxonomy":"product_tag","embeddable":true,"href":"https:\/\/baldumarket.lt\/lt\/wp-json\/wp\/v2\/product_tag?post=159055"}],"curies":[{"name":"wp","href":"https:\/\/api.w.org\/{rel}","templated":true}]}}