{"id":159050,"date":"2025-12-19T00:23:36","date_gmt":"2025-12-18T21:23:36","guid":{"rendered":"https:\/\/baldumarket.lt\/product\/szafka-kuchenna-dolna-2d-sorento-d80z-bialy-green\/"},"modified":"2026-02-18T11:14:04","modified_gmt":"2026-02-18T08:14:04","slug":"szafka-kuchenna-dolna-2d-sorento-d80z-bialy-green","status":"publish","type":"product","link":"https:\/\/baldumarket.lt\/lt\/product\/szafka-kuchenna-dolna-2d-sorento-d80z-bialy-green\/","title":{"rendered":"Apatin\u0117 virtuv\u0117s spintel\u0117 2D Sorento D80Z balta \u017ealia"},"content":{"rendered":"<p>Atraskite tobul\u0105 stiliaus ir funkcionalumo derin\u012f su \u201eSorento D80Z 2-D\u201c apatine virtuv\u0117s spintele. Eleganti\u0161kas baltas korpusas kartu su matiniu \u017ealiu priekiu suteikia bet kuriai virtuvei gaivumo ir modernumo. \u0160is baldas ne tik puikiai atrodo, bet ir sukuria harmoning\u0105 erdv\u0119 maisto gaminimui ir laiko leidimui su artimaisiais. Naudotos auk\u0161tos kokyb\u0117s med\u017eiagos, ypa\u010d 18 mm storio laminuota plok\u0161t\u0117, u\u017etikrina atsparum\u0105 pa\u017eeidimams ir ilgaam\u017ei\u0161kum\u0105. Sukurta atsi\u017evelgiant \u012f kasdien\u012f naudojim\u0105, spintel\u0117 pasi\u017eymi tyliu u\u017edarymu d\u0117l \u201eClip-On\u201c vyri\u0173, kurie \u017eymiai padidina komfort\u0105. Be to, eleganti\u0161kos juodos metalin\u0117s rankenos suteikia unikal\u0173, minimalistin\u012f stili\u0173. Patogios ir prakti\u0161kos, auk\u0161tos, reguliuojamo auk\u0161\u010dio kojel\u0117s (15 cm) ne tik pagerina estetik\u0105, bet ir palengvina virtuv\u0117s valym\u0105. Reguliuojamas kojeli\u0173 auk\u0161tis daro \u0161i\u0105 spintel\u0119 puikiu bet kokio interjero papildymu, net ir ant nelygi\u0173 grind\u0173. Ji idealiai tinka kaip baldas po kriaukle, tod\u0117l tai ne tik esteti\u0161kas, bet ir prakti\u0161kas sprendimas.<\/p>","protected":false},"excerpt":{"rendered":"<p>Plotis (cm): 80<br \/>\n\u016agis (cm): 87<br \/>\nGylis (cm): 52<\/p>","protected":false},"featured_media":159051,"comment_status":"open","ping_status":"open","template":"","meta":[],"product_brand":[],"product_cat":[9436,4106],"product_tag":[],"class_list":{"0":"post-159050","1":"product","2":"type-product","3":"status-publish","4":"has-post-thumbnail","6":"product_cat-kitchen-system-sorento","7":"product_cat-gala-meble","9":"first","10":"instock","11":"purchasable","12":"product-type-simple"},"_links":{"self":[{"href":"https:\/\/baldumarket.lt\/lt\/wp-json\/wp\/v2\/product\/159050","targetHints":{"allow":["GET"]}}],"collection":[{"href":"https:\/\/baldumarket.lt\/lt\/wp-json\/wp\/v2\/product"}],"about":[{"href":"https:\/\/baldumarket.lt\/lt\/wp-json\/wp\/v2\/types\/product"}],"replies":[{"embeddable":true,"href":"https:\/\/baldumarket.lt\/lt\/wp-json\/wp\/v2\/comments?post=159050"}],"wp:featuredmedia":[{"embeddable":true,"href":"https:\/\/baldumarket.lt\/lt\/wp-json\/wp\/v2\/media\/159051"}],"wp:attachment":[{"href":"https:\/\/baldumarket.lt\/lt\/wp-json\/wp\/v2\/media?parent=159050"}],"wp:term":[{"taxonomy":"product_brand","embeddable":true,"href":"https:\/\/baldumarket.lt\/lt\/wp-json\/wp\/v2\/product_brand?post=159050"},{"taxonomy":"product_cat","embeddable":true,"href":"https:\/\/baldumarket.lt\/lt\/wp-json\/wp\/v2\/product_cat?post=159050"},{"taxonomy":"product_tag","embeddable":true,"href":"https:\/\/baldumarket.lt\/lt\/wp-json\/wp\/v2\/product_tag?post=159050"}],"curies":[{"name":"wp","href":"https:\/\/api.w.org\/{rel}","templated":true}]}}