{"id":159045,"date":"2025-12-19T00:23:25","date_gmt":"2025-12-18T21:23:25","guid":{"rendered":"https:\/\/baldumarket.lt\/product\/szafka-kuchenna-dolna-2d-sorento-pod-zlew-d80z-baltic-storm-bezowy-mat\/"},"modified":"2026-02-18T11:14:04","modified_gmt":"2026-02-18T08:14:04","slug":"szafka-kuchenna-dolna-2d-sorento-pod-zlew-d80z-baltic-storm-bezowy-mat","status":"publish","type":"product","link":"https:\/\/baldumarket.lt\/lt\/product\/szafka-kuchenna-dolna-2d-sorento-pod-zlew-d80z-baltic-storm-bezowy-mat\/","title":{"rendered":"Apatin\u0117 2D \u201eSorento\u201c virtuv\u0117s spintel\u0117 po kriaukle D80Z \u201eBaltic Storm Beige Matte\u201c"},"content":{"rendered":"<p>Atraskite elegancij\u0105 ir funkcionalum\u0105 viename su \u201eSorento Lower 2D\u201c virtuv\u0117s spintele po kriaukle D80Z. \u0160i spintel\u0117, sukurta su i\u0161skirtiniu tikslumu garsaus \u201eGa\u0142a Meble\u201c prek\u0117s \u017eenklo, yra puikus sprendimas bet kuriai moderniai virtuvei. Matin\u0117s sm\u0117lio spalvos priekin\u0117 dalis ir \u201eBaltic Storm\u201c korpusas suteikia interjerui subtilios harmonijos ir \u0161ilumos. \u0160ios spintel\u0117s dizainas yra \u0161iuolaikin\u0117s estetikos kvintesencija. Jos sm\u0117lio spalvos apdaila puikiai dera su juodomis metalin\u0117mis rankenomis, suteikdama i\u0161skirtin\u0119 i\u0161vaizd\u0105 ir charakter\u012f. \u201eSorento\u201c spintel\u0117 ne tik traukia ak\u012f, bet ir skland\u017eiai dera prie \u012fvairi\u0173 interjero stili\u0173 \u2013 nuo minimalistinio iki klasikinio. Spintel\u0117s po kriaukle funkcionalumas yra dar viena savyb\u0117, kuri\u0105 \u012fvertins visi. D\u0117l gerai apgalvoto dizaino ir \u0161velniai u\u017esidaran\u010di\u0173 \u201eClip-On\u201c vyri\u0173 kasdienis naudojimas tampa tikru malonumu. Spintel\u0117 suteikia daug vietos virtuv\u0117s daiktams laikyti, tod\u0117l virtuv\u0117 i\u0161lieka puikiai organizuota.<\/p>","protected":false},"excerpt":{"rendered":"<p>Plotis (cm): 80<br \/>\n\u016agis (cm): 87<br \/>\nGylis (cm): 52<\/p>","protected":false},"featured_media":159046,"comment_status":"open","ping_status":"open","template":"","meta":[],"product_brand":[],"product_cat":[9436,4106],"product_tag":[],"class_list":{"0":"post-159045","1":"product","2":"type-product","3":"status-publish","4":"has-post-thumbnail","6":"product_cat-kitchen-system-sorento","7":"product_cat-gala-meble","9":"first","10":"instock","11":"purchasable","12":"product-type-simple"},"_links":{"self":[{"href":"https:\/\/baldumarket.lt\/lt\/wp-json\/wp\/v2\/product\/159045","targetHints":{"allow":["GET"]}}],"collection":[{"href":"https:\/\/baldumarket.lt\/lt\/wp-json\/wp\/v2\/product"}],"about":[{"href":"https:\/\/baldumarket.lt\/lt\/wp-json\/wp\/v2\/types\/product"}],"replies":[{"embeddable":true,"href":"https:\/\/baldumarket.lt\/lt\/wp-json\/wp\/v2\/comments?post=159045"}],"wp:featuredmedia":[{"embeddable":true,"href":"https:\/\/baldumarket.lt\/lt\/wp-json\/wp\/v2\/media\/159046"}],"wp:attachment":[{"href":"https:\/\/baldumarket.lt\/lt\/wp-json\/wp\/v2\/media?parent=159045"}],"wp:term":[{"taxonomy":"product_brand","embeddable":true,"href":"https:\/\/baldumarket.lt\/lt\/wp-json\/wp\/v2\/product_brand?post=159045"},{"taxonomy":"product_cat","embeddable":true,"href":"https:\/\/baldumarket.lt\/lt\/wp-json\/wp\/v2\/product_cat?post=159045"},{"taxonomy":"product_tag","embeddable":true,"href":"https:\/\/baldumarket.lt\/lt\/wp-json\/wp\/v2\/product_tag?post=159045"}],"curies":[{"name":"wp","href":"https:\/\/api.w.org\/{rel}","templated":true}]}}