{"id":159040,"date":"2025-12-19T00:23:15","date_gmt":"2025-12-18T21:23:15","guid":{"rendered":"https:\/\/baldumarket.lt\/product\/szafka-kuchenna-dolna-2d-zabudowa-lodowki-sorento-d60zln-p-l-baltic-storm-green\/"},"modified":"2026-02-18T11:14:04","modified_gmt":"2026-02-18T08:14:04","slug":"szafka-kuchenna-dolna-2d-zabudowa-lodowki-sorento-d60zln-p-l-baltic-storm-green","status":"publish","type":"product","link":"https:\/\/baldumarket.lt\/lt\/product\/szafka-kuchenna-dolna-2d-zabudowa-lodowki-sorento-d60zln-p-l-baltic-storm-green\/","title":{"rendered":"Apatin\u0117 2D virtuv\u0117s spintel\u0117 \u0161aldytuvui Sorento D60ZLN P\/L Baltic Storm Green"},"content":{"rendered":"<p>Pakelkite savo virtuv\u0119 \u012f kit\u0105 elegancijos lyg\u012f su garsaus \u201eGa\u0142a Meble\u201c prek\u0117s \u017eenklo \u201eSorento D60ZLN\u201c apatine spintele \u201eBaltic Storm Green\u201c spalvos. \u0160is unikalus baldas puikiai derina modern\u0173 dizain\u0105 su klasikiniais elementais, tod\u0117l puikiai tinka bet kokiam interjerui. Matinis \u017ealias fasadas suteikia gylio ir rafinuotumo, paversdamas \u012fprast\u0105 virtuv\u0119 asmenine, meni\u0161ka erdve. Pasirink\u0119 \u0161i\u0105 spintel\u0119, \u012fgysite ne tik stiling\u0105 i\u0161vaizd\u0105, bet ir prakti\u0161kum\u0105 kasdieniam naudojimui. \u012esp\u016bdingi matmenys leid\u017eia puikiai integruoti \u0161aldytuv\u0105, tod\u0117l virtuv\u0117s erdv\u0117 i\u0161naudojama sumaniai. \u0160\u012f sprendim\u0105 tikrai \u012fvertins tie, kurie kasdieniame gyvenime vertina ir estetik\u0105, ir funkcionalum\u0105. Kokyb\u0117, kuria galite pasikliauti \u2013 tai si\u016blo laminuoti \u0161ios spintel\u0117s fasadai ir korpusas. Jie ne tik atspar\u016bs pa\u017eeidimams, bet ir lengvai valomi. Tvirta konstrukcija kartu su juodomis metalin\u0117mis rankenomis pabr\u0117\u017eia unikal\u0173 \u0161io baldo charakter\u012f. Taip pat \u012fvertinsite tyl\u0173 \u201eClip-On\u201c vyri\u0173 u\u017edarym\u0105, kuris garantuoja precedento neturint\u012f patogum\u0105 ir komfort\u0105.<\/p>","protected":false},"excerpt":{"rendered":"<p>Plotis (cm): 60<br \/>\n\u016agis (cm): 247<br \/>\nGylis (cm): 58<\/p>","protected":false},"featured_media":159041,"comment_status":"open","ping_status":"open","template":"","meta":[],"product_brand":[],"product_cat":[9436,4106],"product_tag":[],"class_list":{"0":"post-159040","1":"product","2":"type-product","3":"status-publish","4":"has-post-thumbnail","6":"product_cat-kitchen-system-sorento","7":"product_cat-gala-meble","9":"first","10":"instock","11":"purchasable","12":"product-type-simple"},"_links":{"self":[{"href":"https:\/\/baldumarket.lt\/lt\/wp-json\/wp\/v2\/product\/159040","targetHints":{"allow":["GET"]}}],"collection":[{"href":"https:\/\/baldumarket.lt\/lt\/wp-json\/wp\/v2\/product"}],"about":[{"href":"https:\/\/baldumarket.lt\/lt\/wp-json\/wp\/v2\/types\/product"}],"replies":[{"embeddable":true,"href":"https:\/\/baldumarket.lt\/lt\/wp-json\/wp\/v2\/comments?post=159040"}],"wp:featuredmedia":[{"embeddable":true,"href":"https:\/\/baldumarket.lt\/lt\/wp-json\/wp\/v2\/media\/159041"}],"wp:attachment":[{"href":"https:\/\/baldumarket.lt\/lt\/wp-json\/wp\/v2\/media?parent=159040"}],"wp:term":[{"taxonomy":"product_brand","embeddable":true,"href":"https:\/\/baldumarket.lt\/lt\/wp-json\/wp\/v2\/product_brand?post=159040"},{"taxonomy":"product_cat","embeddable":true,"href":"https:\/\/baldumarket.lt\/lt\/wp-json\/wp\/v2\/product_cat?post=159040"},{"taxonomy":"product_tag","embeddable":true,"href":"https:\/\/baldumarket.lt\/lt\/wp-json\/wp\/v2\/product_tag?post=159040"}],"curies":[{"name":"wp","href":"https:\/\/api.w.org\/{rel}","templated":true}]}}