{"id":159034,"date":"2025-12-19T00:23:01","date_gmt":"2025-12-18T21:23:01","guid":{"rendered":"https:\/\/baldumarket.lt\/product\/szafka-kuchenna-dolna-2d-zabudowa-lodowki-sorento-d60zln-p-l-bialy-mat\/"},"modified":"2026-02-18T11:14:04","modified_gmt":"2026-02-18T08:14:04","slug":"szafka-kuchenna-dolna-2d-zabudowa-lodowki-sorento-d60zln-p-l-bialy-mat","status":"publish","type":"product","link":"https:\/\/baldumarket.lt\/lt\/product\/szafka-kuchenna-dolna-2d-zabudowa-lodowki-sorento-d60zln-p-l-bialy-mat\/","title":{"rendered":"Apatin\u0117 2D virtuv\u0117s spintel\u0117 \u0161aldytuvui Sorento D60ZLN P\/L matin\u0117s baltos spalvos"},"content":{"rendered":"<p>Kvie\u010diame atrasti i\u0161skirtin\u0119 m\u016bs\u0173 \u201eSorento 2D Base\u201c virtuv\u0117s spintel\u0117s, idealiai tinkan\u010dios \u012fmontuojamiems \u0161aldytuvams, estetik\u0105 ir funkcionalum\u0105. \u0160i stilinga spintel\u0117 \u2013 tai puikus modernaus dizaino ir prakti\u0161kumo derinys. Matin\u0117 balta apdaila suteikia virtuvei elegancijos ir gaivumo, tod\u0117l puikiai tinka \u012fvairiems interjero dizainams. Dizaineri\u0173 kruop\u0161\u010diai sukurtos detal\u0117s paver\u010dia \u0161i\u0105 spintel\u0119 ne tik prakti\u0161ku \u012frenginiu, bet ir dekoratyviniu akcentu. Aukso spalvos metalin\u0117 rankena suteikia prabangos, atskleid\u017eiant rafinuot\u0105 naudotoj\u0173 skon\u012f. Spintel\u0117 puikiai atlieka savo vaidmen\u012f, suteikdama daug vietos daiktams susid\u0117ti ir eleganti\u0161k\u0105 estetik\u0105. I\u0161skirtinai funkcionali, \u201eSorento Base\u201c virtuv\u0117s spintel\u0117, be savo vizualinio patrauklumo, si\u016blo ir prakti\u0161kus sprendimus. D\u0117l 15 cm reguliuojam\u0173 kojeli\u0173 j\u0105 galima lengvai pritaikyti prie bet kokio pavir\u0161iaus, tod\u0117l ji puikiai tinka bet kokiam interjerui. Tai u\u017etikrina stabilum\u0105 ir garantuoja, kad visi virtuv\u0117s projektai vyks skland\u017eiai.<\/p>","protected":false},"excerpt":{"rendered":"<p>Plotis (cm): 60<br \/>\n\u016agis (cm): 247<br \/>\nGylis (cm): 58<\/p>","protected":false},"featured_media":159035,"comment_status":"open","ping_status":"open","template":"","meta":[],"product_brand":[],"product_cat":[9436,4106],"product_tag":[],"class_list":{"0":"post-159034","1":"product","2":"type-product","3":"status-publish","4":"has-post-thumbnail","6":"product_cat-kitchen-system-sorento","7":"product_cat-gala-meble","9":"first","10":"instock","11":"purchasable","12":"product-type-simple"},"_links":{"self":[{"href":"https:\/\/baldumarket.lt\/lt\/wp-json\/wp\/v2\/product\/159034","targetHints":{"allow":["GET"]}}],"collection":[{"href":"https:\/\/baldumarket.lt\/lt\/wp-json\/wp\/v2\/product"}],"about":[{"href":"https:\/\/baldumarket.lt\/lt\/wp-json\/wp\/v2\/types\/product"}],"replies":[{"embeddable":true,"href":"https:\/\/baldumarket.lt\/lt\/wp-json\/wp\/v2\/comments?post=159034"}],"wp:featuredmedia":[{"embeddable":true,"href":"https:\/\/baldumarket.lt\/lt\/wp-json\/wp\/v2\/media\/159035"}],"wp:attachment":[{"href":"https:\/\/baldumarket.lt\/lt\/wp-json\/wp\/v2\/media?parent=159034"}],"wp:term":[{"taxonomy":"product_brand","embeddable":true,"href":"https:\/\/baldumarket.lt\/lt\/wp-json\/wp\/v2\/product_brand?post=159034"},{"taxonomy":"product_cat","embeddable":true,"href":"https:\/\/baldumarket.lt\/lt\/wp-json\/wp\/v2\/product_cat?post=159034"},{"taxonomy":"product_tag","embeddable":true,"href":"https:\/\/baldumarket.lt\/lt\/wp-json\/wp\/v2\/product_tag?post=159034"}],"curies":[{"name":"wp","href":"https:\/\/api.w.org\/{rel}","templated":true}]}}