{"id":159029,"date":"2025-12-19T00:22:47","date_gmt":"2025-12-18T21:22:47","guid":{"rendered":"https:\/\/baldumarket.lt\/product\/szafka-kuchenna-dolna-2d-zabudowa-lodowki-sorento-d60zln-p-l-bialy-mat-bezowy-mat\/"},"modified":"2026-02-18T11:14:04","modified_gmt":"2026-02-18T08:14:04","slug":"szafka-kuchenna-dolna-2d-zabudowa-lodowki-sorento-d60zln-p-l-bialy-mat-bezowy-mat","status":"publish","type":"product","link":"https:\/\/baldumarket.lt\/lt\/product\/szafka-kuchenna-dolna-2d-zabudowa-lodowki-sorento-d60zln-p-l-bialy-mat-bezowy-mat\/","title":{"rendered":"Apatin\u0117 2D virtuv\u0117s spintel\u0117 su \u0161aldytuvu Sorento D60ZLN P\/L matin\u0117s baltos matin\u0117s sm\u0117lio spalvos"},"content":{"rendered":"<p>Atraskite unikali\u0105 apatin\u0119 virtuv\u0117s spintel\u0119 \u201eSorento D60ZLN\u201c, kuri yra ne tik prakti\u0161ka, bet ir stilinga. Neabejotinas jos privalumas \u2013 eleganti\u0161kas dizainas, puikiai atitinkantis \u0161iuolaikines interjero dizaino tendencijas. Subtilus matinis sm\u0117lio spalvos priekis puikiai kontrastuoja su baltu korpusu, sukurdamas harmoning\u0105 visum\u0105. \u0160i spintel\u0117 ne tik u\u017epildo virtuv\u0119 funkcionalumu, bet ir i\u0161skirtiniu stiliumi. Virtuv\u0117 \u2013 tai vieta, kur kasdienis funkcionalumas dera su elegancija. \u201eSorento\u201c spintel\u0117 buvo sukurta galvojant apie \u012fmontuojamus \u0161aldytuvus, tod\u0117l tai puikus pasirinkimas tiems, kurie siekia darnios virtuv\u0117s i\u0161vaizdos. Juodos metalin\u0117s rankenos suteikia modernumo, kartu pabr\u0117\u017eiant jos tvirtum\u0105 ir ilgaam\u017ei\u0161kum\u0105. Prakti\u0161kumas naudojant eina koja kojon su estetika. Reguliuojamos 15 cm kojel\u0117s leid\u017eia reguliuoti spintel\u0117s auk\u0161t\u012f pagal individualius poreikius \u2013 tai b\u016btinas atributas bet kurioje virtuv\u0117je. \u0160velniai u\u017esidarantys \u201eClip-On\u201c vyriai ne tik apsaugo nuo triuk\u0161mo, bet ir pailgina spintel\u0117s tarnavimo laik\u0105, o tai rei\u0161kia ilgalaik\u012f pasitenkinim\u0105 ja.<\/p>","protected":false},"excerpt":{"rendered":"<p>Plotis (cm): 60<br \/>\n\u016agis (cm): 247<br \/>\nGylis (cm): 58<\/p>","protected":false},"featured_media":159030,"comment_status":"open","ping_status":"open","template":"","meta":[],"product_brand":[],"product_cat":[9436,4106],"product_tag":[],"class_list":{"0":"post-159029","1":"product","2":"type-product","3":"status-publish","4":"has-post-thumbnail","6":"product_cat-kitchen-system-sorento","7":"product_cat-gala-meble","9":"first","10":"instock","11":"purchasable","12":"product-type-simple"},"_links":{"self":[{"href":"https:\/\/baldumarket.lt\/lt\/wp-json\/wp\/v2\/product\/159029","targetHints":{"allow":["GET"]}}],"collection":[{"href":"https:\/\/baldumarket.lt\/lt\/wp-json\/wp\/v2\/product"}],"about":[{"href":"https:\/\/baldumarket.lt\/lt\/wp-json\/wp\/v2\/types\/product"}],"replies":[{"embeddable":true,"href":"https:\/\/baldumarket.lt\/lt\/wp-json\/wp\/v2\/comments?post=159029"}],"wp:featuredmedia":[{"embeddable":true,"href":"https:\/\/baldumarket.lt\/lt\/wp-json\/wp\/v2\/media\/159030"}],"wp:attachment":[{"href":"https:\/\/baldumarket.lt\/lt\/wp-json\/wp\/v2\/media?parent=159029"}],"wp:term":[{"taxonomy":"product_brand","embeddable":true,"href":"https:\/\/baldumarket.lt\/lt\/wp-json\/wp\/v2\/product_brand?post=159029"},{"taxonomy":"product_cat","embeddable":true,"href":"https:\/\/baldumarket.lt\/lt\/wp-json\/wp\/v2\/product_cat?post=159029"},{"taxonomy":"product_tag","embeddable":true,"href":"https:\/\/baldumarket.lt\/lt\/wp-json\/wp\/v2\/product_tag?post=159029"}],"curies":[{"name":"wp","href":"https:\/\/api.w.org\/{rel}","templated":true}]}}