{"id":159019,"date":"2025-12-19T00:22:26","date_gmt":"2025-12-18T21:22:26","guid":{"rendered":"https:\/\/baldumarket.lt\/product\/szafka-kuchenna-dolna-2d-zabudowa-lodowki-sorento-d60zln-p-l-puccini-bezowy-mat\/"},"modified":"2026-02-18T11:13:47","modified_gmt":"2026-02-18T08:13:47","slug":"szafka-kuchenna-dolna-2d-zabudowa-lodowki-sorento-d60zln-p-l-puccini-bezowy-mat","status":"publish","type":"product","link":"https:\/\/baldumarket.lt\/lt\/product\/szafka-kuchenna-dolna-2d-zabudowa-lodowki-sorento-d60zln-p-l-puccini-bezowy-mat\/","title":{"rendered":"Apatin\u0117 2D virtuv\u0117s spintel\u0117 su \u0161aldytuvu Sorento D60ZLN P\/L Puccini matin\u0117s sm\u0117lio spalvos"},"content":{"rendered":"<p>\u201eSorento D60ZLN\u201c virtuv\u0117s spintel\u0117je susijungia elegancija ir funkcionalumas \u2013 idealus sprendimas visiems, vertinantiems estetik\u0105 ir prakti\u0161kum\u0105 virtuv\u0117je. Matin\u0117s sm\u0117lio spalvos priekis kartu su \u201ePuccini\u201c korpuso spalva sukuria harmoning\u0105 kompozicij\u0105, kuri suteiks j\u016bs\u0173 virtuvei modernumo. \u0160i spintel\u0117, skirta \u0161aldytuvui laikyti, ne tik atlieka savo praktin\u0119 paskirt\u012f, bet ir pary\u0161kina unikal\u0173 bet kokio interjero stili\u0173. Spintel\u0117s gerai apgalvotas dizainas leid\u017eia jai puikiai papildyti kitus virtuv\u0117s elementus. Juodos metalin\u0117s rankenos ne tik u\u017etikrina patvarum\u0105, bet ir suteikia i\u0161skirtin\u012f akcent\u0105 harmoningai bendrai i\u0161vaizdai. D\u0117l tyli\u0173 \u201eClip-On\u201c vyri\u0173 kiekvienas naudojimas bus eleganti\u0161kas ir patogus, pagerindamas kasdien\u012f malonum\u0105 virtuv\u0117je. \u201eSorento D60ZLN\u201c spintel\u0117 yra tobulo formos ir funkcijos derinio pavyzdys. Reguliuojamos kojel\u0117s u\u017etikrina stabilum\u0105 ant \u012fvairi\u0173 pavir\u0161i\u0173, tuo pa\u010diu leid\u017eia lengvai reguliuoti auk\u0161t\u012f pagal naudotojo poreikius. Laminuotas pavir\u0161ius yra patvarus ir atsparus pa\u017eeidimams, u\u017etikrinantis ilgalaik\u012f naudojim\u0105 nepakenkiant patraukliai i\u0161vaizdai.<\/p>","protected":false},"excerpt":{"rendered":"<p>Plotis (cm): 60<br \/>\n\u016agis (cm): 247<br \/>\nGylis (cm): 58<\/p>","protected":false},"featured_media":159020,"comment_status":"open","ping_status":"open","template":"","meta":[],"product_brand":[],"product_cat":[9436,4106],"product_tag":[],"class_list":{"0":"post-159019","1":"product","2":"type-product","3":"status-publish","4":"has-post-thumbnail","6":"product_cat-kitchen-system-sorento","7":"product_cat-gala-meble","9":"first","10":"instock","11":"purchasable","12":"product-type-simple"},"_links":{"self":[{"href":"https:\/\/baldumarket.lt\/lt\/wp-json\/wp\/v2\/product\/159019","targetHints":{"allow":["GET"]}}],"collection":[{"href":"https:\/\/baldumarket.lt\/lt\/wp-json\/wp\/v2\/product"}],"about":[{"href":"https:\/\/baldumarket.lt\/lt\/wp-json\/wp\/v2\/types\/product"}],"replies":[{"embeddable":true,"href":"https:\/\/baldumarket.lt\/lt\/wp-json\/wp\/v2\/comments?post=159019"}],"wp:featuredmedia":[{"embeddable":true,"href":"https:\/\/baldumarket.lt\/lt\/wp-json\/wp\/v2\/media\/159020"}],"wp:attachment":[{"href":"https:\/\/baldumarket.lt\/lt\/wp-json\/wp\/v2\/media?parent=159019"}],"wp:term":[{"taxonomy":"product_brand","embeddable":true,"href":"https:\/\/baldumarket.lt\/lt\/wp-json\/wp\/v2\/product_brand?post=159019"},{"taxonomy":"product_cat","embeddable":true,"href":"https:\/\/baldumarket.lt\/lt\/wp-json\/wp\/v2\/product_cat?post=159019"},{"taxonomy":"product_tag","embeddable":true,"href":"https:\/\/baldumarket.lt\/lt\/wp-json\/wp\/v2\/product_tag?post=159019"}],"curies":[{"name":"wp","href":"https:\/\/api.w.org\/{rel}","templated":true}]}}