{"id":159014,"date":"2025-12-19T00:22:16","date_gmt":"2025-12-18T21:22:16","guid":{"rendered":"https:\/\/baldumarket.lt\/product\/szafka-kuchenna-dolna-2d-zabudowa-lodowki-sorento-d60zln-p-l-puccini-bialy-mat-ramka\/"},"modified":"2026-02-18T11:13:47","modified_gmt":"2026-02-18T08:13:47","slug":"szafka-kuchenna-dolna-2d-zabudowa-lodowki-sorento-d60zln-p-l-puccini-bialy-mat-ramka","status":"publish","type":"product","link":"https:\/\/baldumarket.lt\/lt\/product\/szafka-kuchenna-dolna-2d-zabudowa-lodowki-sorento-d60zln-p-l-puccini-bialy-mat-ramka\/","title":{"rendered":"Apatin\u0117 2D virtuv\u0117s spintel\u0117 su \u0161aldytuvu Sorento D60ZLN P\/L Puccini matin\u0117s baltos spalvos r\u0117mas"},"content":{"rendered":"<p>Suteikite savo namams elegancijos ir modernumo su \u201eSorento D60ZLN\u201c virtuv\u0117s spintele, kuri puikiai dera prie dabartini\u0173 interjero dizaino tendencij\u0173. Matin\u0117s baltos spalvos apdaila dera prie beveik bet kokio virtuv\u0117s stiliaus \u2013 nuo minimalistinio iki skandinavi\u0161ko, sukurdama harmoning\u0105 ir sant\u016bri\u0105 erdv\u0119. \u201ePuccini\u201c korpuso spalva suteikia rafinuotumo, sukurdama subtil\u0173 balans\u0105 tarp paprastumo ir prabangos. \u0160i spintel\u0117 sukurta ne tik tam, kad patraukt\u0173 d\u0117mes\u012f, bet ir pagerint\u0173 bei papildyt\u0173 j\u016bs\u0173 virtuv\u0117s dizain\u0105. Prakti\u0161kumas ir stilius dera su \u201eSorento\u201c spintele, kuri si\u016blo auk\u0161\u010diausio lygio funkcionalum\u0105. D\u0117l i\u0161manaus dizaino, telpan\u010dio po \u012fmontuojamu \u0161aldytuvu, j\u016bs\u0173 virtuv\u0117 \u012fgaus daugiau erdv\u0117s. Reguliuojamos kojel\u0117s leid\u017eia reguliuoti auk\u0161t\u012f pagal individualius poreikius, u\u017etikrinant visi\u0161k\u0105 stabilum\u0105 ant bet kokio pavir\u0161iaus. Auksin\u0117s metalin\u0117s rankenos pabr\u0117\u017eia baldo presti\u017ein\u012f charakter\u012f, o \u0161velnaus u\u017edarymo mechanizmas u\u017etikrina patog\u0173 kasdien\u012f naudojim\u0105. \u0160ios spintel\u0117s pasirinkimas \u2013 tai investicija \u012f patvarum\u0105 ir auk\u0161t\u0105 kokyb\u0119. Tvirta MDF ir laminuotos plok\u0161t\u0117s konstrukcija u\u017etikrina atsparum\u0105 pa\u017eeidimams \u2013 ne\u012fkainojamas prana\u0161umas intensyviai naudojamoje virtuv\u0117s erdv\u0117je. Minimalizmo siekis apima ne tik estetik\u0105, bet ir kokybi\u0161k\u0105 meistri\u0161kum\u0105. Med\u017eiag\u0173 patvarumas u\u017etikrina ilgalaik\u012f funkcionalum\u0105, o eleganti\u0161kas dizainas visada bus stilingas.<\/p>","protected":false},"excerpt":{"rendered":"<p>Plotis (cm): 60<br \/>\n\u016agis (cm): 247<br \/>\nGylis (cm): 58<\/p>","protected":false},"featured_media":159015,"comment_status":"open","ping_status":"open","template":"","meta":[],"product_brand":[],"product_cat":[9436,4106],"product_tag":[],"class_list":{"0":"post-159014","1":"product","2":"type-product","3":"status-publish","4":"has-post-thumbnail","6":"product_cat-kitchen-system-sorento","7":"product_cat-gala-meble","9":"first","10":"instock","11":"purchasable","12":"product-type-simple"},"_links":{"self":[{"href":"https:\/\/baldumarket.lt\/lt\/wp-json\/wp\/v2\/product\/159014","targetHints":{"allow":["GET"]}}],"collection":[{"href":"https:\/\/baldumarket.lt\/lt\/wp-json\/wp\/v2\/product"}],"about":[{"href":"https:\/\/baldumarket.lt\/lt\/wp-json\/wp\/v2\/types\/product"}],"replies":[{"embeddable":true,"href":"https:\/\/baldumarket.lt\/lt\/wp-json\/wp\/v2\/comments?post=159014"}],"wp:featuredmedia":[{"embeddable":true,"href":"https:\/\/baldumarket.lt\/lt\/wp-json\/wp\/v2\/media\/159015"}],"wp:attachment":[{"href":"https:\/\/baldumarket.lt\/lt\/wp-json\/wp\/v2\/media?parent=159014"}],"wp:term":[{"taxonomy":"product_brand","embeddable":true,"href":"https:\/\/baldumarket.lt\/lt\/wp-json\/wp\/v2\/product_brand?post=159014"},{"taxonomy":"product_cat","embeddable":true,"href":"https:\/\/baldumarket.lt\/lt\/wp-json\/wp\/v2\/product_cat?post=159014"},{"taxonomy":"product_tag","embeddable":true,"href":"https:\/\/baldumarket.lt\/lt\/wp-json\/wp\/v2\/product_tag?post=159014"}],"curies":[{"name":"wp","href":"https:\/\/api.w.org\/{rel}","templated":true}]}}