{"id":159009,"date":"2025-12-19T00:22:06","date_gmt":"2025-12-18T21:22:06","guid":{"rendered":"https:\/\/baldumarket.lt\/product\/szafka-kuchenna-dolna-2d-zabudowa-piekarnika-sorento-d60pwn-p-l-baltic-storm-bezowy-mat\/"},"modified":"2026-02-18T11:13:47","modified_gmt":"2026-02-18T08:13:47","slug":"szafka-kuchenna-dolna-2d-zabudowa-piekarnika-sorento-d60pwn-p-l-baltic-storm-bezowy-mat","status":"publish","type":"product","link":"https:\/\/baldumarket.lt\/lt\/product\/szafka-kuchenna-dolna-2d-zabudowa-piekarnika-sorento-d60pwn-p-l-baltic-storm-bezowy-mat\/","title":{"rendered":"Apatin\u0117 2D virtuv\u0117s spintel\u0117 su orkaite Sorento D60PWN P\/L Baltic Storm matin\u0117 sm\u0117lio spalvos"},"content":{"rendered":"<p>Atraskite elegancij\u0105 ir funkcionalum\u0105, kur\u012f si\u016blo apatin\u0117 virtuv\u0117s spintel\u0117 \u201eSorento D60PWN\u201c. Pagaminta i\u0161 auk\u0161\u010diausios kokyb\u0117s laminuotos plok\u0161t\u0117s, \u0161i stilinga matin\u0117s sm\u0117lio spalvos spintel\u0117 ne tik sustiprins j\u016bs\u0173 virtuv\u0117s elegancij\u0105, bet ir sukurs linksm\u0105 atmosfer\u0105. Subtilios spalvos ir minimalistinis dizainas puikiai dera prie modernaus interjero, suteikdamas unikalaus charakterio. D\u0117l gerai apgalvoto dizaino \u201eSorento D60PWN\u201c tampa nepakei\u010diamu bet kurios funkcionalios virtuv\u0117s elementu. Puikiai tinka \u012fmontuojamoms orkait\u0117ms, ji si\u016blo patogum\u0105 ir tvark\u0105, paversdama kasdien\u012f maisto gaminim\u0105 malonumu. \u0160velniai u\u017esidaran\u010dios durel\u0117s yra papildomas privalumas, padidinantis naudojimo komfort\u0105 ir paver\u010diantis virtuv\u0119 harmoninga erdve. Juoda metalin\u0117 rankena suteikia spintelei modern\u0173 vaizd\u0105 ir leid\u017eia j\u0105 lengvai atidaryti, sukurdama subtili\u0105, kontrasting\u0105 linij\u0105 jos pavir\u0161iuje. D\u0117l reguliuojam\u0173 15 cm kojeli\u0173 galite puikiai pritaikyti j\u0105 savo poreikiams, u\u017etikrindami viso baldo stabilum\u0105 ir estetik\u0105. Spintel\u0119 taip pat lengva surinkti, tod\u0117l j\u0105 galite surinkti patys.<\/p>","protected":false},"excerpt":{"rendered":"<p>Plotis (cm): 60<br \/>\n\u016agis (cm): 247<br \/>\nGylis (cm): 58<\/p>","protected":false},"featured_media":159010,"comment_status":"open","ping_status":"open","template":"","meta":[],"product_brand":[],"product_cat":[9436,4106],"product_tag":[],"class_list":{"0":"post-159009","1":"product","2":"type-product","3":"status-publish","4":"has-post-thumbnail","6":"product_cat-kitchen-system-sorento","7":"product_cat-gala-meble","9":"first","10":"instock","11":"purchasable","12":"product-type-simple"},"_links":{"self":[{"href":"https:\/\/baldumarket.lt\/lt\/wp-json\/wp\/v2\/product\/159009","targetHints":{"allow":["GET"]}}],"collection":[{"href":"https:\/\/baldumarket.lt\/lt\/wp-json\/wp\/v2\/product"}],"about":[{"href":"https:\/\/baldumarket.lt\/lt\/wp-json\/wp\/v2\/types\/product"}],"replies":[{"embeddable":true,"href":"https:\/\/baldumarket.lt\/lt\/wp-json\/wp\/v2\/comments?post=159009"}],"wp:featuredmedia":[{"embeddable":true,"href":"https:\/\/baldumarket.lt\/lt\/wp-json\/wp\/v2\/media\/159010"}],"wp:attachment":[{"href":"https:\/\/baldumarket.lt\/lt\/wp-json\/wp\/v2\/media?parent=159009"}],"wp:term":[{"taxonomy":"product_brand","embeddable":true,"href":"https:\/\/baldumarket.lt\/lt\/wp-json\/wp\/v2\/product_brand?post=159009"},{"taxonomy":"product_cat","embeddable":true,"href":"https:\/\/baldumarket.lt\/lt\/wp-json\/wp\/v2\/product_cat?post=159009"},{"taxonomy":"product_tag","embeddable":true,"href":"https:\/\/baldumarket.lt\/lt\/wp-json\/wp\/v2\/product_tag?post=159009"}],"curies":[{"name":"wp","href":"https:\/\/api.w.org\/{rel}","templated":true}]}}