{"id":159004,"date":"2025-12-19T00:21:56","date_gmt":"2025-12-18T21:21:56","guid":{"rendered":"https:\/\/baldumarket.lt\/product\/szafka-kuchenna-dolna-2d-zabudowa-piekarnika-sorento-d60pwn-p-l-baltic-storm-green\/"},"modified":"2026-02-18T11:13:47","modified_gmt":"2026-02-18T08:13:47","slug":"szafka-kuchenna-dolna-2d-zabudowa-piekarnika-sorento-d60pwn-p-l-baltic-storm-green","status":"publish","type":"product","link":"https:\/\/baldumarket.lt\/lt\/product\/szafka-kuchenna-dolna-2d-zabudowa-piekarnika-sorento-d60pwn-p-l-baltic-storm-green\/","title":{"rendered":"Apatin\u0117 2D virtuv\u0117s spintel\u0117 su orkaite Sorento D60PWN P\/L Baltic Storm Green"},"content":{"rendered":"<p>Pasiruo\u0161kite pakelti savo virtuv\u0117s estetik\u0105 su unikalia \u201eSorento D60PWN\u201c apatine virtuv\u0117s spintele. \u0160is eleganti\u0161kas spintelis yra puikus sprendimas tiems, kurie vertina modern\u0173 dizain\u0105 ir funkcionalum\u0105. Matin\u0117s \u017ealios spalvos fasadas sukuria harmoning\u0105, rami\u0105 atmosfer\u0105, puikiai papildan\u010di\u0105 \u201eBaltic Storm\u201c korpus\u0105. Tai ne tik virtuv\u0117s baldas \u2013 tai investicija \u012f j\u016bs\u0173 erdv\u0117s stili\u0173 ir elegancij\u0105. \u201eSorento\u201c spintel\u0117 sukurta galvojant apie kasdien\u012f komfort\u0105, derinant auk\u0161tos kokyb\u0117s med\u017eiagas su apgalvotu i\u0161d\u0117stymu. Laminuota apdaila u\u017etikrina atsparum\u0105 pa\u017eeidimams, puikiai tinka virtuv\u0117s aplinkai. Auk\u0161tos, reguliuojamos kojel\u0117s leid\u017eia reguliuoti auk\u0161t\u012f pagal savo poreikius, u\u017etikrinant puik\u0173 stabilum\u0105 ir komfort\u0105 kulinarini\u0173 nuotyki\u0173 metu. Intuityvus dizainas slepia speciali\u0105 viet\u0105 orkaitei, tod\u0117l galite sukurti viening\u0105 virtuv\u0117s i\u0161vaizd\u0105 nepakenkdami estetikai. Juodos metalin\u0117s rankenos suteikia modernumo ir yra prakti\u0161kos kasdieniam naudojimui. D\u0117l \u201eClip-On\u201c vyri\u0173 su \u0161velnaus u\u017edarymo funkcija kasdien pajusite prabang\u0105 atidarant ir u\u017edarant spinteles be jokio triuk\u0161mo.<\/p>","protected":false},"excerpt":{"rendered":"<p>Plotis (cm): 60<br \/>\n\u016agis (cm): 247<br \/>\nGylis (cm): 58<\/p>","protected":false},"featured_media":159005,"comment_status":"open","ping_status":"open","template":"","meta":[],"product_brand":[],"product_cat":[9436,4106],"product_tag":[],"class_list":{"0":"post-159004","1":"product","2":"type-product","3":"status-publish","4":"has-post-thumbnail","6":"product_cat-kitchen-system-sorento","7":"product_cat-gala-meble","9":"first","10":"instock","11":"purchasable","12":"product-type-simple"},"_links":{"self":[{"href":"https:\/\/baldumarket.lt\/lt\/wp-json\/wp\/v2\/product\/159004","targetHints":{"allow":["GET"]}}],"collection":[{"href":"https:\/\/baldumarket.lt\/lt\/wp-json\/wp\/v2\/product"}],"about":[{"href":"https:\/\/baldumarket.lt\/lt\/wp-json\/wp\/v2\/types\/product"}],"replies":[{"embeddable":true,"href":"https:\/\/baldumarket.lt\/lt\/wp-json\/wp\/v2\/comments?post=159004"}],"wp:featuredmedia":[{"embeddable":true,"href":"https:\/\/baldumarket.lt\/lt\/wp-json\/wp\/v2\/media\/159005"}],"wp:attachment":[{"href":"https:\/\/baldumarket.lt\/lt\/wp-json\/wp\/v2\/media?parent=159004"}],"wp:term":[{"taxonomy":"product_brand","embeddable":true,"href":"https:\/\/baldumarket.lt\/lt\/wp-json\/wp\/v2\/product_brand?post=159004"},{"taxonomy":"product_cat","embeddable":true,"href":"https:\/\/baldumarket.lt\/lt\/wp-json\/wp\/v2\/product_cat?post=159004"},{"taxonomy":"product_tag","embeddable":true,"href":"https:\/\/baldumarket.lt\/lt\/wp-json\/wp\/v2\/product_tag?post=159004"}],"curies":[{"name":"wp","href":"https:\/\/api.w.org\/{rel}","templated":true}]}}