{"id":158999,"date":"2025-12-19T00:21:45","date_gmt":"2025-12-18T21:21:45","guid":{"rendered":"https:\/\/baldumarket.lt\/product\/szafka-kuchenna-dolna-2d-zabudowa-piekarnika-sorento-d60pwn-p-l-bialy-green\/"},"modified":"2026-02-18T11:13:47","modified_gmt":"2026-02-18T08:13:47","slug":"szafka-kuchenna-dolna-2d-zabudowa-piekarnika-sorento-d60pwn-p-l-bialy-green","status":"publish","type":"product","link":"https:\/\/baldumarket.lt\/lt\/product\/szafka-kuchenna-dolna-2d-zabudowa-piekarnika-sorento-d60pwn-p-l-bialy-green\/","title":{"rendered":"Apatin\u0117 2D virtuv\u0117s spintel\u0117 su orkaite Sorento D60PWN P\/L balta \u017ealia"},"content":{"rendered":"<p>Atraskite unikali\u0105 apatin\u0119 virtuv\u0117s spintel\u0119 su orkaite \u201eSorento 2D\u201c \u2013 bald\u0105, kuris j\u016bs\u0173 virtuvei suteiks modernumo. \u0160i eleganti\u0161ka 60 cm plo\u010dio spintel\u0117 sujungia funkcionalum\u0105 ir estetik\u0105, si\u016blydama gra\u017e\u0173 matin\u0117s baltos ir \u017eali\u0173 fasad\u0173 derin\u012f. Minimalistinis dizainas puikiai tinka madingam interjerui, pabr\u0117\u017eiant j\u016bs\u0173 individual\u0173 skon\u012f ir d\u0117mes\u012f detal\u0117ms. Prakti\u0161kumas ir modernumas dera tarpusavyje \u2013 d\u0117l i\u0161manaus dizaino \u201eSorento\u201c spintel\u0117je galima \u012fmontuoti orkait\u0119 \u2013 sprendimas, ypa\u010d vertinamas ma\u017eose virtuv\u0117se. Auk\u0161tos, reguliuojamo auk\u0161\u010dio kojel\u0117s ne tik suteikia stabilumo, bet ir palengvina valym\u0105 po spintele. Dizainas be matom\u0173 kojeli\u0173 suteikia virtuv\u0117s erdvei harmonijos ir lengvumo. Spintel\u0117 pagaminta i\u0161 18 mm storio laminuotos plok\u0161t\u0117s, tod\u0117l yra ypa\u010d atspari pa\u017eeidimams, u\u017etikrina ilgalaik\u012f naudojim\u0105 ir lengv\u0105 prie\u017ei\u016br\u0105. Eleganti\u0161kos juodos spalvos metalin\u0117s rankenos u\u017ebaigia dizain\u0105, suteikdamos spintelei modernumo. D\u0117l tyli\u0173 \u201eClip-On\u201c vyri\u0173 dureli\u0173 atidarymas ir u\u017edarymas tampa malonumu, pa\u0161alinant triuk\u0161m\u0105, o tai yra didelis privalumas kasdien naudojant.<\/p>","protected":false},"excerpt":{"rendered":"<p>Plotis (cm): 60<br \/>\n\u016agis (cm): 247<br \/>\nGylis (cm): 58<\/p>","protected":false},"featured_media":159000,"comment_status":"open","ping_status":"open","template":"","meta":[],"product_brand":[],"product_cat":[9436,4106],"product_tag":[],"class_list":{"0":"post-158999","1":"product","2":"type-product","3":"status-publish","4":"has-post-thumbnail","6":"product_cat-kitchen-system-sorento","7":"product_cat-gala-meble","9":"first","10":"instock","11":"purchasable","12":"product-type-simple"},"_links":{"self":[{"href":"https:\/\/baldumarket.lt\/lt\/wp-json\/wp\/v2\/product\/158999","targetHints":{"allow":["GET"]}}],"collection":[{"href":"https:\/\/baldumarket.lt\/lt\/wp-json\/wp\/v2\/product"}],"about":[{"href":"https:\/\/baldumarket.lt\/lt\/wp-json\/wp\/v2\/types\/product"}],"replies":[{"embeddable":true,"href":"https:\/\/baldumarket.lt\/lt\/wp-json\/wp\/v2\/comments?post=158999"}],"wp:featuredmedia":[{"embeddable":true,"href":"https:\/\/baldumarket.lt\/lt\/wp-json\/wp\/v2\/media\/159000"}],"wp:attachment":[{"href":"https:\/\/baldumarket.lt\/lt\/wp-json\/wp\/v2\/media?parent=158999"}],"wp:term":[{"taxonomy":"product_brand","embeddable":true,"href":"https:\/\/baldumarket.lt\/lt\/wp-json\/wp\/v2\/product_brand?post=158999"},{"taxonomy":"product_cat","embeddable":true,"href":"https:\/\/baldumarket.lt\/lt\/wp-json\/wp\/v2\/product_cat?post=158999"},{"taxonomy":"product_tag","embeddable":true,"href":"https:\/\/baldumarket.lt\/lt\/wp-json\/wp\/v2\/product_tag?post=158999"}],"curies":[{"name":"wp","href":"https:\/\/api.w.org\/{rel}","templated":true}]}}