{"id":158994,"date":"2025-12-19T00:21:35","date_gmt":"2025-12-18T21:21:35","guid":{"rendered":"https:\/\/baldumarket.lt\/product\/szafka-kuchenna-dolna-2d-zabudowa-piekarnika-sorento-d60pwn-p-l-bialy-mat-bezowy-mat\/"},"modified":"2026-02-18T11:13:47","modified_gmt":"2026-02-18T08:13:47","slug":"szafka-kuchenna-dolna-2d-zabudowa-piekarnika-sorento-d60pwn-p-l-bialy-mat-bezowy-mat","status":"publish","type":"product","link":"https:\/\/baldumarket.lt\/lt\/product\/szafka-kuchenna-dolna-2d-zabudowa-piekarnika-sorento-d60pwn-p-l-bialy-mat-bezowy-mat\/","title":{"rendered":"Apatin\u0117 2D virtuv\u0117s spintel\u0117 su orkaite Sorento D60PWN P\/L matin\u0117 balta matin\u0117 sm\u0117lio spalva"},"content":{"rendered":"<p>Atraskite modern\u0173 elegancij\u0105 savo virtuv\u0117je su \u201eSorento D60PWN\u201c apatine spintele. \u0160is stilingas dizainas sujungia matin\u0117s sm\u0117lio spalvos priekio subtilum\u0105 su klasikiniu matin\u0117s baltos spalvos korpusu, suteikdamas j\u016bs\u0173 interjerui subtilumo ir harmoningumo. Minimalistinis dizainas ir juodos metalin\u0117s rankenos sukuria unikal\u0173 akcent\u0105, kuris neabejotinai patrauks sve\u010di\u0173 ak\u012f ir taps j\u016bs\u0173 virtuv\u0117s erdv\u0117s \u0161irdimi. \u201eSorento\u201c spintel\u0117 yra ne tik esteti\u0161kai patraukli, bet ir funkcionali. D\u0117l savo auk\u0161\u010dio joje telpa daugyb\u0117 virtuv\u0117s pried\u0173, tod\u0117l yra puiki vieta orkaitei. Dvi reguliuojamos lentynos supaprastina erdv\u0117s organizavim\u0105, u\u017etikrindamos, kad visi reikalingi daiktai visada b\u016bt\u0173 ranka pasiekiami. \u0160velniai u\u017esidarantys vyriai u\u017etikrina auk\u0161\u010diausi\u0105 komforto lyg\u012f, pa\u0161alindami netik\u0117tus girg\u017edesius ir garsus atidarant ir u\u017edarant. Jums nereikia r\u016bpintis sud\u0117tingu surinkimu. Spintel\u0117 buvo suprojektuota galvojant apie paprastum\u0105, tod\u0117l j\u0105 surinkti savaranki\u0161kai yra labai paprasta. Be to, 15 cm reguliuojamos kojel\u0117s leid\u017eia optimaliai prisitaikyti prie nelygi\u0173 grind\u0173, tod\u0117l ji yra patikimas bet kurio kambario papildymas. Pu\u0161ies apdaila ir auk\u0161tos kokyb\u0117s laminuotos lentos garantuoja patvarum\u0105 ir atsparum\u0105 pa\u017eeidimams, u\u017etikrindamos, kad spintel\u0117 tarnaus ilgus metus.<\/p>","protected":false},"excerpt":{"rendered":"<p>Plotis (cm): 60<br \/>\n\u016agis (cm): 247<br \/>\nGylis (cm): 58<\/p>","protected":false},"featured_media":158995,"comment_status":"open","ping_status":"open","template":"","meta":[],"product_brand":[],"product_cat":[9436,4106],"product_tag":[],"class_list":{"0":"post-158994","1":"product","2":"type-product","3":"status-publish","4":"has-post-thumbnail","6":"product_cat-kitchen-system-sorento","7":"product_cat-gala-meble","9":"first","10":"instock","11":"purchasable","12":"product-type-simple"},"_links":{"self":[{"href":"https:\/\/baldumarket.lt\/lt\/wp-json\/wp\/v2\/product\/158994","targetHints":{"allow":["GET"]}}],"collection":[{"href":"https:\/\/baldumarket.lt\/lt\/wp-json\/wp\/v2\/product"}],"about":[{"href":"https:\/\/baldumarket.lt\/lt\/wp-json\/wp\/v2\/types\/product"}],"replies":[{"embeddable":true,"href":"https:\/\/baldumarket.lt\/lt\/wp-json\/wp\/v2\/comments?post=158994"}],"wp:featuredmedia":[{"embeddable":true,"href":"https:\/\/baldumarket.lt\/lt\/wp-json\/wp\/v2\/media\/158995"}],"wp:attachment":[{"href":"https:\/\/baldumarket.lt\/lt\/wp-json\/wp\/v2\/media?parent=158994"}],"wp:term":[{"taxonomy":"product_brand","embeddable":true,"href":"https:\/\/baldumarket.lt\/lt\/wp-json\/wp\/v2\/product_brand?post=158994"},{"taxonomy":"product_cat","embeddable":true,"href":"https:\/\/baldumarket.lt\/lt\/wp-json\/wp\/v2\/product_cat?post=158994"},{"taxonomy":"product_tag","embeddable":true,"href":"https:\/\/baldumarket.lt\/lt\/wp-json\/wp\/v2\/product_tag?post=158994"}],"curies":[{"name":"wp","href":"https:\/\/api.w.org\/{rel}","templated":true}]}}