{"id":158989,"date":"2025-12-19T00:21:25","date_gmt":"2025-12-18T21:21:25","guid":{"rendered":"https:\/\/baldumarket.lt\/product\/szafka-kuchenna-dolna-2d-zabudowa-piekarnika-sorento-d60pwn-p-l-bialy-mat-puccini\/"},"modified":"2026-02-18T11:13:47","modified_gmt":"2026-02-18T08:13:47","slug":"szafka-kuchenna-dolna-2d-zabudowa-piekarnika-sorento-d60pwn-p-l-bialy-mat-puccini","status":"publish","type":"product","link":"https:\/\/baldumarket.lt\/lt\/product\/szafka-kuchenna-dolna-2d-zabudowa-piekarnika-sorento-d60pwn-p-l-bialy-mat-puccini\/","title":{"rendered":"Apatin\u0117 2D virtuv\u0117s spintel\u0117 su orkaite Sorento D60PWN P\/L matin\u0117s baltos spalvos Puccini"},"content":{"rendered":"<p>Atraskite i\u0161skirtin\u0119 elegancij\u0105 ir funkcionalum\u0105 savo virtuv\u0117je su \u012fmontuojama \u201eSorento D60PWN P\/L\u201c orkait\u0117s spintele su matin\u0117s baltos spalvos \u201ePuccini\u201c apdaila. \u0160i spintel\u0117 yra modernios estetikos kvintesencija, derinanti stiling\u0105 dizain\u0105 su prakti\u0161kumu, kad patenkint\u0173 visus j\u016bs\u0173 virtuv\u0117s poreikius. \u0160viesi spalv\u0173 gama harmoningai papildo bet kok\u012f interjero dizain\u0105, suteikdama prabangos. Ruo\u0161iant maist\u0105, svarbiausia yra funkcionalumas, o ne tik dizainas. \u201eSorento\u201c virtuv\u0117s spintel\u0117 pagaminta i\u0161 auk\u0161tos kokyb\u0117s laminuotos plok\u0161t\u0117s, tod\u0117l ji atspari kasdieniam d\u0117v\u0117jimuisi. Reguliuojamos kojel\u0117s leid\u017eia puikiai prisitaikyti prie j\u016bs\u0173 erdv\u0117s, garantuojant stabilum\u0105 ir paprast\u0105 naudojim\u0105. Tai patikimas pagrindas bet kokiam moderniam virtuv\u0117s prietaisui. Be to, \u012frengdami \u0161\u012f prietais\u0105 savo virtuv\u0117je, \u012fvertinsite jo modern\u0173 u\u017edarymo mechanizm\u0105. U\u017esegami vyriai su \u0161velnaus u\u017edarymo funkcija paver\u010dia spintel\u0117s naudojim\u0105 tikru malonumu, pa\u0161alina nemalonius trinktel\u0117jimo garsus ir suteikia sklandesnio poj\u016b\u010dio kasdienei veiklai. Tai daro kiekvien\u0105 akimirk\u0105 virtuv\u0117je patogesn\u0119 ir malonesn\u0119.<\/p>","protected":false},"excerpt":{"rendered":"<p>Plotis (cm): 60<br \/>\n\u016agis (cm): 247<br \/>\nGylis (cm): 58<\/p>","protected":false},"featured_media":158990,"comment_status":"open","ping_status":"open","template":"","meta":[],"product_brand":[],"product_cat":[9436,4106],"product_tag":[],"class_list":{"0":"post-158989","1":"product","2":"type-product","3":"status-publish","4":"has-post-thumbnail","6":"product_cat-kitchen-system-sorento","7":"product_cat-gala-meble","9":"first","10":"instock","11":"purchasable","12":"product-type-simple"},"_links":{"self":[{"href":"https:\/\/baldumarket.lt\/lt\/wp-json\/wp\/v2\/product\/158989","targetHints":{"allow":["GET"]}}],"collection":[{"href":"https:\/\/baldumarket.lt\/lt\/wp-json\/wp\/v2\/product"}],"about":[{"href":"https:\/\/baldumarket.lt\/lt\/wp-json\/wp\/v2\/types\/product"}],"replies":[{"embeddable":true,"href":"https:\/\/baldumarket.lt\/lt\/wp-json\/wp\/v2\/comments?post=158989"}],"wp:featuredmedia":[{"embeddable":true,"href":"https:\/\/baldumarket.lt\/lt\/wp-json\/wp\/v2\/media\/158990"}],"wp:attachment":[{"href":"https:\/\/baldumarket.lt\/lt\/wp-json\/wp\/v2\/media?parent=158989"}],"wp:term":[{"taxonomy":"product_brand","embeddable":true,"href":"https:\/\/baldumarket.lt\/lt\/wp-json\/wp\/v2\/product_brand?post=158989"},{"taxonomy":"product_cat","embeddable":true,"href":"https:\/\/baldumarket.lt\/lt\/wp-json\/wp\/v2\/product_cat?post=158989"},{"taxonomy":"product_tag","embeddable":true,"href":"https:\/\/baldumarket.lt\/lt\/wp-json\/wp\/v2\/product_tag?post=158989"}],"curies":[{"name":"wp","href":"https:\/\/api.w.org\/{rel}","templated":true}]}}