{"id":158984,"date":"2025-12-19T00:21:14","date_gmt":"2025-12-18T21:21:14","guid":{"rendered":"https:\/\/baldumarket.lt\/product\/szafka-kuchenna-dolna-2d-zabudowa-piekarnika-sorento-d60pwn-p-l-puccini\/"},"modified":"2026-02-18T11:13:30","modified_gmt":"2026-02-18T08:13:30","slug":"szafka-kuchenna-dolna-2d-zabudowa-piekarnika-sorento-d60pwn-p-l-puccini","status":"publish","type":"product","link":"https:\/\/baldumarket.lt\/lt\/product\/szafka-kuchenna-dolna-2d-zabudowa-piekarnika-sorento-d60pwn-p-l-puccini\/","title":{"rendered":"Apatin\u0117 2D virtuv\u0117s spintel\u0117 su orkaite Sorento D60PWN P\/L Puccini"},"content":{"rendered":"<p>Pristatome \u201ePuccini Sorento D60PWN P\/L 2-D\u201c virtuv\u0117s spintel\u0119 \u2013 tobul\u0105 sprendim\u0105 visiems elegancijos ir funkcionalumo m\u0117g\u0117jams. Unikali \u201ePuccini\u201c spalva derina paprastum\u0105 ir elegancij\u0105, sukurdama prabangos ir rafinuotumo atmosfer\u0105 bet kurioje virtuv\u0117je. Tai puikus pasirinkimas, kuris pabr\u0117\u0161 rafinuot\u0105 savininko skon\u012f. Spintel\u0117 pagaminta i\u0161 auk\u0161tos kokyb\u0117s laminuotos plok\u0161t\u0117s, kuri ne tik suteikia jai modernumo, bet ir yra atspari pa\u017eeidimams bei kasdieniam d\u0117v\u0117jimuisi. \u0160is virtuv\u0117s elementas leid\u017eia lengvai integruoti orkait\u0119, sukuriant itin prakti\u0161k\u0105 ir esteti\u0161kai vientis\u0105 erdv\u0119. Juodos metalin\u0117s rankenos suteikia elegancijos ir yra patogios kasdieniam naudojimui. D\u0117l reguliuojamo koj\u0173 auk\u0161\u010dio (15\u201317 cm) \u0161i spintel\u0117 yra lanksti ir pritaikoma individualiems poreikiams bei kambario s\u0105lygoms. \u0160velnaus u\u017edarymo sistema suteikia papildomo komforto, panaikindama staigaus dureli\u0173 u\u017edarymo gars\u0105, o tai itin prakti\u0161ka kasdieniam naudojimui ir padidina spintel\u0117s patvarum\u0105.<\/p>","protected":false},"excerpt":{"rendered":"<p>Plotis (cm): 60<br \/>\n\u016agis (cm): 247<br \/>\nGylis (cm): 58<\/p>","protected":false},"featured_media":158985,"comment_status":"open","ping_status":"open","template":"","meta":[],"product_brand":[],"product_cat":[9436,4106],"product_tag":[],"class_list":{"0":"post-158984","1":"product","2":"type-product","3":"status-publish","4":"has-post-thumbnail","6":"product_cat-kitchen-system-sorento","7":"product_cat-gala-meble","9":"first","10":"instock","11":"purchasable","12":"product-type-simple"},"_links":{"self":[{"href":"https:\/\/baldumarket.lt\/lt\/wp-json\/wp\/v2\/product\/158984","targetHints":{"allow":["GET"]}}],"collection":[{"href":"https:\/\/baldumarket.lt\/lt\/wp-json\/wp\/v2\/product"}],"about":[{"href":"https:\/\/baldumarket.lt\/lt\/wp-json\/wp\/v2\/types\/product"}],"replies":[{"embeddable":true,"href":"https:\/\/baldumarket.lt\/lt\/wp-json\/wp\/v2\/comments?post=158984"}],"wp:featuredmedia":[{"embeddable":true,"href":"https:\/\/baldumarket.lt\/lt\/wp-json\/wp\/v2\/media\/158985"}],"wp:attachment":[{"href":"https:\/\/baldumarket.lt\/lt\/wp-json\/wp\/v2\/media?parent=158984"}],"wp:term":[{"taxonomy":"product_brand","embeddable":true,"href":"https:\/\/baldumarket.lt\/lt\/wp-json\/wp\/v2\/product_brand?post=158984"},{"taxonomy":"product_cat","embeddable":true,"href":"https:\/\/baldumarket.lt\/lt\/wp-json\/wp\/v2\/product_cat?post=158984"},{"taxonomy":"product_tag","embeddable":true,"href":"https:\/\/baldumarket.lt\/lt\/wp-json\/wp\/v2\/product_tag?post=158984"}],"curies":[{"name":"wp","href":"https:\/\/api.w.org\/{rel}","templated":true}]}}