{"id":158979,"date":"2025-12-19T00:21:03","date_gmt":"2025-12-18T21:21:03","guid":{"rendered":"https:\/\/baldumarket.lt\/product\/szafka-kuchenna-dolna-2d-zabudowa-piekarnika-sorento-d60pwn-p-l-puccini-bezowy-mat\/"},"modified":"2026-02-18T11:13:30","modified_gmt":"2026-02-18T08:13:30","slug":"szafka-kuchenna-dolna-2d-zabudowa-piekarnika-sorento-d60pwn-p-l-puccini-bezowy-mat","status":"publish","type":"product","link":"https:\/\/baldumarket.lt\/lt\/product\/szafka-kuchenna-dolna-2d-zabudowa-piekarnika-sorento-d60pwn-p-l-puccini-bezowy-mat\/","title":{"rendered":"Apatin\u0117 2D virtuv\u0117s spintel\u0117 su orkaite Sorento D60PWN P\/L Puccini matin\u0117s sm\u0117lio spalvos"},"content":{"rendered":"<p>Atraskite unikal\u0173 \u017eaves\u012f ir funkcionalum\u0105 \u2013 eleganti\u0161k\u0105 matin\u0117s sm\u0117lio spalvos \u201eSorento D60PWN\u201c virtuv\u0117s spintel\u0119. \u0160i apatin\u0117 orkait\u0117s spintel\u0117 yra modernaus dizaino kvintesencija, suteikianti j\u016bs\u0173 virtuvei ne tik estetin\u012f patrauklum\u0105, bet ir prakti\u0161k\u0173 sprendim\u0173. Klasikin\u0117 matin\u0117s sm\u0117lio spalvos spalva puikiai dera su kitais virtuv\u0117s elementais, suteikdama erdvei harmoning\u0105 ir \u0161ilt\u0105 charakter\u012f. \u201eSorento\u201c spintel\u0117 \u2013 tai tobulas stiliaus ir funkcionalumo derinys. Patvari laminuota konstrukcija leid\u017eia jai b\u016bti atsparia kasdieniam naudojimui ir garantuoja ilgalaik\u012f pasitenkinim\u0105. Kontrastingos juodos spalvos metalin\u0117s rankenos suteikia modernumo ir pabr\u0117\u017eia eleganti\u0161k\u0105 interjero dizain\u0105. \u0160velniai u\u017esidarantys \u201eClip-On\u201c vyriai padidina komfort\u0105, tod\u0117l kiekvienas apsilankymas virtuv\u0117je yra malonus. J\u016bs\u0173 virtuvei reikia funkcionali\u0173 sprendim\u0173, o \u012fmontuojama orkait\u0117s spintel\u0117 yra ne\u012fkainojamas bet kurios modernios virtuv\u0117s elementas. 15 cm auk\u0161\u010dio reguliuojamo auk\u0161\u010dio kojel\u0117s suteikia lankst\u0173 i\u0161d\u0117stym\u0105, tod\u0117l galite pritaikyti spintel\u0119 prie individuali\u0173 poreiki\u0173 ir pageidavim\u0173. Tai puikus sprendimas bet kuriai erdvei, kurios \u0161irdis plaka pagal skonio ir stiliaus ritm\u0105.<\/p>","protected":false},"excerpt":{"rendered":"<p>Plotis (cm): 60<br \/>\n\u016agis (cm): 247<br \/>\nGylis (cm): 58<\/p>","protected":false},"featured_media":158980,"comment_status":"open","ping_status":"open","template":"","meta":[],"product_brand":[],"product_cat":[9436,4106],"product_tag":[],"class_list":{"0":"post-158979","1":"product","2":"type-product","3":"status-publish","4":"has-post-thumbnail","6":"product_cat-kitchen-system-sorento","7":"product_cat-gala-meble","9":"first","10":"instock","11":"purchasable","12":"product-type-simple"},"_links":{"self":[{"href":"https:\/\/baldumarket.lt\/lt\/wp-json\/wp\/v2\/product\/158979","targetHints":{"allow":["GET"]}}],"collection":[{"href":"https:\/\/baldumarket.lt\/lt\/wp-json\/wp\/v2\/product"}],"about":[{"href":"https:\/\/baldumarket.lt\/lt\/wp-json\/wp\/v2\/types\/product"}],"replies":[{"embeddable":true,"href":"https:\/\/baldumarket.lt\/lt\/wp-json\/wp\/v2\/comments?post=158979"}],"wp:featuredmedia":[{"embeddable":true,"href":"https:\/\/baldumarket.lt\/lt\/wp-json\/wp\/v2\/media\/158980"}],"wp:attachment":[{"href":"https:\/\/baldumarket.lt\/lt\/wp-json\/wp\/v2\/media?parent=158979"}],"wp:term":[{"taxonomy":"product_brand","embeddable":true,"href":"https:\/\/baldumarket.lt\/lt\/wp-json\/wp\/v2\/product_brand?post=158979"},{"taxonomy":"product_cat","embeddable":true,"href":"https:\/\/baldumarket.lt\/lt\/wp-json\/wp\/v2\/product_cat?post=158979"},{"taxonomy":"product_tag","embeddable":true,"href":"https:\/\/baldumarket.lt\/lt\/wp-json\/wp\/v2\/product_tag?post=158979"}],"curies":[{"name":"wp","href":"https:\/\/api.w.org\/{rel}","templated":true}]}}