{"id":158973,"date":"2025-12-19T00:20:49","date_gmt":"2025-12-18T21:20:49","guid":{"rendered":"https:\/\/baldumarket.lt\/product\/szafka-kuchenna-dolna-2d-zabudowa-piekrnika-sorento-d60pwn-p-l-bialy-mat\/"},"modified":"2026-02-18T11:13:30","modified_gmt":"2026-02-18T08:13:30","slug":"szafka-kuchenna-dolna-2d-zabudowa-piekrnika-sorento-d60pwn-p-l-bialy-mat","status":"publish","type":"product","link":"https:\/\/baldumarket.lt\/lt\/product\/szafka-kuchenna-dolna-2d-zabudowa-piekrnika-sorento-d60pwn-p-l-bialy-mat\/","title":{"rendered":"Apatin\u0117 2D virtuv\u0117s spintel\u0117 su orkaite Sorento D60PWN P\/L matin\u0117s baltos spalvos"},"content":{"rendered":"<p>\u201eSorento D60PWN 2-D\u201c virtuv\u0117s spintel\u0117 \u2013 tai modernaus dizaino ir prakti\u0161kumo derinys. Matin\u0117s baltos spalvos fasadai ir korpusas sukuria \u0161varos ir erdv\u0117s poj\u016bt\u012f, puikiai papildydami \u012fvairius interjero stilius. D\u0117l subtiliai \u017evilgan\u010di\u0173 auksini\u0173 ranken\u0117li\u0173 spintel\u0117 tampa ne tik funkcionaliu, bet ir esteti\u0161kai patraukliu j\u016bs\u0173 virtuv\u0117s elementu. Sukurta tiems, kurie vertina estetik\u0105 ir ergonomik\u0105, \u0161i spintel\u0117 idealiai tinka orkaitei pastatyti. Reguliuojamos kojel\u0117s leid\u017eia reguliuoti auk\u0161t\u012f pagal individualius poreikius, u\u017etikrinant komfort\u0105 ir patogum\u0105. MDF ir laminuotos plok\u0161t\u0117s naudojimas u\u017etikrina spintel\u0117s atsparum\u0105 pa\u017eeidimams, o tai \u017eymiai padidina jos patvarum\u0105 ir estetin\u012f patrauklum\u0105 ilgus metus. Ji pasi\u017eymi ne tik savo i\u0161vaizda, bet ir patogiu valdymu. \u201eClip-On\u201c vyriai su \u0161velnaus u\u017edarymo sistema sukurti kasdieniam komfortui, pa\u0161alinant nepageidaujam\u0105 triuk\u0161m\u0105. Gerai apgalvota vidin\u0117 erdv\u0117 su dviem lentynomis leid\u017eia patogiai laikyti reikalingus daiktus virtuv\u0117je, tod\u0117l ji tampa tvarkinga ir organizuota.<\/p>","protected":false},"excerpt":{"rendered":"<p>Plotis (cm): 60<br \/>\n\u016agis (cm): 247<br \/>\nGylis (cm): 58<\/p>","protected":false},"featured_media":158974,"comment_status":"open","ping_status":"open","template":"","meta":[],"product_brand":[],"product_cat":[9436,4106],"product_tag":[],"class_list":{"0":"post-158973","1":"product","2":"type-product","3":"status-publish","4":"has-post-thumbnail","6":"product_cat-kitchen-system-sorento","7":"product_cat-gala-meble","9":"first","10":"instock","11":"purchasable","12":"product-type-simple"},"_links":{"self":[{"href":"https:\/\/baldumarket.lt\/lt\/wp-json\/wp\/v2\/product\/158973","targetHints":{"allow":["GET"]}}],"collection":[{"href":"https:\/\/baldumarket.lt\/lt\/wp-json\/wp\/v2\/product"}],"about":[{"href":"https:\/\/baldumarket.lt\/lt\/wp-json\/wp\/v2\/types\/product"}],"replies":[{"embeddable":true,"href":"https:\/\/baldumarket.lt\/lt\/wp-json\/wp\/v2\/comments?post=158973"}],"wp:featuredmedia":[{"embeddable":true,"href":"https:\/\/baldumarket.lt\/lt\/wp-json\/wp\/v2\/media\/158974"}],"wp:attachment":[{"href":"https:\/\/baldumarket.lt\/lt\/wp-json\/wp\/v2\/media?parent=158973"}],"wp:term":[{"taxonomy":"product_brand","embeddable":true,"href":"https:\/\/baldumarket.lt\/lt\/wp-json\/wp\/v2\/product_brand?post=158973"},{"taxonomy":"product_cat","embeddable":true,"href":"https:\/\/baldumarket.lt\/lt\/wp-json\/wp\/v2\/product_cat?post=158973"},{"taxonomy":"product_tag","embeddable":true,"href":"https:\/\/baldumarket.lt\/lt\/wp-json\/wp\/v2\/product_tag?post=158973"}],"curies":[{"name":"wp","href":"https:\/\/api.w.org\/{rel}","templated":true}]}}