{"id":158967,"date":"2025-12-19T00:20:33","date_gmt":"2025-12-18T21:20:33","guid":{"rendered":"https:\/\/baldumarket.lt\/product\/szafka-kuchenna-dolna-2d1s-d60s1-linea-grey-szary-mat\/"},"modified":"2026-02-18T11:34:50","modified_gmt":"2026-02-18T08:34:50","slug":"szafka-kuchenna-dolna-2d1s-d60s1-linea-grey-szary-mat","status":"publish","type":"product","link":"https:\/\/baldumarket.lt\/lt\/product\/szafka-kuchenna-dolna-2d1s-d60s1-linea-grey-szary-mat\/","title":{"rendered":"Apatin\u0117 virtuv\u0117s spintel\u0117 2D1S D60S1 Linea pilka matin\u0117"},"content":{"rendered":"<p>Virtuv\u0117s atnaujinimas su \u201eLinea Grey\u201c kolekcijos 2D1S D60S1 apatine spintele \u2013 tai \u017eingsnis modernaus ir stilingo interjero link. Subtil\u016bs pilki blizg\u016bs fasadai kartu su matin\u0117s baltos spalvos korpusu sukuria harmoning\u0105 estetik\u0105, suteikian\u010di\u0105 bet kuriai virtuvei elegancijos ir \u0161iuolaiki\u0161kumo. Ji puikiai tinka tiek minimalistiniam, tiek klasikiniam dizainui, kur svarbiausia yra d\u0117mesys detal\u0117ms. \u0160i spintel\u0117 ne tik atrodo gra\u017eiai, bet ir pasi\u017eymi auk\u0161\u010diausio lygio funkcionalumu. D\u0117l gerai apgalvoto dizaino ir optimali\u0173 matmen\u0173 ji lengvai telpa net ir ma\u017eesn\u0117se virtuv\u0117se, suteikdama pakankamai vietos b\u016btiniausiems priedams ir maistui laikyti. Savaime u\u017esidarantys vyriai ir b\u0117geliai palengvina kasdien\u012f naudojim\u0105, u\u017etikrindami skland\u0173 ir beveik tyl\u0173 dureli\u0173 bei stal\u010di\u0173 atidarym\u0105 ir u\u017edarym\u0105. Nesvarbu, ar jums reikia spintel\u0117s indams, puodams ar virtuv\u0117s priedams laikyti, \u0161is modelis jums puikiai tiks. Jos vidus leid\u017eia lanks\u010diai valdyti erdv\u0119, o tai labai svarbu prakti\u0161kai bet kurioje virtuv\u0117je. Reguliuojamos kojel\u0117s taip pat palengvina spintel\u0117s pritaikym\u0105 prie nelygi\u0173 grind\u0173, u\u017etikrinant viso virtuv\u0117s komplekto stabilum\u0105 ir esteti\u0161k\u0105 i\u0161vaizd\u0105.<\/p>","protected":false},"excerpt":{"rendered":"<p>Plotis (cm): 60<br \/>\n\u016agis (cm): 82<br \/>\nGylis (cm): 47<\/p>","protected":false},"featured_media":158968,"comment_status":"open","ping_status":"open","template":"","meta":[],"product_brand":[],"product_cat":[9446,4106],"product_tag":[],"class_list":{"0":"post-158967","1":"product","2":"type-product","3":"status-publish","4":"has-post-thumbnail","6":"product_cat-kitchen-system-linea-white","7":"product_cat-gala-meble","9":"first","10":"instock","11":"purchasable","12":"product-type-simple"},"_links":{"self":[{"href":"https:\/\/baldumarket.lt\/lt\/wp-json\/wp\/v2\/product\/158967","targetHints":{"allow":["GET"]}}],"collection":[{"href":"https:\/\/baldumarket.lt\/lt\/wp-json\/wp\/v2\/product"}],"about":[{"href":"https:\/\/baldumarket.lt\/lt\/wp-json\/wp\/v2\/types\/product"}],"replies":[{"embeddable":true,"href":"https:\/\/baldumarket.lt\/lt\/wp-json\/wp\/v2\/comments?post=158967"}],"wp:featuredmedia":[{"embeddable":true,"href":"https:\/\/baldumarket.lt\/lt\/wp-json\/wp\/v2\/media\/158968"}],"wp:attachment":[{"href":"https:\/\/baldumarket.lt\/lt\/wp-json\/wp\/v2\/media?parent=158967"}],"wp:term":[{"taxonomy":"product_brand","embeddable":true,"href":"https:\/\/baldumarket.lt\/lt\/wp-json\/wp\/v2\/product_brand?post=158967"},{"taxonomy":"product_cat","embeddable":true,"href":"https:\/\/baldumarket.lt\/lt\/wp-json\/wp\/v2\/product_cat?post=158967"},{"taxonomy":"product_tag","embeddable":true,"href":"https:\/\/baldumarket.lt\/lt\/wp-json\/wp\/v2\/product_tag?post=158967"}],"curies":[{"name":"wp","href":"https:\/\/api.w.org\/{rel}","templated":true}]}}