{"id":158961,"date":"2025-12-19T00:20:20","date_gmt":"2025-12-18T21:20:20","guid":{"rendered":"https:\/\/baldumarket.lt\/product\/szafka-kuchenna-dolna-2d1s-d60s1-prowansja-sosna-andersen-bialy-mat\/"},"modified":"2026-02-06T14:45:58","modified_gmt":"2026-02-06T11:45:58","slug":"szafka-kuchenna-dolna-2d1s-d60s1-prowansja-sosna-andersen-bialy-mat","status":"publish","type":"product","link":"https:\/\/baldumarket.lt\/lt\/product\/szafka-kuchenna-dolna-2d1s-d60s1-prowansja-sosna-andersen-bialy-mat\/","title":{"rendered":"Apatin\u0117 virtuv\u0117s spintel\u0117 2D1S D60S1 Provanso pu\u0161is Andersen balta matin\u0117"},"content":{"rendered":"<p>Suteikite savo virtuvei Provanso \u017eavesio su unikalia 2D1S D60S1 apatine spintele i\u0161 \u201eProwansja\u201c kolekcijos. Eleganti\u0161k\u0105 dizain\u0105 pabr\u0117\u017eia subtili \u201eAndersen Pine\u201c spalva, kuri harmoningai dera su matin\u0117s baltos spalvos korpusu. B\u016btent \u0161ios subtilios detal\u0117s sukuria sant\u016braus elegancijos atmosfer\u0105 ir paver\u010dia virtuv\u0119 \u0161ilta ir jaukia erdve. \u0160i spintel\u0117 \u017eavi ne tik savo i\u0161vaizda, bet ir funkcionalumu, kuris neabejotinai patenkins bet kurios modernios virtuv\u0117s poreikius. Erdvios spintel\u0117s ir stal\u010diai leid\u017eia lengvai sutalpinti visus b\u016btiniausius virtuv\u0117s reikmenis, tod\u0117l lengviau palaikyti tvark\u0105 ir organizuotum\u0105. Reguliuojamos kojel\u0117s leid\u017eia puikiai reguliuoti auk\u0161t\u012f pagal individualius poreikius, u\u017etikrinant visi\u0161k\u0105 patogum\u0105 kiekvien\u0105 dien\u0105. Juodos metalin\u0117s rankenos ir savaime u\u017esidarantys vyriai bei b\u0117geliai u\u017etikrina spintel\u0117s patvarum\u0105, u\u017etikrindami tyl\u0173 ir skland\u0173 dureli\u0173 bei stal\u010di\u0173 veikim\u0105. \u0160is meistri\u0161kumas paver\u010dia spintel\u0119 ilgalaike investicija, nes ji yra ne tik estetinis papildymas, bet ir, svarbiausia, funkcinis virtuv\u0117s \u012frangos elementas.<\/p>","protected":false},"excerpt":{"rendered":"<p>Plotis (cm): 60<br \/>\n\u016agis (cm): 82<br \/>\nGylis (cm): 47<\/p>","protected":false},"featured_media":158962,"comment_status":"open","ping_status":"open","template":"","meta":[],"product_brand":[],"product_cat":[9444,4106,9118],"product_tag":[],"class_list":{"0":"post-158961","1":"product","2":"type-product","3":"status-publish","4":"has-post-thumbnail","6":"product_cat-kitchen-system-prowansja-sosna-andersen","7":"product_cat-gala-meble","8":"product_cat-kitchen-cabinets","10":"first","11":"instock","12":"purchasable","13":"product-type-simple"},"_links":{"self":[{"href":"https:\/\/baldumarket.lt\/lt\/wp-json\/wp\/v2\/product\/158961","targetHints":{"allow":["GET"]}}],"collection":[{"href":"https:\/\/baldumarket.lt\/lt\/wp-json\/wp\/v2\/product"}],"about":[{"href":"https:\/\/baldumarket.lt\/lt\/wp-json\/wp\/v2\/types\/product"}],"replies":[{"embeddable":true,"href":"https:\/\/baldumarket.lt\/lt\/wp-json\/wp\/v2\/comments?post=158961"}],"wp:featuredmedia":[{"embeddable":true,"href":"https:\/\/baldumarket.lt\/lt\/wp-json\/wp\/v2\/media\/158962"}],"wp:attachment":[{"href":"https:\/\/baldumarket.lt\/lt\/wp-json\/wp\/v2\/media?parent=158961"}],"wp:term":[{"taxonomy":"product_brand","embeddable":true,"href":"https:\/\/baldumarket.lt\/lt\/wp-json\/wp\/v2\/product_brand?post=158961"},{"taxonomy":"product_cat","embeddable":true,"href":"https:\/\/baldumarket.lt\/lt\/wp-json\/wp\/v2\/product_cat?post=158961"},{"taxonomy":"product_tag","embeddable":true,"href":"https:\/\/baldumarket.lt\/lt\/wp-json\/wp\/v2\/product_tag?post=158961"}],"curies":[{"name":"wp","href":"https:\/\/api.w.org\/{rel}","templated":true}]}}