{"id":158956,"date":"2025-12-19T00:20:09","date_gmt":"2025-12-18T21:20:09","guid":{"rendered":"https:\/\/baldumarket.lt\/product\/szafka-kuchenna-dolna-2s-sorento-d40spwn-p-l-baltic-storm-bezowy-mat\/"},"modified":"2026-02-18T11:13:30","modified_gmt":"2026-02-18T08:13:30","slug":"szafka-kuchenna-dolna-2s-sorento-d40spwn-p-l-baltic-storm-bezowy-mat","status":"publish","type":"product","link":"https:\/\/baldumarket.lt\/lt\/product\/szafka-kuchenna-dolna-2s-sorento-d40spwn-p-l-baltic-storm-bezowy-mat\/","title":{"rendered":"Apatin\u0117 virtuv\u0117s spintel\u0117 2S Sorento D40SPWN P\/L Baltic Storm Beige Matte"},"content":{"rendered":"<p>Atraskite stiliaus ir funkcionalumo esm\u0119 su \u201eSorento D40SPWN 2S\u201c apatine virtuv\u0117s spintele, kuri \u012f j\u016bs\u0173 virtuv\u0119 atne\u0161 modern\u0173 dizain\u0105 ir subtili\u0105 elegancij\u0105. Madinga matin\u0117 sm\u0117lio spalva apdailinta spintel\u0117 su laminuotos plok\u0161t\u0117s priekine dalimi harmoningai dera su \u201eBaltic Storm\u201c korpusu. \u0160is unikalus spalv\u0173 derinys suteiks j\u016bs\u0173 virtuvei lengvumo ir jaukumo, sukurdamas erdv\u0119, kurioje estetika dera su kasdieniu funkcionalumu. Sukurta atsi\u017evelgiant \u012f praktin\u012f erdv\u0117s i\u0161naudojim\u0105, spintel\u0117 u\u017etikrina lengv\u0105 prieig\u0105 prie laikom\u0173 daikt\u0173 d\u0117l dviej\u0173 erdvi\u0173 stal\u010di\u0173. Juodos metalin\u0117s rankenos suteikia modernaus \u017eavesio, kartu u\u017etikrindamos patvarum\u0105 ir paprast\u0105 naudojim\u0105. D\u0117l novatori\u0161k\u0173 \u201eClip-On\u201c vyri\u0173 su \u0161velnaus u\u017edarymo sistema atidarymas ir u\u017edarymas yra sklandus ir tylus, tod\u0117l kasdienis naudojimas yra patogesnis. Stabilumas ir reguliuojamumas yra savyb\u0117s, kuri\u0173 sunku nepasteb\u0117ti. Reguliuojamos kojel\u0117s leid\u017eia pritaikyti spintel\u0119 prie nelygi\u0173 grind\u0173 ir pritaikyti jos auk\u0161t\u012f pagal savo poreikius. Laminuotos plok\u0161t\u0117s konstrukcija u\u017etikrina patvarum\u0105 ir atsparum\u0105 pa\u017eeidimams, o tai ypa\u010d svarbu intensyviai naudojamose erdv\u0117se, tokiose kaip virtuv\u0117.<\/p>","protected":false},"excerpt":{"rendered":"<p>Plotis (cm): 40<br \/>\n\u016agis (cm): 247<br \/>\nGylis (cm): 58<\/p>","protected":false},"featured_media":158957,"comment_status":"open","ping_status":"open","template":"","meta":[],"product_brand":[],"product_cat":[9436,4106],"product_tag":[],"class_list":{"0":"post-158956","1":"product","2":"type-product","3":"status-publish","4":"has-post-thumbnail","6":"product_cat-kitchen-system-sorento","7":"product_cat-gala-meble","9":"first","10":"instock","11":"purchasable","12":"product-type-simple"},"_links":{"self":[{"href":"https:\/\/baldumarket.lt\/lt\/wp-json\/wp\/v2\/product\/158956","targetHints":{"allow":["GET"]}}],"collection":[{"href":"https:\/\/baldumarket.lt\/lt\/wp-json\/wp\/v2\/product"}],"about":[{"href":"https:\/\/baldumarket.lt\/lt\/wp-json\/wp\/v2\/types\/product"}],"replies":[{"embeddable":true,"href":"https:\/\/baldumarket.lt\/lt\/wp-json\/wp\/v2\/comments?post=158956"}],"wp:featuredmedia":[{"embeddable":true,"href":"https:\/\/baldumarket.lt\/lt\/wp-json\/wp\/v2\/media\/158957"}],"wp:attachment":[{"href":"https:\/\/baldumarket.lt\/lt\/wp-json\/wp\/v2\/media?parent=158956"}],"wp:term":[{"taxonomy":"product_brand","embeddable":true,"href":"https:\/\/baldumarket.lt\/lt\/wp-json\/wp\/v2\/product_brand?post=158956"},{"taxonomy":"product_cat","embeddable":true,"href":"https:\/\/baldumarket.lt\/lt\/wp-json\/wp\/v2\/product_cat?post=158956"},{"taxonomy":"product_tag","embeddable":true,"href":"https:\/\/baldumarket.lt\/lt\/wp-json\/wp\/v2\/product_tag?post=158956"}],"curies":[{"name":"wp","href":"https:\/\/api.w.org\/{rel}","templated":true}]}}