{"id":158951,"date":"2025-12-19T00:19:59","date_gmt":"2025-12-18T21:19:59","guid":{"rendered":"https:\/\/baldumarket.lt\/product\/szafka-kuchenna-dolna-2s-sorento-d45s2-ax-baltic-storm\/"},"modified":"2026-02-18T11:13:30","modified_gmt":"2026-02-18T08:13:30","slug":"szafka-kuchenna-dolna-2s-sorento-d45s2-ax-baltic-storm","status":"publish","type":"product","link":"https:\/\/baldumarket.lt\/lt\/product\/szafka-kuchenna-dolna-2s-sorento-d45s2-ax-baltic-storm\/","title":{"rendered":"Apatin\u0117 virtuv\u0117s spintel\u0117 2S Sorento D45S2 AX Baltic Storm"},"content":{"rendered":"<p>Unikalios \u201eBaltic Storm\u201c spalvos apatin\u0117 virtuv\u0117s spintel\u0117 \u201e2S Sorento D45S2 AX\u201c \u2013 puikus pasirinkimas tiems, kurie nori \u012f savo interjer\u0105 \u012ftraukti ne tik stilingus baldus, bet ir auk\u0161\u010diausio lygio funkcionalum\u0105. Eleganti\u0161kas dizainas puikiai papildys \u012fvairius virtuv\u0117s dizainus, suteikdamas modernumo. Spintel\u0117s universalumas paver\u010dia j\u0105 bet kurios virtuv\u0117s \u0161irdimi. Du stal\u010diai, kuri\u0173 kiekvieno maksimali apkrova yra 40 kg, skirti efektyviam erdv\u0117s i\u0161naudojimui. Visi\u0161kas i\u0161traukimas leid\u017eia lengvai pasiekti visus priedus, tod\u0117l kasdienis maisto gaminimas tampa malonumu. Auk\u0161tos, 15 cm reguliuojamo ilgio kojel\u0117s suteikia spintelei lengvumo, o j\u0173 juoda spalva gra\u017eiai kontrastuoja su eleganti\u0161kais fasadais. Pagaminta i\u0161 patvarios laminuotos plok\u0161t\u0117s, ji yra atspari pa\u017eeidimams, tod\u0117l idealiai tinka da\u017enai naudojamoms virtuv\u0117ms. Malonios liesti juodos ranken\u0117l\u0117s ne tik pagerina bald\u0173 estetik\u0105, bet ir yra prakti\u0161ka detal\u0117, palengvinanti kasdien\u012f spintel\u0117s naudojim\u0105.<\/p>","protected":false},"excerpt":{"rendered":"<p>Plotis (cm): 45<br \/>\n\u016agis (cm): 87<br \/>\nGylis (cm): 52<\/p>","protected":false},"featured_media":158952,"comment_status":"open","ping_status":"open","template":"","meta":[],"product_brand":[],"product_cat":[9436,4106],"product_tag":[],"class_list":{"0":"post-158951","1":"product","2":"type-product","3":"status-publish","4":"has-post-thumbnail","6":"product_cat-kitchen-system-sorento","7":"product_cat-gala-meble","9":"first","10":"instock","11":"purchasable","12":"product-type-simple"},"_links":{"self":[{"href":"https:\/\/baldumarket.lt\/lt\/wp-json\/wp\/v2\/product\/158951","targetHints":{"allow":["GET"]}}],"collection":[{"href":"https:\/\/baldumarket.lt\/lt\/wp-json\/wp\/v2\/product"}],"about":[{"href":"https:\/\/baldumarket.lt\/lt\/wp-json\/wp\/v2\/types\/product"}],"replies":[{"embeddable":true,"href":"https:\/\/baldumarket.lt\/lt\/wp-json\/wp\/v2\/comments?post=158951"}],"wp:featuredmedia":[{"embeddable":true,"href":"https:\/\/baldumarket.lt\/lt\/wp-json\/wp\/v2\/media\/158952"}],"wp:attachment":[{"href":"https:\/\/baldumarket.lt\/lt\/wp-json\/wp\/v2\/media?parent=158951"}],"wp:term":[{"taxonomy":"product_brand","embeddable":true,"href":"https:\/\/baldumarket.lt\/lt\/wp-json\/wp\/v2\/product_brand?post=158951"},{"taxonomy":"product_cat","embeddable":true,"href":"https:\/\/baldumarket.lt\/lt\/wp-json\/wp\/v2\/product_cat?post=158951"},{"taxonomy":"product_tag","embeddable":true,"href":"https:\/\/baldumarket.lt\/lt\/wp-json\/wp\/v2\/product_tag?post=158951"}],"curies":[{"name":"wp","href":"https:\/\/api.w.org\/{rel}","templated":true}]}}