{"id":158946,"date":"2025-12-19T00:19:48","date_gmt":"2025-12-18T21:19:48","guid":{"rendered":"https:\/\/baldumarket.lt\/product\/szafka-kuchenna-dolna-2s-sorento-d45s2-ax-baltic-storm-bezowy-mat\/"},"modified":"2026-02-18T11:13:30","modified_gmt":"2026-02-18T08:13:30","slug":"szafka-kuchenna-dolna-2s-sorento-d45s2-ax-baltic-storm-bezowy-mat","status":"publish","type":"product","link":"https:\/\/baldumarket.lt\/lt\/product\/szafka-kuchenna-dolna-2s-sorento-d45s2-ax-baltic-storm-bezowy-mat\/","title":{"rendered":"Apatin\u0117 virtuv\u0117s spintel\u0117 2S Sorento D45S2 AX Baltic Storm Beige Matte"},"content":{"rendered":"<p>Atraskite unikali\u0105 \u201eSorento D45S2 AX\u201c apatin\u0117s spintel\u0117s elegancij\u0105 \u2013 \u201eBaltic Storm\u201c ir matin\u0117s sm\u0117lio spalvos. \u0160i akinanti spintel\u0117 \u2013 puikus pasirinkimas tiems, kurie savo virtuv\u0117je siekia suderinti stili\u0173 ir funkcionalum\u0105. \u012ekv\u0117pkite jos nesenstan\u010dio dizaino, kuris harmoningai papildo tiek modern\u0173, tiek klasikin\u012f interjer\u0105, suteikdamas jam modernumo. \u201eSorento\u201c virtuv\u0117s spintel\u0117 \u2013 puikus sprendimas bet kuriai virtuvei. Ji ne tik pasi\u017eymi esteti\u0161ku dizainu, bet ir optimizuoja erdv\u0119 su dviem prakti\u0161kais stal\u010diais. J\u0173 pilno i\u0161traukimo b\u0117geliai palengvina prieig\u0105 prie net giliausi\u0173 daikt\u0173, tod\u0117l visada tur\u0117site tai, ko jums reikia, po ranka. Eleganti\u0161kos juodos metalin\u0117s ranken\u0117l\u0117s suteikia i\u0161skirtinumo, pabr\u0117\u017eiant modern\u0173 charakter\u012f. Saugumas ir patogumas yra pagrindiniai \u0161ios spintel\u0117s aspektai. Pilno i\u0161traukimo b\u0117geliai leid\u017eia stal\u010diais naudotis nepaprastai maloniai, o \u0161velnaus u\u017edarymo sistema u\u017etikrina ramyb\u0119 ir komfort\u0105. Sm\u0117lio spalvos matinis priekis kartu su \u201eBaltic Storm\u201c korpusu sukuria harmoning\u0105 visum\u0105, atspindin\u010di\u0105 \u0161iuolaikines interjero dizaino tendencijas.<\/p>","protected":false},"excerpt":{"rendered":"<p>Plotis (cm): 45<br \/>\n\u016agis (cm): 87<br \/>\nGylis (cm): 52<\/p>","protected":false},"featured_media":158947,"comment_status":"open","ping_status":"open","template":"","meta":[],"product_brand":[],"product_cat":[9436,4106],"product_tag":[],"class_list":{"0":"post-158946","1":"product","2":"type-product","3":"status-publish","4":"has-post-thumbnail","6":"product_cat-kitchen-system-sorento","7":"product_cat-gala-meble","9":"first","10":"instock","11":"purchasable","12":"product-type-simple"},"_links":{"self":[{"href":"https:\/\/baldumarket.lt\/lt\/wp-json\/wp\/v2\/product\/158946","targetHints":{"allow":["GET"]}}],"collection":[{"href":"https:\/\/baldumarket.lt\/lt\/wp-json\/wp\/v2\/product"}],"about":[{"href":"https:\/\/baldumarket.lt\/lt\/wp-json\/wp\/v2\/types\/product"}],"replies":[{"embeddable":true,"href":"https:\/\/baldumarket.lt\/lt\/wp-json\/wp\/v2\/comments?post=158946"}],"wp:featuredmedia":[{"embeddable":true,"href":"https:\/\/baldumarket.lt\/lt\/wp-json\/wp\/v2\/media\/158947"}],"wp:attachment":[{"href":"https:\/\/baldumarket.lt\/lt\/wp-json\/wp\/v2\/media?parent=158946"}],"wp:term":[{"taxonomy":"product_brand","embeddable":true,"href":"https:\/\/baldumarket.lt\/lt\/wp-json\/wp\/v2\/product_brand?post=158946"},{"taxonomy":"product_cat","embeddable":true,"href":"https:\/\/baldumarket.lt\/lt\/wp-json\/wp\/v2\/product_cat?post=158946"},{"taxonomy":"product_tag","embeddable":true,"href":"https:\/\/baldumarket.lt\/lt\/wp-json\/wp\/v2\/product_tag?post=158946"}],"curies":[{"name":"wp","href":"https:\/\/api.w.org\/{rel}","templated":true}]}}