{"id":158941,"date":"2025-12-19T00:19:38","date_gmt":"2025-12-18T21:19:38","guid":{"rendered":"https:\/\/baldumarket.lt\/product\/szafka-kuchenna-dolna-2s-sorento-d45s2-ax-baltic-storm-green\/"},"modified":"2026-02-18T11:13:30","modified_gmt":"2026-02-18T08:13:30","slug":"szafka-kuchenna-dolna-2s-sorento-d45s2-ax-baltic-storm-green","status":"publish","type":"product","link":"https:\/\/baldumarket.lt\/lt\/product\/szafka-kuchenna-dolna-2s-sorento-d45s2-ax-baltic-storm-green\/","title":{"rendered":"Apatin\u0117 virtuv\u0117s spintel\u0117 2S Sorento D45S2 AX Baltic Storm Green"},"content":{"rendered":"<p>Atraskite gro\u017e\u012f ir funkcionalum\u0105 viename gaminyje pasirinkdami \u201eSorento D45S2 2S\u201c pagrindin\u0119 virtuv\u0117s spintel\u0119 \u201eBaltic Storm\u201c ir \u201eGreen\u201c spalv\u0173. \u0160i virtuv\u0117s spintel\u0117 derina modern\u0173 dizain\u0105 su funkcionaliais sprendimais, puikiai papildydama bet koki\u0105 moderni\u0105 virtuv\u0117s erdv\u0119. Matin\u0117s \u017ealios spalvos priekis ir eleganti\u0161ka juoda metaline rankena suteikia \u0161iai spintelei elegancijos ir gaivumo bet kokiam interjerui. \u0160io baldo funkcionalumas puikiai tinka kasdieniam naudojimui virtuv\u0117je. Du patog\u016bs stal\u010diai u\u017etikrina lengv\u0105 prieig\u0105 prie laikom\u0173 daikt\u0173, nes juose yra pilno i\u0161traukimo b\u0117geliai. Tylus veikimas ir \u0161velnus stal\u010di\u0173 u\u017edarymas u\u017etikrina komfort\u0105, tod\u0117l \u0161i spintel\u0117 yra idealus pasirinkimas tiems, kurie vertina ramyb\u0119 ir tyl\u0105. Spintel\u0117 sukurta taip, kad j\u0105 b\u016bt\u0173 galima surinkti savaranki\u0161kai, tod\u0117l galite j\u0105 pritaikyti pagal savo individualius poreikius. Taip pat verta pamin\u0117ti auk\u0161tas, reguliuojamas kojeles, kurios ne tik suteikia estetinio patrauklumo, bet ir leid\u017eia spintel\u0119 pritaikyti prie bet kokio stalvir\u0161io auk\u0161\u010dio. \u0160is apgalvotas sprendimas padidina \u0161io baldo prakti\u0161kum\u0105, u\u017etikrina stabilum\u0105 ir ilgaam\u017ei\u0161kum\u0105 ilgus metus. Laminuota plok\u0161t\u0117, i\u0161 kurios pagaminta priekin\u0117 dalis ir korpusas, ne tik atrodo eleganti\u0161kai, bet ir yra atspari pa\u017eeidimams, tod\u0117l \u0161is baldas yra idealus pasirinkimas ilgus metus.<\/p>","protected":false},"excerpt":{"rendered":"<p>Plotis (cm): 45<br \/>\n\u016agis (cm): 87<br \/>\nGylis (cm): 52<\/p>","protected":false},"featured_media":158942,"comment_status":"open","ping_status":"open","template":"","meta":[],"product_brand":[],"product_cat":[9436,4106],"product_tag":[],"class_list":{"0":"post-158941","1":"product","2":"type-product","3":"status-publish","4":"has-post-thumbnail","6":"product_cat-kitchen-system-sorento","7":"product_cat-gala-meble","9":"first","10":"instock","11":"purchasable","12":"product-type-simple"},"_links":{"self":[{"href":"https:\/\/baldumarket.lt\/lt\/wp-json\/wp\/v2\/product\/158941","targetHints":{"allow":["GET"]}}],"collection":[{"href":"https:\/\/baldumarket.lt\/lt\/wp-json\/wp\/v2\/product"}],"about":[{"href":"https:\/\/baldumarket.lt\/lt\/wp-json\/wp\/v2\/types\/product"}],"replies":[{"embeddable":true,"href":"https:\/\/baldumarket.lt\/lt\/wp-json\/wp\/v2\/comments?post=158941"}],"wp:featuredmedia":[{"embeddable":true,"href":"https:\/\/baldumarket.lt\/lt\/wp-json\/wp\/v2\/media\/158942"}],"wp:attachment":[{"href":"https:\/\/baldumarket.lt\/lt\/wp-json\/wp\/v2\/media?parent=158941"}],"wp:term":[{"taxonomy":"product_brand","embeddable":true,"href":"https:\/\/baldumarket.lt\/lt\/wp-json\/wp\/v2\/product_brand?post=158941"},{"taxonomy":"product_cat","embeddable":true,"href":"https:\/\/baldumarket.lt\/lt\/wp-json\/wp\/v2\/product_cat?post=158941"},{"taxonomy":"product_tag","embeddable":true,"href":"https:\/\/baldumarket.lt\/lt\/wp-json\/wp\/v2\/product_tag?post=158941"}],"curies":[{"name":"wp","href":"https:\/\/api.w.org\/{rel}","templated":true}]}}