{"id":158936,"date":"2025-12-19T00:19:27","date_gmt":"2025-12-18T21:19:27","guid":{"rendered":"https:\/\/baldumarket.lt\/product\/szafka-kuchenna-dolna-2s-sorento-d45s2-ax-bialy-green\/"},"modified":"2026-02-18T11:13:30","modified_gmt":"2026-02-18T08:13:30","slug":"szafka-kuchenna-dolna-2s-sorento-d45s2-ax-bialy-green","status":"publish","type":"product","link":"https:\/\/baldumarket.lt\/lt\/product\/szafka-kuchenna-dolna-2s-sorento-d45s2-ax-bialy-green\/","title":{"rendered":"Apatin\u0117 virtuv\u0117s spintel\u0117 2S Sorento D45S2 AX Balta \u017dalia"},"content":{"rendered":"<p>Atraskite stiling\u0105 ir funkcionali\u0105 erdv\u0119 savo virtuv\u0117je su eleganti\u0161ku baltos ir \u017ealios matin\u0117s spalv\u0173 deriniu \u2013 2S Sorento D45S2 AX apatine spintele. \u0160i spintel\u0117 ne tik patenkins kasdienio naudojimo poreikius, bet ir suteiks j\u016bs\u0173 virtuvei modernumo bei gaivumo. Minimalistinis dizainas ir harmoningos spalvos pavers j\u0105 bet kokio interjero traukos centru, derindamos estetik\u0105 ir prakti\u0161kum\u0105. D\u0117l auk\u0161t\u0173, reguliuojamo auk\u0161\u010dio kojeli\u0173 spintel\u0117 atrodo lengva ir eleganti\u0161ka. Juodos plastikin\u0117s kojel\u0117s suteikia spintelei i\u0161skirtinumo, tuo pa\u010diu u\u017etikrina stabilum\u0105 ir palengvina valym\u0105 po spintele. Atsi\u017evelgiant \u012f naudotojo patogum\u0105, spintel\u0117 turi metalines rankenas, kurios ne tik traukia ak\u012f, bet ir suteikia patogi\u0105 prieig\u0105 prie laikom\u0173 daikt\u0173. Apgalvotas stal\u010di\u0173 i\u0161d\u0117stymas daro \u0161i\u0105 erdv\u0119 nepaprastai prakti\u0161k\u0105. Du erdv\u016bs stal\u010diai, skirti efektyviam naudojimui, leid\u017eia laikyti \u012fvairius virtuv\u0117s priedus. D\u0117l tylaus veikimo, \u0161velnaus u\u017edarymo ir pilno i\u0161traukimo b\u0117geli\u0173 kasdienis naudojimas tampa tikru malonumu. Juose galite saugiai laikyti sunkesnius indus, nes maksimali vieno stal\u010diaus apkrova yra iki 40 kg.<\/p>","protected":false},"excerpt":{"rendered":"<p>Plotis (cm): 45<br \/>\n\u016agis (cm): 87<br \/>\nGylis (cm): 52<\/p>","protected":false},"featured_media":158937,"comment_status":"open","ping_status":"open","template":"","meta":[],"product_brand":[],"product_cat":[9436,4106],"product_tag":[],"class_list":{"0":"post-158936","1":"product","2":"type-product","3":"status-publish","4":"has-post-thumbnail","6":"product_cat-kitchen-system-sorento","7":"product_cat-gala-meble","9":"first","10":"instock","11":"purchasable","12":"product-type-simple"},"_links":{"self":[{"href":"https:\/\/baldumarket.lt\/lt\/wp-json\/wp\/v2\/product\/158936","targetHints":{"allow":["GET"]}}],"collection":[{"href":"https:\/\/baldumarket.lt\/lt\/wp-json\/wp\/v2\/product"}],"about":[{"href":"https:\/\/baldumarket.lt\/lt\/wp-json\/wp\/v2\/types\/product"}],"replies":[{"embeddable":true,"href":"https:\/\/baldumarket.lt\/lt\/wp-json\/wp\/v2\/comments?post=158936"}],"wp:featuredmedia":[{"embeddable":true,"href":"https:\/\/baldumarket.lt\/lt\/wp-json\/wp\/v2\/media\/158937"}],"wp:attachment":[{"href":"https:\/\/baldumarket.lt\/lt\/wp-json\/wp\/v2\/media?parent=158936"}],"wp:term":[{"taxonomy":"product_brand","embeddable":true,"href":"https:\/\/baldumarket.lt\/lt\/wp-json\/wp\/v2\/product_brand?post=158936"},{"taxonomy":"product_cat","embeddable":true,"href":"https:\/\/baldumarket.lt\/lt\/wp-json\/wp\/v2\/product_cat?post=158936"},{"taxonomy":"product_tag","embeddable":true,"href":"https:\/\/baldumarket.lt\/lt\/wp-json\/wp\/v2\/product_tag?post=158936"}],"curies":[{"name":"wp","href":"https:\/\/api.w.org\/{rel}","templated":true}]}}