{"id":158930,"date":"2025-12-19T00:19:14","date_gmt":"2025-12-18T21:19:14","guid":{"rendered":"https:\/\/baldumarket.lt\/product\/szafka-kuchenna-dolna-2s-sorento-d45s2-ax-bialy-mat\/"},"modified":"2026-02-18T11:13:12","modified_gmt":"2026-02-18T08:13:12","slug":"szafka-kuchenna-dolna-2s-sorento-d45s2-ax-bialy-mat","status":"publish","type":"product","link":"https:\/\/baldumarket.lt\/lt\/product\/szafka-kuchenna-dolna-2s-sorento-d45s2-ax-bialy-mat\/","title":{"rendered":"Apatin\u0117 virtuv\u0117s spintel\u0117 2S Sorento D45S2 AX matin\u0117s baltos spalvos"},"content":{"rendered":"<p>Atraskite subtil\u0173 elegancij\u0105 su \u2019Sorento 2S Base\u201c virtuv\u0117s spintele, pasi\u017eymin\u010dia rafinuota matine balta spalva. \u0160is baldas \u012f j\u016bs\u0173 virtuv\u0119 \u012fne\u0161a harmonijos ir modernumo, tapdamas neatsiejamu dizaino elementu. MDF fasadai su gra\u017eia matine apdaila pabr\u0117\u017eia modern\u0173 stili\u0173 ir puikiai dera prie bet kokios virtuv\u0117s spalv\u0173 schemos. Funkcionalumas \u2013 tai antrasis \u201eSorento\u201c spintel\u0117s vardas. D\u0117l dviej\u0173 erdvi\u0173 stal\u010di\u0173, u\u017etikrinan\u010di\u0173 lengv\u0105 prieig\u0105 prie laikom\u0173 daikt\u0173, galite lengvai sutvarkyti savo virtuv\u0117s erdv\u0119. Pilnai i\u0161traukiamos durys garantuoja neprilygstam\u0105 komfort\u0105, leisdamos greitai ir patogiai pasiekti stal\u010di\u0173 turin\u012f. Eleganti\u0161kos auksin\u0117s spalvos metalin\u0117s rankenos suteikia prabangos, tod\u0117l spintel\u0117 yra ne tik prakti\u0161ka, bet ir i\u0161skirtinai stilinga j\u016bs\u0173 erdv\u0117s detal\u0117. Be to, reguliuojamos 15 cm kojel\u0117s leid\u017eia puikiai pritaikyti spintel\u0119 prie grind\u0173 lygio, o tai labai svarbu surinkimo metu.<\/p>","protected":false},"excerpt":{"rendered":"<p>Plotis (cm): 45<br \/>\n\u016agis (cm): 87<br \/>\nGylis (cm): 52<\/p>","protected":false},"featured_media":158931,"comment_status":"open","ping_status":"open","template":"","meta":[],"product_brand":[],"product_cat":[9436,4106],"product_tag":[],"class_list":{"0":"post-158930","1":"product","2":"type-product","3":"status-publish","4":"has-post-thumbnail","6":"product_cat-kitchen-system-sorento","7":"product_cat-gala-meble","9":"first","10":"instock","11":"purchasable","12":"product-type-simple"},"_links":{"self":[{"href":"https:\/\/baldumarket.lt\/lt\/wp-json\/wp\/v2\/product\/158930","targetHints":{"allow":["GET"]}}],"collection":[{"href":"https:\/\/baldumarket.lt\/lt\/wp-json\/wp\/v2\/product"}],"about":[{"href":"https:\/\/baldumarket.lt\/lt\/wp-json\/wp\/v2\/types\/product"}],"replies":[{"embeddable":true,"href":"https:\/\/baldumarket.lt\/lt\/wp-json\/wp\/v2\/comments?post=158930"}],"wp:featuredmedia":[{"embeddable":true,"href":"https:\/\/baldumarket.lt\/lt\/wp-json\/wp\/v2\/media\/158931"}],"wp:attachment":[{"href":"https:\/\/baldumarket.lt\/lt\/wp-json\/wp\/v2\/media?parent=158930"}],"wp:term":[{"taxonomy":"product_brand","embeddable":true,"href":"https:\/\/baldumarket.lt\/lt\/wp-json\/wp\/v2\/product_brand?post=158930"},{"taxonomy":"product_cat","embeddable":true,"href":"https:\/\/baldumarket.lt\/lt\/wp-json\/wp\/v2\/product_cat?post=158930"},{"taxonomy":"product_tag","embeddable":true,"href":"https:\/\/baldumarket.lt\/lt\/wp-json\/wp\/v2\/product_tag?post=158930"}],"curies":[{"name":"wp","href":"https:\/\/api.w.org\/{rel}","templated":true}]}}