{"id":158925,"date":"2025-12-19T00:19:04","date_gmt":"2025-12-18T21:19:04","guid":{"rendered":"https:\/\/baldumarket.lt\/product\/szafka-kuchenna-dolna-2s-sorento-d45s2-ax-bialy-mat-bezowy-mat\/"},"modified":"2026-02-18T11:13:12","modified_gmt":"2026-02-18T08:13:12","slug":"szafka-kuchenna-dolna-2s-sorento-d45s2-ax-bialy-mat-bezowy-mat","status":"publish","type":"product","link":"https:\/\/baldumarket.lt\/lt\/product\/szafka-kuchenna-dolna-2s-sorento-d45s2-ax-bialy-mat-bezowy-mat\/","title":{"rendered":"Apatin\u0117 virtuv\u0117s spintel\u0117 2S Sorento D45S2 AX matin\u0117s baltos matin\u0117s sm\u0117lio spalvos"},"content":{"rendered":"<p>Suteikite savo interjerui unikal\u0173 charakter\u012f su \u201eSorento\u201c apatine spintele. Eleganti\u0161kas dizainas, derinamas su subtiliais sm\u0117lio ir matin\u0117s baltos spalvos atspalviais, suteiks j\u016bs\u0173 virtuvei modern\u0173 ir minimalistin\u012f \u012fvaizd\u012f. D\u0117l savo nesenstan\u010dio stiliaus \u0161is baldas puikiai dera tiek klasikiniame, tiek \u0161iuolaikiniame interjere. \u201eSorento\u201c apatin\u0117 spintel\u0117 pasi\u017eymi i\u0161skirtiniu funkcionalumu, nes du prakti\u0161ki stal\u010diai leid\u017eia efektyviai i\u0161naudoti erdv\u0119. Tai puikus sprendimas tiems, kurie vertina tvark\u0105 ir organizuotum\u0105 savo virtuv\u0117je. Pilno i\u0161traukimo sistema suteikia patogi\u0105 prieig\u0105 prie laikom\u0173 daikt\u0173, \u017eymiai supaprastindama kasdienes maisto gaminimo u\u017eduotis. Juodos metalin\u0117s rankenos suteikia spintelei stiliaus ir charakterio, derindamos prakti\u0161kum\u0105 su estetika. Auk\u0161tos kokyb\u0117s med\u017eiagos, tokios kaip laminuota korpuso ir priekin\u0117s dalies plok\u0161t\u0117, garantuoja patvarum\u0105 ir atsparum\u0105 pa\u017eeidimams. Tai u\u017etikrina, kad spintel\u0117 ilg\u0105 laik\u0105 i\u0161laikyt\u0173 puiki\u0105 i\u0161vaizd\u0105 ir kasdien d\u017eiugint\u0173 ak\u012f.<\/p>","protected":false},"excerpt":{"rendered":"<p>Plotis (cm): 45<br \/>\n\u016agis (cm): 87<br \/>\nGylis (cm): 52<\/p>","protected":false},"featured_media":158926,"comment_status":"open","ping_status":"open","template":"","meta":[],"product_brand":[],"product_cat":[9436,4106],"product_tag":[],"class_list":{"0":"post-158925","1":"product","2":"type-product","3":"status-publish","4":"has-post-thumbnail","6":"product_cat-kitchen-system-sorento","7":"product_cat-gala-meble","9":"first","10":"instock","11":"purchasable","12":"product-type-simple"},"_links":{"self":[{"href":"https:\/\/baldumarket.lt\/lt\/wp-json\/wp\/v2\/product\/158925","targetHints":{"allow":["GET"]}}],"collection":[{"href":"https:\/\/baldumarket.lt\/lt\/wp-json\/wp\/v2\/product"}],"about":[{"href":"https:\/\/baldumarket.lt\/lt\/wp-json\/wp\/v2\/types\/product"}],"replies":[{"embeddable":true,"href":"https:\/\/baldumarket.lt\/lt\/wp-json\/wp\/v2\/comments?post=158925"}],"wp:featuredmedia":[{"embeddable":true,"href":"https:\/\/baldumarket.lt\/lt\/wp-json\/wp\/v2\/media\/158926"}],"wp:attachment":[{"href":"https:\/\/baldumarket.lt\/lt\/wp-json\/wp\/v2\/media?parent=158925"}],"wp:term":[{"taxonomy":"product_brand","embeddable":true,"href":"https:\/\/baldumarket.lt\/lt\/wp-json\/wp\/v2\/product_brand?post=158925"},{"taxonomy":"product_cat","embeddable":true,"href":"https:\/\/baldumarket.lt\/lt\/wp-json\/wp\/v2\/product_cat?post=158925"},{"taxonomy":"product_tag","embeddable":true,"href":"https:\/\/baldumarket.lt\/lt\/wp-json\/wp\/v2\/product_tag?post=158925"}],"curies":[{"name":"wp","href":"https:\/\/api.w.org\/{rel}","templated":true}]}}