{"id":158920,"date":"2025-12-19T00:18:54","date_gmt":"2025-12-18T21:18:54","guid":{"rendered":"https:\/\/baldumarket.lt\/product\/szafka-kuchenna-dolna-2s-sorento-d45s2-ax-bialy-mat-puccini\/"},"modified":"2026-02-18T11:13:12","modified_gmt":"2026-02-18T08:13:12","slug":"szafka-kuchenna-dolna-2s-sorento-d45s2-ax-bialy-mat-puccini","status":"publish","type":"product","link":"https:\/\/baldumarket.lt\/lt\/product\/szafka-kuchenna-dolna-2s-sorento-d45s2-ax-bialy-mat-puccini\/","title":{"rendered":"Apatin\u0117 virtuv\u0117s spintel\u0117 2S Sorento D45S2 AX Matin\u0117 balta Puccini"},"content":{"rendered":"<p>\u201eSorento D45S2 AX 2S\u201c apatin\u0117 virtuv\u0117s spintel\u0117 su \u201ePuccini\u201c danga puikiai tinka bet kuriai moderniai virtuvei. Jos nepriekai\u0161tingas matin\u0117s baltos spalvos korpusas sukuria minimalistin\u012f dizain\u0105, pabr\u0117\u017eiant\u012f interjero elegancij\u0105 ir subtilum\u0105. \u201ePuccini\u201c fasadas suteikia spintelei i\u0161skirtin\u012f, ak\u012f traukiant\u012f charakter\u012f, kuris i\u0161skiria j\u0105 i\u0161 kit\u0173 virtuv\u0117s spinteli\u0173. Kompakti\u0161ki 45 cm plo\u010dio, 52 cm gylio ir 87 cm auk\u0161\u010dio spintel\u0117s matmenys leid\u017eia optimaliai i\u0161naudoti erdv\u0119 neprarandant funkcionalumo. Auk\u0161tos kokyb\u0117s laminuota plok\u0161t\u0117, naudojama tiek fasadui, tiek spintelei, u\u017etikrina patvarum\u0105 ir atsparum\u0105 kasdieniam naudojimui. Tai idealus sprendimas tiems, kurie vertina prakti\u0161kas ir esteti\u0161kas detales savo interjero dizaine. Juodos metalin\u0117s rankenos suteikia modernumo, harmoningai kontrastuodamos su \u0161viesiais spintel\u0117s ir fasado atspalviais. Spintel\u0117 turi du stal\u010dius, kad b\u016bt\u0173 lengva susitvarkyti daiktus ir greitai pasiekti b\u016btiniausius virtuv\u0117s priedus. D\u0117l visi\u0161kai i\u0161traukiam\u0173 b\u0117geli\u0173 stal\u010diais naudotis itin patogu, u\u017etikrinant tyl\u0173 ir \u0161veln\u0173 veikim\u0105.<\/p>","protected":false},"excerpt":{"rendered":"<p>Plotis (cm): 45<br \/>\n\u016agis (cm): 87<br \/>\nGylis (cm): 52<\/p>","protected":false},"featured_media":158921,"comment_status":"open","ping_status":"open","template":"","meta":[],"product_brand":[],"product_cat":[9436,4106],"product_tag":[],"class_list":{"0":"post-158920","1":"product","2":"type-product","3":"status-publish","4":"has-post-thumbnail","6":"product_cat-kitchen-system-sorento","7":"product_cat-gala-meble","9":"first","10":"instock","11":"purchasable","12":"product-type-simple"},"_links":{"self":[{"href":"https:\/\/baldumarket.lt\/lt\/wp-json\/wp\/v2\/product\/158920","targetHints":{"allow":["GET"]}}],"collection":[{"href":"https:\/\/baldumarket.lt\/lt\/wp-json\/wp\/v2\/product"}],"about":[{"href":"https:\/\/baldumarket.lt\/lt\/wp-json\/wp\/v2\/types\/product"}],"replies":[{"embeddable":true,"href":"https:\/\/baldumarket.lt\/lt\/wp-json\/wp\/v2\/comments?post=158920"}],"wp:featuredmedia":[{"embeddable":true,"href":"https:\/\/baldumarket.lt\/lt\/wp-json\/wp\/v2\/media\/158921"}],"wp:attachment":[{"href":"https:\/\/baldumarket.lt\/lt\/wp-json\/wp\/v2\/media?parent=158920"}],"wp:term":[{"taxonomy":"product_brand","embeddable":true,"href":"https:\/\/baldumarket.lt\/lt\/wp-json\/wp\/v2\/product_brand?post=158920"},{"taxonomy":"product_cat","embeddable":true,"href":"https:\/\/baldumarket.lt\/lt\/wp-json\/wp\/v2\/product_cat?post=158920"},{"taxonomy":"product_tag","embeddable":true,"href":"https:\/\/baldumarket.lt\/lt\/wp-json\/wp\/v2\/product_tag?post=158920"}],"curies":[{"name":"wp","href":"https:\/\/api.w.org\/{rel}","templated":true}]}}