{"id":158915,"date":"2025-12-19T00:18:43","date_gmt":"2025-12-18T21:18:43","guid":{"rendered":"https:\/\/baldumarket.lt\/product\/szafka-kuchenna-dolna-2s-sorento-d45s2-ax-puccini\/"},"modified":"2026-02-18T11:13:12","modified_gmt":"2026-02-18T08:13:12","slug":"szafka-kuchenna-dolna-2s-sorento-d45s2-ax-puccini","status":"publish","type":"product","link":"https:\/\/baldumarket.lt\/lt\/product\/szafka-kuchenna-dolna-2s-sorento-d45s2-ax-puccini\/","title":{"rendered":"Apatin\u0117 virtuv\u0117s spintel\u0117 2S Sorento D45S2 AX Puccini"},"content":{"rendered":"<p>Atraskite neprilygstam\u0105 \u201ePuccini Sorento D45S2 AX\u201c apatin\u0117s virtuv\u0117s spintel\u0117s 2S elegancij\u0105. \u0160is i\u0161skirtinis baldas puikiai tiks bet kurioje modernioje virtuv\u0117je, si\u016blydamas harmoning\u0105 stiliaus ir funkcionalumo derin\u012f. \u201ePuccini\u201c spalv\u0173 gama suteikia jai unikal\u0173 charakter\u012f, kuris patraukia ak\u012f ir papildo \u012fvairius interjero dizainus. I\u0161skirtin\u0119 spintel\u0117s estetik\u0105 sustiprina tvirta laminuotos plok\u0161t\u0117s konstrukcija, tod\u0117l ji yra ne tik gra\u017ei, bet ir patvari. Juodos metalin\u0117s rankenos suteikia elegancijos, sukurdamos subtil\u0173 kontrast\u0105 su i\u0161rai\u0161kinga spintel\u0117s spalv\u0173 gama. Tai puikus pasirinkimas tiems, kurie vertina subtilias, bet reik\u0161mingas detales, kurios daro j\u0105 i\u0161skirtin\u0119. Pagrindiniai \u201ePuccini Sorento D45S2 AX\u201c virtuv\u0117s spintel\u0117s privalumai \u2013 prakti\u0161kumas ir patogumas. \u012erengtos dviem erdviais stal\u010diais, ji suteikia vietos, kurioje lengvai tilps visi svarbiausi virtuv\u0117s reikmenys. Pilno i\u0161traukimo b\u0117geliai ir tylus u\u017edarymo mechanizmas u\u017etikrina komfort\u0105 ir pasitenkinim\u0105 kasdien naudojant, apsaugo nuo triuk\u0161mo ir atsitiktini\u0173 pa\u017eeidim\u0173.<\/p>","protected":false},"excerpt":{"rendered":"<p>Plotis (cm): 45<br \/>\n\u016agis (cm): 87<br \/>\nGylis (cm): 52<\/p>","protected":false},"featured_media":158916,"comment_status":"open","ping_status":"open","template":"","meta":[],"product_brand":[],"product_cat":[9436,4106],"product_tag":[],"class_list":{"0":"post-158915","1":"product","2":"type-product","3":"status-publish","4":"has-post-thumbnail","6":"product_cat-kitchen-system-sorento","7":"product_cat-gala-meble","9":"first","10":"instock","11":"purchasable","12":"product-type-simple"},"_links":{"self":[{"href":"https:\/\/baldumarket.lt\/lt\/wp-json\/wp\/v2\/product\/158915","targetHints":{"allow":["GET"]}}],"collection":[{"href":"https:\/\/baldumarket.lt\/lt\/wp-json\/wp\/v2\/product"}],"about":[{"href":"https:\/\/baldumarket.lt\/lt\/wp-json\/wp\/v2\/types\/product"}],"replies":[{"embeddable":true,"href":"https:\/\/baldumarket.lt\/lt\/wp-json\/wp\/v2\/comments?post=158915"}],"wp:featuredmedia":[{"embeddable":true,"href":"https:\/\/baldumarket.lt\/lt\/wp-json\/wp\/v2\/media\/158916"}],"wp:attachment":[{"href":"https:\/\/baldumarket.lt\/lt\/wp-json\/wp\/v2\/media?parent=158915"}],"wp:term":[{"taxonomy":"product_brand","embeddable":true,"href":"https:\/\/baldumarket.lt\/lt\/wp-json\/wp\/v2\/product_brand?post=158915"},{"taxonomy":"product_cat","embeddable":true,"href":"https:\/\/baldumarket.lt\/lt\/wp-json\/wp\/v2\/product_cat?post=158915"},{"taxonomy":"product_tag","embeddable":true,"href":"https:\/\/baldumarket.lt\/lt\/wp-json\/wp\/v2\/product_tag?post=158915"}],"curies":[{"name":"wp","href":"https:\/\/api.w.org\/{rel}","templated":true}]}}