{"id":158910,"date":"2025-12-19T00:18:32","date_gmt":"2025-12-18T21:18:32","guid":{"rendered":"https:\/\/baldumarket.lt\/product\/szafka-kuchenna-dolna-2s-sorento-d45s2-ax-puccini-bezowy-mat\/"},"modified":"2026-02-18T11:13:12","modified_gmt":"2026-02-18T08:13:12","slug":"szafka-kuchenna-dolna-2s-sorento-d45s2-ax-puccini-bezowy-mat","status":"publish","type":"product","link":"https:\/\/baldumarket.lt\/lt\/product\/szafka-kuchenna-dolna-2s-sorento-d45s2-ax-puccini-bezowy-mat\/","title":{"rendered":"Apatin\u0117 virtuv\u0117s spintel\u0117 2S Sorento D45S2 AX Puccini matin\u0117s sm\u0117lio spalvos"},"content":{"rendered":"<p>Pasinerkite \u012f eleganti\u0161k\u0105 2S Sorento D45S2 AX virtuv\u0117s spintel\u0119, kurios spalva \u2013 gra\u017ei matin\u0117 sm\u0117lio spalva. Neutrali spalva ir minimalistinis dizainas puikiai tinka tiek moderniam, tiek klasikiniam interjerui. Subtilus spalv\u0173 palet\u0117 suteikia virtuvei \u0161ilumos ir subtilios elegancijos, sukurdama harmoning\u0105 atmosfer\u0105 nam\u0173 \u0161irdyje. \u0160ios spintel\u0117s funkcionalumas ne\u012fkainojamas. Dvi prakti\u0161kos stal\u010di\u0173 sistemos maksimaliai i\u0161naudoja erdv\u0119, tod\u0117l joje lengvai susid\u0117site kasdienius virtuv\u0117s reikmenis. \u0160velnaus u\u017edarymo sistema ir pilno i\u0161traukimo b\u0117geliai garantuoja skland\u0173 ir tyl\u0173 veikim\u0105, padidindami kasdien\u012f komfort\u0105. Laminuotos plok\u0161t\u0117s apdaila ne tik suteikia elegancijos, bet ir u\u017etikrina patvarum\u0105 bei atsparum\u0105 pa\u017eeidimams. Juodos metalin\u0117s rankenos suteikia visam baldui modern\u0173, paprast\u0105 ir rafinuot\u0105 vaizd\u0105. Reguliuojamos 15 cm auk\u0161\u010dio kojel\u0117s u\u017etikrina stabilum\u0105 ir galimyb\u0119 prisitaikyti prie nelygi\u0173 grind\u0173, o tai labai svarbu norint i\u0161laikyti baldo estetik\u0105 ir funkcionalum\u0105.<\/p>","protected":false},"excerpt":{"rendered":"<p>Plotis (cm): 45<br \/>\n\u016agis (cm): 87<br \/>\nGylis (cm): 52<\/p>","protected":false},"featured_media":158911,"comment_status":"open","ping_status":"open","template":"","meta":[],"product_brand":[],"product_cat":[9436,4106],"product_tag":[],"class_list":{"0":"post-158910","1":"product","2":"type-product","3":"status-publish","4":"has-post-thumbnail","6":"product_cat-kitchen-system-sorento","7":"product_cat-gala-meble","9":"first","10":"instock","11":"purchasable","12":"product-type-simple"},"_links":{"self":[{"href":"https:\/\/baldumarket.lt\/lt\/wp-json\/wp\/v2\/product\/158910","targetHints":{"allow":["GET"]}}],"collection":[{"href":"https:\/\/baldumarket.lt\/lt\/wp-json\/wp\/v2\/product"}],"about":[{"href":"https:\/\/baldumarket.lt\/lt\/wp-json\/wp\/v2\/types\/product"}],"replies":[{"embeddable":true,"href":"https:\/\/baldumarket.lt\/lt\/wp-json\/wp\/v2\/comments?post=158910"}],"wp:featuredmedia":[{"embeddable":true,"href":"https:\/\/baldumarket.lt\/lt\/wp-json\/wp\/v2\/media\/158911"}],"wp:attachment":[{"href":"https:\/\/baldumarket.lt\/lt\/wp-json\/wp\/v2\/media?parent=158910"}],"wp:term":[{"taxonomy":"product_brand","embeddable":true,"href":"https:\/\/baldumarket.lt\/lt\/wp-json\/wp\/v2\/product_brand?post=158910"},{"taxonomy":"product_cat","embeddable":true,"href":"https:\/\/baldumarket.lt\/lt\/wp-json\/wp\/v2\/product_cat?post=158910"},{"taxonomy":"product_tag","embeddable":true,"href":"https:\/\/baldumarket.lt\/lt\/wp-json\/wp\/v2\/product_tag?post=158910"}],"curies":[{"name":"wp","href":"https:\/\/api.w.org\/{rel}","templated":true}]}}