{"id":158905,"date":"2025-12-19T00:18:22","date_gmt":"2025-12-18T21:18:22","guid":{"rendered":"https:\/\/baldumarket.lt\/product\/szafka-kuchenna-dolna-2s-sorento-d45s2-ax-puccini-bialy-mat-ramka\/"},"modified":"2026-02-18T11:13:12","modified_gmt":"2026-02-18T08:13:12","slug":"szafka-kuchenna-dolna-2s-sorento-d45s2-ax-puccini-bialy-mat-ramka","status":"publish","type":"product","link":"https:\/\/baldumarket.lt\/lt\/product\/szafka-kuchenna-dolna-2s-sorento-d45s2-ax-puccini-bialy-mat-ramka\/","title":{"rendered":"Apatin\u0117 virtuv\u0117s spintel\u0117 2S Sorento D45S2 AX Puccini matin\u0117s baltos spalvos r\u0117meliu"},"content":{"rendered":"<p>\u012esivaizduokite, kokia tobula, eleganti\u0161ka ir funkcionali gal\u0117t\u0173 b\u016bti virtuv\u0117s spintel\u0117, kuri\u0105 nor\u0117tum\u0117te tur\u0117ti savo virtuv\u0117je. \u201eGa\u0142a Meble\u201c \u201eSorento 2S\u201c apatin\u0117 spintel\u0117 derina modern\u0173 dizain\u0105 su klasikine matine apdaila. Balti MDF fasadai puikiai dera su Puccini spalvos korpusu, sukurdami subtil\u0173, ta\u010diau ry\u0161k\u0173 kontrast\u0105, suteikiant\u012f interjerui elegancijos. Tokios detal\u0117s kaip auksin\u0117s metalin\u0117s ranken\u0117l\u0117s pabr\u0117\u017eia prabang\u0173 \u0161ios spintel\u0117s charakter\u012f. Unikalus spalv\u0173 ir med\u017eiag\u0173 derinys pritrauks vis\u0173, ie\u0161kan\u010di\u0173 daugiau nei tik prakti\u0161k\u0173 bald\u0173, d\u0117mes\u012f. \u0160i spintel\u0117 si\u016blo daugiau nei tik viet\u0105 daiktams laikyti; tai taip pat stiliaus parei\u0161kimas, paver\u010diantis j\u016bs\u0173 virtuv\u0119 charakteringa erdve. \u201eSorento 2S\u201c apatin\u0117 spintel\u0117 sukurta atsi\u017evelgiant \u012f j\u016bs\u0173 kasdien\u012f komfort\u0105. Prakti\u0161ki, visi\u0161kai i\u0161traukiami stal\u010diai leid\u017eia lengvai pasiekti laikomus daiktus, o \u0161velnaus u\u017edarymo mechanizmas u\u017etikrina rami\u0105 ir harmoning\u0105 nam\u0173 aplink\u0105. D\u0117l reguliuojam\u0173 kojeli\u0173 spintel\u0117 puikiai prisitaiko prie bet kokio pavir\u0161iaus, u\u017etikrindama neprilygstam\u0105 stabilum\u0105 ir naudojimo komfort\u0105.<\/p>","protected":false},"excerpt":{"rendered":"<p>Plotis (cm): 45<br \/>\n\u016agis (cm): 87<br \/>\nGylis (cm): 52<\/p>","protected":false},"featured_media":158906,"comment_status":"open","ping_status":"open","template":"","meta":[],"product_brand":[],"product_cat":[9436,4106],"product_tag":[],"class_list":{"0":"post-158905","1":"product","2":"type-product","3":"status-publish","4":"has-post-thumbnail","6":"product_cat-kitchen-system-sorento","7":"product_cat-gala-meble","9":"first","10":"instock","11":"purchasable","12":"product-type-simple"},"_links":{"self":[{"href":"https:\/\/baldumarket.lt\/lt\/wp-json\/wp\/v2\/product\/158905","targetHints":{"allow":["GET"]}}],"collection":[{"href":"https:\/\/baldumarket.lt\/lt\/wp-json\/wp\/v2\/product"}],"about":[{"href":"https:\/\/baldumarket.lt\/lt\/wp-json\/wp\/v2\/types\/product"}],"replies":[{"embeddable":true,"href":"https:\/\/baldumarket.lt\/lt\/wp-json\/wp\/v2\/comments?post=158905"}],"wp:featuredmedia":[{"embeddable":true,"href":"https:\/\/baldumarket.lt\/lt\/wp-json\/wp\/v2\/media\/158906"}],"wp:attachment":[{"href":"https:\/\/baldumarket.lt\/lt\/wp-json\/wp\/v2\/media?parent=158905"}],"wp:term":[{"taxonomy":"product_brand","embeddable":true,"href":"https:\/\/baldumarket.lt\/lt\/wp-json\/wp\/v2\/product_brand?post=158905"},{"taxonomy":"product_cat","embeddable":true,"href":"https:\/\/baldumarket.lt\/lt\/wp-json\/wp\/v2\/product_cat?post=158905"},{"taxonomy":"product_tag","embeddable":true,"href":"https:\/\/baldumarket.lt\/lt\/wp-json\/wp\/v2\/product_tag?post=158905"}],"curies":[{"name":"wp","href":"https:\/\/api.w.org\/{rel}","templated":true}]}}