{"id":158900,"date":"2025-12-19T00:18:11","date_gmt":"2025-12-18T21:18:11","guid":{"rendered":"https:\/\/baldumarket.lt\/product\/szafka-kuchenna-dolna-2s-sorento-d45s2-ax-puccini-green\/"},"modified":"2026-02-18T11:13:12","modified_gmt":"2026-02-18T08:13:12","slug":"szafka-kuchenna-dolna-2s-sorento-d45s2-ax-puccini-green","status":"publish","type":"product","link":"https:\/\/baldumarket.lt\/lt\/product\/szafka-kuchenna-dolna-2s-sorento-d45s2-ax-puccini-green\/","title":{"rendered":"Apatin\u0117 virtuv\u0117s spintel\u0117 2S Sorento D45S2 AX Puccini Green"},"content":{"rendered":"<p>Atraskite elegancij\u0105 ir funkcionalum\u0105 viename su \u201eSorento D45S2 AX\u201c virtuv\u0117s spintele nuostabios \u201ePuccini Green\u201c spalvos. \u0160i spintel\u0117 yra ne tik baldas, bet ir tikras j\u016bs\u0173 virtuv\u0117s akcentas, suteikiantis modernaus dizaino ir rafinuotumo. Subtilus, ta\u010diau ry\u0161kus \u017ealias atspalvis puikiai dera su vientisomis spalvomis, sukurdamas gaivumo ir stiliaus atmosfer\u0105. \u201eSorento\u201c spintel\u0117s funkcionalumas d\u017eiugina ir supaprastina kasdien\u012f gyvenim\u0105. D\u0117l prakti\u0161k\u0173 stal\u010di\u0173 galite lengvai sutvarkyti savo virtuv\u0117s erdv\u0119 ir maksimaliai j\u0105 i\u0161naudoti. Viso i\u0161traukimo stal\u010diai suteikia patogi\u0105 prieig\u0105 prie laikom\u0173 daikt\u0173, o \u0161velnaus u\u017edarymo mechanizmas suteikia komforto. Visi j\u016bs\u0173 reikalingi daiktai visada bus po ranka, o tai \u012fvertinsite gamindami maist\u0105. Tvirta konstrukcija, pagaminta i\u0161 laminuotos plok\u0161t\u0117s, garantuoja patvarum\u0105 ir atsparum\u0105 kasdieniam naudojimui bei mechaniniams pa\u017eeidimams. Juoda metalin\u0117 rankena pabr\u0117\u017eia spintel\u0117s elegancij\u0105 ir modern\u0173 charakter\u012f, o ergonomi\u0161ka forma u\u017etikrina patog\u0173 naudojim\u0105. Reguliuojamos 15 cm auk\u0161\u010dio kojel\u0117s leid\u017eia lengvai pritaikyti bald\u0105 prie virtuv\u0117s pavir\u0161iaus, u\u017etikrinant jo stabilum\u0105 ir puik\u0173 i\u0161lygiavim\u0105.<\/p>","protected":false},"excerpt":{"rendered":"<p>Plotis (cm): 45<br \/>\n\u016agis (cm): 87<br \/>\nGylis (cm): 52<\/p>","protected":false},"featured_media":158901,"comment_status":"open","ping_status":"open","template":"","meta":[],"product_brand":[],"product_cat":[9436,4106],"product_tag":[],"class_list":{"0":"post-158900","1":"product","2":"type-product","3":"status-publish","4":"has-post-thumbnail","6":"product_cat-kitchen-system-sorento","7":"product_cat-gala-meble","9":"first","10":"instock","11":"purchasable","12":"product-type-simple"},"_links":{"self":[{"href":"https:\/\/baldumarket.lt\/lt\/wp-json\/wp\/v2\/product\/158900","targetHints":{"allow":["GET"]}}],"collection":[{"href":"https:\/\/baldumarket.lt\/lt\/wp-json\/wp\/v2\/product"}],"about":[{"href":"https:\/\/baldumarket.lt\/lt\/wp-json\/wp\/v2\/types\/product"}],"replies":[{"embeddable":true,"href":"https:\/\/baldumarket.lt\/lt\/wp-json\/wp\/v2\/comments?post=158900"}],"wp:featuredmedia":[{"embeddable":true,"href":"https:\/\/baldumarket.lt\/lt\/wp-json\/wp\/v2\/media\/158901"}],"wp:attachment":[{"href":"https:\/\/baldumarket.lt\/lt\/wp-json\/wp\/v2\/media?parent=158900"}],"wp:term":[{"taxonomy":"product_brand","embeddable":true,"href":"https:\/\/baldumarket.lt\/lt\/wp-json\/wp\/v2\/product_brand?post=158900"},{"taxonomy":"product_cat","embeddable":true,"href":"https:\/\/baldumarket.lt\/lt\/wp-json\/wp\/v2\/product_cat?post=158900"},{"taxonomy":"product_tag","embeddable":true,"href":"https:\/\/baldumarket.lt\/lt\/wp-json\/wp\/v2\/product_tag?post=158900"}],"curies":[{"name":"wp","href":"https:\/\/api.w.org\/{rel}","templated":true}]}}