{"id":158895,"date":"2025-12-19T00:18:01","date_gmt":"2025-12-18T21:18:01","guid":{"rendered":"https:\/\/baldumarket.lt\/product\/szafka-kuchenna-dolna-2s-sorento-d60in-ax-baltic-storm\/"},"modified":"2026-02-18T11:13:12","modified_gmt":"2026-02-18T08:13:12","slug":"szafka-kuchenna-dolna-2s-sorento-d60in-ax-baltic-storm","status":"publish","type":"product","link":"https:\/\/baldumarket.lt\/lt\/product\/szafka-kuchenna-dolna-2s-sorento-d60in-ax-baltic-storm\/","title":{"rendered":"Apatin\u0117 virtuv\u0117s spintel\u0117 2S Sorento D60IN AX Baltic Storm"},"content":{"rendered":"<p>Atraskite \u201eBaltic Storm\u201c apatin\u0117s virtuv\u0117s spintel\u0117s \u201e2S Sorento D60IN\u201c elegancij\u0105 ir funkcionalum\u0105! \u0160i unikali spintel\u0117, sukurta garsaus \u201eGa\u0142a Meble\u201c prek\u0117s \u017eenklo, yra puikus sprendimas moderniai virtuvei. D\u0117l eleganti\u0161ko ir minimalistinio dizaino ji skland\u017eiai \u012fsilies \u012f \u012fvairius interjerus, suteikdama interjerui unikal\u0173 charakter\u012f. Sodri, tamsi spalva traukia ak\u012f ir tuo pa\u010diu sukuria jauki\u0105 atmosfer\u0105. \u201e2S Sorento\u201c spintel\u0117s funkcionalumas yra neprilygstamas. Sukurta indukcin\u0117ms virykl\u0117ms, ji turi du prakti\u0161kus stal\u010dius, puikiai tinkan\u010dius kasdieniam naudojimui. D\u0117l pilno i\u0161traukimo galite lengvai pasiekti visus laikomus priedus, o tai \u017eymiai supaprastina virtuv\u0117s organizavim\u0105. Nesvarbu, ar laikote puodus, keptuves, ar kitus priedus, stal\u010diai gali atlaikyti iki 40 kg apkrov\u0105, tod\u0117l jie yra itin tvirti ir funkcional\u016bs. 15 cm auk\u0161\u010dio spintel\u0117s kojel\u0117s suteikia stabilumo ir yra reguliuojamos, tod\u0117l puikiai priglunda prie j\u016bs\u0173 virtuv\u0117s grind\u0173. Tai ne tik suteikia spintelei puiki\u0105 i\u0161vaizd\u0105, bet ir u\u017etikrina patog\u0173 naudojim\u0105, nes pa\u0161alina nelygias grindis. Be to, juodos metalin\u0117s rankenos suteikia modernumo, dera su kitais dizaino elementais.<\/p>","protected":false},"excerpt":{"rendered":"<p>Plotis (cm): 60<br \/>\n\u016agis (cm): 87<br \/>\nGylis (cm): 52<\/p>","protected":false},"featured_media":158896,"comment_status":"open","ping_status":"open","template":"","meta":[],"product_brand":[],"product_cat":[9436,4106],"product_tag":[],"class_list":{"0":"post-158895","1":"product","2":"type-product","3":"status-publish","4":"has-post-thumbnail","6":"product_cat-kitchen-system-sorento","7":"product_cat-gala-meble","9":"first","10":"instock","11":"purchasable","12":"product-type-simple"},"_links":{"self":[{"href":"https:\/\/baldumarket.lt\/lt\/wp-json\/wp\/v2\/product\/158895","targetHints":{"allow":["GET"]}}],"collection":[{"href":"https:\/\/baldumarket.lt\/lt\/wp-json\/wp\/v2\/product"}],"about":[{"href":"https:\/\/baldumarket.lt\/lt\/wp-json\/wp\/v2\/types\/product"}],"replies":[{"embeddable":true,"href":"https:\/\/baldumarket.lt\/lt\/wp-json\/wp\/v2\/comments?post=158895"}],"wp:featuredmedia":[{"embeddable":true,"href":"https:\/\/baldumarket.lt\/lt\/wp-json\/wp\/v2\/media\/158896"}],"wp:attachment":[{"href":"https:\/\/baldumarket.lt\/lt\/wp-json\/wp\/v2\/media?parent=158895"}],"wp:term":[{"taxonomy":"product_brand","embeddable":true,"href":"https:\/\/baldumarket.lt\/lt\/wp-json\/wp\/v2\/product_brand?post=158895"},{"taxonomy":"product_cat","embeddable":true,"href":"https:\/\/baldumarket.lt\/lt\/wp-json\/wp\/v2\/product_cat?post=158895"},{"taxonomy":"product_tag","embeddable":true,"href":"https:\/\/baldumarket.lt\/lt\/wp-json\/wp\/v2\/product_tag?post=158895"}],"curies":[{"name":"wp","href":"https:\/\/api.w.org\/{rel}","templated":true}]}}