{"id":158890,"date":"2025-12-19T00:17:51","date_gmt":"2025-12-18T21:17:51","guid":{"rendered":"https:\/\/baldumarket.lt\/product\/szafka-kuchenna-dolna-2s-sorento-d60in-ax-baltic-storm-bezowy-mat\/"},"modified":"2026-02-18T11:12:55","modified_gmt":"2026-02-18T08:12:55","slug":"szafka-kuchenna-dolna-2s-sorento-d60in-ax-baltic-storm-bezowy-mat","status":"publish","type":"product","link":"https:\/\/baldumarket.lt\/lt\/product\/szafka-kuchenna-dolna-2s-sorento-d60in-ax-baltic-storm-bezowy-mat\/","title":{"rendered":"Apatin\u0117 virtuv\u0117s spintel\u0117 2S Sorento D60IN AX Baltic Storm Beige Matte"},"content":{"rendered":"<p>Atraskite \u2019Sorento D60IN AX Baltic Storm 2S\u201c apatin\u0117s virtuv\u0117s spintel\u0117s, matin\u0117s sm\u0117lio spalvos, elegancij\u0105 ir funkcionalum\u0105. \u0160i unikali spintel\u0117, sukurta atsi\u017evelgiant \u012f modernias erdves, j\u016bs\u0173 virtuvei suteiks ne tik estetikos, bet ir i\u0161skirtinio prakti\u0161kumo. Sm\u0117lio spalvos fasad\u0173 ir dinami\u0161kos \u201eBaltic Storm\u201c korpuso spalvos derinys sukuria harmoning\u0105 kompozicij\u0105, kuri traukia ak\u012f ir suteikia charakterio bet kokiam interjerui. Suteikite savo virtuvei stiliaus su matiniais laminuotos plok\u0161t\u0117s fasadais, kurie yra ne tik patvar\u016bs, bet ir lengvai valomi. Subtilios juodos metalin\u0117s ranken\u0117l\u0117s pabr\u0117\u017eia modern\u0173 dizain\u0105 ir kartu suteikia patogumo kasdieniam naudojimui. D\u0117l reguliuojam\u0173 kojeli\u0173, leid\u017eian\u010di\u0173 reguliuoti auk\u0161t\u012f, \u0161i spintel\u0117 puikiai prisitaikys prie j\u016bs\u0173 individuali\u0173 poreiki\u0173, u\u017etikrindama stabilum\u0105 ir patvarum\u0105 ilgus metus. \u201eSorento\u201c virtuv\u0117s spintel\u0117 taip pat i\u0161siskiria prakti\u0161kais sprendimais, kurie kasdien\u012f maisto ruo\u0161im\u0105 paver\u010dia malonesniu. Du i\u0161oriniai stal\u010diai puikiai tinka vis\u0173 r\u016b\u0161i\u0173 virtuv\u0117s priedams laikyti, o pilno i\u0161traukimo b\u0117geliai garantuoja lengv\u0105 prieig\u0105 prie visko, ko jums reikia. \u0160velnus stal\u010di\u0173 u\u017edarymas u\u017etikrina patogum\u0105 ir malonum\u0105 juos atidaryti kiekvien\u0105 kart\u0105.<\/p>","protected":false},"excerpt":{"rendered":"<p>Plotis (cm): 60<br \/>\n\u016agis (cm): 87<br \/>\nGylis (cm): 52<\/p>","protected":false},"featured_media":158891,"comment_status":"open","ping_status":"open","template":"","meta":[],"product_brand":[],"product_cat":[9436,4106],"product_tag":[],"class_list":{"0":"post-158890","1":"product","2":"type-product","3":"status-publish","4":"has-post-thumbnail","6":"product_cat-kitchen-system-sorento","7":"product_cat-gala-meble","9":"first","10":"instock","11":"purchasable","12":"product-type-simple"},"_links":{"self":[{"href":"https:\/\/baldumarket.lt\/lt\/wp-json\/wp\/v2\/product\/158890","targetHints":{"allow":["GET"]}}],"collection":[{"href":"https:\/\/baldumarket.lt\/lt\/wp-json\/wp\/v2\/product"}],"about":[{"href":"https:\/\/baldumarket.lt\/lt\/wp-json\/wp\/v2\/types\/product"}],"replies":[{"embeddable":true,"href":"https:\/\/baldumarket.lt\/lt\/wp-json\/wp\/v2\/comments?post=158890"}],"wp:featuredmedia":[{"embeddable":true,"href":"https:\/\/baldumarket.lt\/lt\/wp-json\/wp\/v2\/media\/158891"}],"wp:attachment":[{"href":"https:\/\/baldumarket.lt\/lt\/wp-json\/wp\/v2\/media?parent=158890"}],"wp:term":[{"taxonomy":"product_brand","embeddable":true,"href":"https:\/\/baldumarket.lt\/lt\/wp-json\/wp\/v2\/product_brand?post=158890"},{"taxonomy":"product_cat","embeddable":true,"href":"https:\/\/baldumarket.lt\/lt\/wp-json\/wp\/v2\/product_cat?post=158890"},{"taxonomy":"product_tag","embeddable":true,"href":"https:\/\/baldumarket.lt\/lt\/wp-json\/wp\/v2\/product_tag?post=158890"}],"curies":[{"name":"wp","href":"https:\/\/api.w.org\/{rel}","templated":true}]}}