{"id":158885,"date":"2025-12-19T00:17:41","date_gmt":"2025-12-18T21:17:41","guid":{"rendered":"https:\/\/baldumarket.lt\/product\/szafka-kuchenna-dolna-2s-sorento-d60in-ax-baltic-storm-green\/"},"modified":"2026-02-18T11:12:55","modified_gmt":"2026-02-18T08:12:55","slug":"szafka-kuchenna-dolna-2s-sorento-d60in-ax-baltic-storm-green","status":"publish","type":"product","link":"https:\/\/baldumarket.lt\/lt\/product\/szafka-kuchenna-dolna-2s-sorento-d60in-ax-baltic-storm-green\/","title":{"rendered":"Apatin\u0117 virtuv\u0117s spintel\u0117 2S Sorento D60IN AX Baltic Storm Green"},"content":{"rendered":"<p>Atraskite nauj\u0105 kokyb\u0117s lyg\u012f savo virtuv\u0117je su garsaus \u201eGa\u0142a Meble\u201c prek\u0117s \u017eenklo sukurta \u201eSorento D60IN AX\u201c apatine spintele \u201eBaltic Storm Green\u201c spalvos. Tai klasikin\u0117s elegancijos ir modernaus stiliaus derinys, kuris lengvai suteiks jaukumo bet kuriai virtuvei. Spintel\u0117s matin\u0117s \u017ealios spalvos fasadas suteikia j\u016bs\u0173 virtuv\u0117s erdvei gaivumo ir harmonijos, puikiai papildydamas \u201eBaltic Storm\u201c korpus\u0105 ir sukurdamas eleganti\u0161k\u0105 bei darn\u0173 ansambl\u012f. Sukurta atsi\u017evelgiant \u012f kasdien\u012f naudojim\u0105, \u0161i spintel\u0117 yra ne\u012fkainojama funkcionalumo. Du erdv\u016bs stal\u010diai leid\u017eia efektyviai laikyti visus b\u016btiniausius virtuv\u0117s reikmenis, o j\u0173 \u0161velnaus u\u017edarymo mechanizmas u\u017etikrina kasdien\u012f komfort\u0105. Viso i\u0161traukimo stal\u010diai u\u017etikrina, kad viskas visada b\u016bt\u0173 ranka pasiekiama. \u201eSorento\u201c spintel\u0117 taip pat puikus pasirinkimas m\u0117gstantiems modernius sprendimus. Eleganti\u0161kos juodos metalin\u0117s rankenos pabr\u0117\u017eia minimalistin\u012f dizain\u0105, suteikia lengvumo ir modernumo poj\u016bt\u012f. Reguliuojamos kojel\u0117s leid\u017eia lengvai reguliuoti auk\u0161t\u012f, supaprastina surinkim\u0105 ir u\u017etikrina stabilum\u0105 ant bet kokio pavir\u0161iaus.<\/p>","protected":false},"excerpt":{"rendered":"<p>Plotis (cm): 60<br \/>\n\u016agis (cm): 87<br \/>\nGylis (cm): 52<\/p>","protected":false},"featured_media":158886,"comment_status":"open","ping_status":"open","template":"","meta":[],"product_brand":[],"product_cat":[9436,4106],"product_tag":[],"class_list":{"0":"post-158885","1":"product","2":"type-product","3":"status-publish","4":"has-post-thumbnail","6":"product_cat-kitchen-system-sorento","7":"product_cat-gala-meble","9":"first","10":"instock","11":"purchasable","12":"product-type-simple"},"_links":{"self":[{"href":"https:\/\/baldumarket.lt\/lt\/wp-json\/wp\/v2\/product\/158885","targetHints":{"allow":["GET"]}}],"collection":[{"href":"https:\/\/baldumarket.lt\/lt\/wp-json\/wp\/v2\/product"}],"about":[{"href":"https:\/\/baldumarket.lt\/lt\/wp-json\/wp\/v2\/types\/product"}],"replies":[{"embeddable":true,"href":"https:\/\/baldumarket.lt\/lt\/wp-json\/wp\/v2\/comments?post=158885"}],"wp:featuredmedia":[{"embeddable":true,"href":"https:\/\/baldumarket.lt\/lt\/wp-json\/wp\/v2\/media\/158886"}],"wp:attachment":[{"href":"https:\/\/baldumarket.lt\/lt\/wp-json\/wp\/v2\/media?parent=158885"}],"wp:term":[{"taxonomy":"product_brand","embeddable":true,"href":"https:\/\/baldumarket.lt\/lt\/wp-json\/wp\/v2\/product_brand?post=158885"},{"taxonomy":"product_cat","embeddable":true,"href":"https:\/\/baldumarket.lt\/lt\/wp-json\/wp\/v2\/product_cat?post=158885"},{"taxonomy":"product_tag","embeddable":true,"href":"https:\/\/baldumarket.lt\/lt\/wp-json\/wp\/v2\/product_tag?post=158885"}],"curies":[{"name":"wp","href":"https:\/\/api.w.org\/{rel}","templated":true}]}}