{"id":158879,"date":"2025-12-19T00:17:28","date_gmt":"2025-12-18T21:17:28","guid":{"rendered":"https:\/\/baldumarket.lt\/product\/szafka-kuchenna-dolna-2s-sorento-d60in-ax-bialy-mat\/"},"modified":"2026-02-18T11:12:55","modified_gmt":"2026-02-18T08:12:55","slug":"szafka-kuchenna-dolna-2s-sorento-d60in-ax-bialy-mat","status":"publish","type":"product","link":"https:\/\/baldumarket.lt\/lt\/product\/szafka-kuchenna-dolna-2s-sorento-d60in-ax-bialy-mat\/","title":{"rendered":"Apatin\u0117 virtuv\u0117s spintel\u0117 2S Sorento D60IN AX matin\u0117s baltos spalvos"},"content":{"rendered":"<p>Atraskite eleganti\u0161k\u0105 paprastum\u0105 su \u201eSorento D60IN AX\u201c virtuv\u0117s spintele su matine balta apdaila, kuri taps nepakei\u010diamu j\u016bs\u0173 interjero elementu. Minimalistinis dizainas ir subtili matin\u0117 spalva suteiks j\u016bs\u0173 virtuvei gaivumo ir \u0161varos. D\u0117l savo estetikos \u0161i spintel\u0117 harmoningai \u012fsilies \u012f modern\u0173 interjer\u0105, suteikdama stiliaus ir elegancijos. \u201eSorento\u201c spintel\u0117s prakti\u0161kumas dera su estetika, nes du prakti\u0161ki, lengvai pasiekiami stal\u010diai suteikia vietos daiktams susid\u0117ti. \u0160is sprendimas skatina erdv\u0117s organizavim\u0105, leisdamas efektyviai susisteminti svarbiausius virtuv\u0117s reikmenis. Pilno i\u0161traukimo stal\u010diai leid\u017eia laisvai i\u0161naudoti vis\u0105 j\u0173 erdv\u0119, pakeldami naudotojo komfort\u0105 \u012f auk\u0161tesn\u012f lyg\u012f. Tokios detal\u0117s kaip auksin\u0117s metalin\u0117s rankenos pabr\u0117\u017eia unikal\u0173 baldo charakter\u012f, derindamos klasikin\u012f akcent\u0105 su moderniu dizainu. D\u0117l auk\u0161t\u0173, reguliuojam\u0173 kojeli\u0173 spintel\u0117 puikiai der\u0117s prie j\u016bs\u0173 interjero, u\u017etikrins stabilum\u0105 ir leis jums reguliuoti jos auk\u0161t\u012f iki optimalaus. Surinkimas yra itin paprastas, tod\u0117l galite j\u0105 pastatyti patys, nereikalaujant papildomos profesionalios pagalbos.<\/p>","protected":false},"excerpt":{"rendered":"<p>Plotis (cm): 60<br \/>\n\u016agis (cm): 87<br \/>\nGylis (cm): 52<\/p>","protected":false},"featured_media":158880,"comment_status":"open","ping_status":"open","template":"","meta":[],"product_brand":[],"product_cat":[9436,4106],"product_tag":[],"class_list":{"0":"post-158879","1":"product","2":"type-product","3":"status-publish","4":"has-post-thumbnail","6":"product_cat-kitchen-system-sorento","7":"product_cat-gala-meble","9":"first","10":"instock","11":"purchasable","12":"product-type-simple"},"_links":{"self":[{"href":"https:\/\/baldumarket.lt\/lt\/wp-json\/wp\/v2\/product\/158879","targetHints":{"allow":["GET"]}}],"collection":[{"href":"https:\/\/baldumarket.lt\/lt\/wp-json\/wp\/v2\/product"}],"about":[{"href":"https:\/\/baldumarket.lt\/lt\/wp-json\/wp\/v2\/types\/product"}],"replies":[{"embeddable":true,"href":"https:\/\/baldumarket.lt\/lt\/wp-json\/wp\/v2\/comments?post=158879"}],"wp:featuredmedia":[{"embeddable":true,"href":"https:\/\/baldumarket.lt\/lt\/wp-json\/wp\/v2\/media\/158880"}],"wp:attachment":[{"href":"https:\/\/baldumarket.lt\/lt\/wp-json\/wp\/v2\/media?parent=158879"}],"wp:term":[{"taxonomy":"product_brand","embeddable":true,"href":"https:\/\/baldumarket.lt\/lt\/wp-json\/wp\/v2\/product_brand?post=158879"},{"taxonomy":"product_cat","embeddable":true,"href":"https:\/\/baldumarket.lt\/lt\/wp-json\/wp\/v2\/product_cat?post=158879"},{"taxonomy":"product_tag","embeddable":true,"href":"https:\/\/baldumarket.lt\/lt\/wp-json\/wp\/v2\/product_tag?post=158879"}],"curies":[{"name":"wp","href":"https:\/\/api.w.org\/{rel}","templated":true}]}}