{"id":158874,"date":"2025-12-19T00:17:18","date_gmt":"2025-12-18T21:17:18","guid":{"rendered":"https:\/\/baldumarket.lt\/product\/szafka-kuchenna-dolna-2s-sorento-d60in-ax-bialy-mat-bezowy-mat\/"},"modified":"2026-02-18T11:12:55","modified_gmt":"2026-02-18T08:12:55","slug":"szafka-kuchenna-dolna-2s-sorento-d60in-ax-bialy-mat-bezowy-mat","status":"publish","type":"product","link":"https:\/\/baldumarket.lt\/lt\/product\/szafka-kuchenna-dolna-2s-sorento-d60in-ax-bialy-mat-bezowy-mat\/","title":{"rendered":"Apatin\u0117 virtuv\u0117s spintel\u0117 2S Sorento D60IN AX matin\u0117s baltos matin\u0117s sm\u0117lio spalvos"},"content":{"rendered":"<p>Pasinerkite \u012f elegancijos pasaul\u012f su m\u016bs\u0173 sm\u0117lio ir matin\u0117s baltos spalv\u0173 2S Sorento D60IN AX virtuv\u0117s spintele. \u0160is unikalus virtuv\u0117s baldas derina klasikin\u0119 elegancij\u0105 su moderniu dizainu, tod\u0117l puikiai tinka bet kuriai virtuvei. Subtilios spalvos puikiai pabr\u0117\u017eia rafinuot\u0105 interjero charakter\u012f, sukurdamos jauki\u0105 ir eleganti\u0161k\u0105 atmosfer\u0105. Leiskite savo virtuvei d\u017eiuginti funkcionalumu ir stiliumi su \u0161ia spintele, kuri si\u016blo ne tik estetin\u012f patrauklum\u0105, bet ir prakti\u0161kus sprendimus. Du i\u0161oriniai stal\u010diai leid\u017eia efektyviai i\u0161naudoti erdv\u0119, suteikdami lengv\u0105 prieig\u0105 prie laikom\u0173 daikt\u0173. \u0160velnus u\u017edarymas ir tylus veikimas garantuoja kasdienio naudojimo komfort\u0105. \u0160i spintel\u0117, sukurta atsi\u017evelgiant \u012f ilgaam\u017ei\u0161kum\u0105, pagaminta i\u0161 auk\u0161tos kokyb\u0117s, atsparios pa\u017eeidimams laminuotos plok\u0161t\u0117s. Juodos metalin\u0117s rankenos ne tik suteikia elegancijos, bet ir u\u017etikrina tvirtum\u0105 bei patogum\u0105 naudojimo metu. Be to, 15 cm reguliuojamos kojel\u0117s leid\u017eia pritaikyti spintel\u0119 pagal individualius poreikius.<\/p>","protected":false},"excerpt":{"rendered":"<p>Plotis (cm): 60<br \/>\n\u016agis (cm): 87<br \/>\nGylis (cm): 52<\/p>","protected":false},"featured_media":158875,"comment_status":"open","ping_status":"open","template":"","meta":[],"product_brand":[],"product_cat":[9436,4106],"product_tag":[],"class_list":{"0":"post-158874","1":"product","2":"type-product","3":"status-publish","4":"has-post-thumbnail","6":"product_cat-kitchen-system-sorento","7":"product_cat-gala-meble","9":"first","10":"instock","11":"purchasable","12":"product-type-simple"},"_links":{"self":[{"href":"https:\/\/baldumarket.lt\/lt\/wp-json\/wp\/v2\/product\/158874","targetHints":{"allow":["GET"]}}],"collection":[{"href":"https:\/\/baldumarket.lt\/lt\/wp-json\/wp\/v2\/product"}],"about":[{"href":"https:\/\/baldumarket.lt\/lt\/wp-json\/wp\/v2\/types\/product"}],"replies":[{"embeddable":true,"href":"https:\/\/baldumarket.lt\/lt\/wp-json\/wp\/v2\/comments?post=158874"}],"wp:featuredmedia":[{"embeddable":true,"href":"https:\/\/baldumarket.lt\/lt\/wp-json\/wp\/v2\/media\/158875"}],"wp:attachment":[{"href":"https:\/\/baldumarket.lt\/lt\/wp-json\/wp\/v2\/media?parent=158874"}],"wp:term":[{"taxonomy":"product_brand","embeddable":true,"href":"https:\/\/baldumarket.lt\/lt\/wp-json\/wp\/v2\/product_brand?post=158874"},{"taxonomy":"product_cat","embeddable":true,"href":"https:\/\/baldumarket.lt\/lt\/wp-json\/wp\/v2\/product_cat?post=158874"},{"taxonomy":"product_tag","embeddable":true,"href":"https:\/\/baldumarket.lt\/lt\/wp-json\/wp\/v2\/product_tag?post=158874"}],"curies":[{"name":"wp","href":"https:\/\/api.w.org\/{rel}","templated":true}]}}