{"id":158869,"date":"2025-12-19T00:17:08","date_gmt":"2025-12-18T21:17:08","guid":{"rendered":"https:\/\/baldumarket.lt\/product\/szafka-kuchenna-dolna-2s-sorento-d60in-ax-bialy-mat-puccini\/"},"modified":"2026-02-18T11:12:55","modified_gmt":"2026-02-18T08:12:55","slug":"szafka-kuchenna-dolna-2s-sorento-d60in-ax-bialy-mat-puccini","status":"publish","type":"product","link":"https:\/\/baldumarket.lt\/lt\/product\/szafka-kuchenna-dolna-2s-sorento-d60in-ax-bialy-mat-puccini\/","title":{"rendered":"Apatin\u0117 virtuv\u0117s spintel\u0117 2S Sorento D60IN AX matin\u0117s baltos spalvos Puccini"},"content":{"rendered":"<p>Atraskite i\u0161skirtin\u012f dizain\u0105 ir funkcionalum\u0105 su garsaus \u201eGa\u0142a Meble\u201c prek\u0117s \u017eenklo \u201eLower 2S Sorento D60IN AX\u201c virtuv\u0117s spintele \u201ePuccini Matte White\u201c spalvos. \u0160i spintel\u0117 \u2013 tai tobulas modernios elegancijos ir prakti\u0161k\u0173 sprendim\u0173 j\u016bs\u0173 virtuvei derinys. Matin\u0117s baltos spalvos korpusas kartu su \u201ePuccini\u201c fasadais sukuria unikali\u0105 atmosfer\u0105, kurioje harmoningai dera stilius ir modernumas. \u201eSorento\u201c spintel\u0117 i\u0161siskiria eleganti\u0161ka apdaila ir auk\u0161ta estetika. Laminuota priekin\u0117 dalis ir korpusas yra atspar\u016bs pa\u017eeidimams, garantuodami ilgalaik\u012f patvarum\u0105. Juodos metalin\u0117s rankenos suteikia spintelei charakterio, pabr\u0117\u017eia j\u016bs\u0173 virtuv\u0117s modernum\u0105 ir stili\u0173. Subtilus spalv\u0173 derinys papildys tiek minimalistini\u0173, tiek klasikini\u0173 erdvi\u0173 dizain\u0105. Funkcionalumas yra pagrindinis \u0161ios virtuv\u0117s spintel\u0117s bruo\u017eas. Du prakti\u0161ki, visi\u0161kai i\u0161traukiami stal\u010diai suteikia lengv\u0105 prieig\u0105 prie laikom\u0173 daikt\u0173. Kiekvienas stal\u010dius yra sukurtas taip, kad maksimaliai padidint\u0173 erdv\u0119, tod\u0117l tai idealus sprendimas virtuv\u0117s priedams ir produktams laikyti. \u0160velnus stal\u010di\u0173 u\u017edarymas prisideda prie tylaus ir patogaus veikimo, pa\u0161alinant nemalonius girg\u017ed\u0117jimo garsus.<\/p>","protected":false},"excerpt":{"rendered":"<p>Plotis (cm): 60<br \/>\n\u016agis (cm): 87<br \/>\nGylis (cm): 52<\/p>","protected":false},"featured_media":158870,"comment_status":"open","ping_status":"open","template":"","meta":[],"product_brand":[],"product_cat":[9436,4106],"product_tag":[],"class_list":{"0":"post-158869","1":"product","2":"type-product","3":"status-publish","4":"has-post-thumbnail","6":"product_cat-kitchen-system-sorento","7":"product_cat-gala-meble","9":"first","10":"instock","11":"purchasable","12":"product-type-simple"},"_links":{"self":[{"href":"https:\/\/baldumarket.lt\/lt\/wp-json\/wp\/v2\/product\/158869","targetHints":{"allow":["GET"]}}],"collection":[{"href":"https:\/\/baldumarket.lt\/lt\/wp-json\/wp\/v2\/product"}],"about":[{"href":"https:\/\/baldumarket.lt\/lt\/wp-json\/wp\/v2\/types\/product"}],"replies":[{"embeddable":true,"href":"https:\/\/baldumarket.lt\/lt\/wp-json\/wp\/v2\/comments?post=158869"}],"wp:featuredmedia":[{"embeddable":true,"href":"https:\/\/baldumarket.lt\/lt\/wp-json\/wp\/v2\/media\/158870"}],"wp:attachment":[{"href":"https:\/\/baldumarket.lt\/lt\/wp-json\/wp\/v2\/media?parent=158869"}],"wp:term":[{"taxonomy":"product_brand","embeddable":true,"href":"https:\/\/baldumarket.lt\/lt\/wp-json\/wp\/v2\/product_brand?post=158869"},{"taxonomy":"product_cat","embeddable":true,"href":"https:\/\/baldumarket.lt\/lt\/wp-json\/wp\/v2\/product_cat?post=158869"},{"taxonomy":"product_tag","embeddable":true,"href":"https:\/\/baldumarket.lt\/lt\/wp-json\/wp\/v2\/product_tag?post=158869"}],"curies":[{"name":"wp","href":"https:\/\/api.w.org\/{rel}","templated":true}]}}